{"id":2945,"date":"2023-10-30T11:18:07","date_gmt":"2023-10-30T11:18:07","guid":{"rendered":"http:\/\/newonebyc.mu\/?page_id=2945"},"modified":"2025-12-04T18:09:54","modified_gmt":"2025-12-04T18:09:54","slug":"offre-boncadeau-ipl-10","status":"publish","type":"page","link":"https:\/\/newonebyc.mu\/en\/offre-boncadeau-ipl-10\/","title":{"rendered":"Offre Bon Cadeau IPL 10K"},"content":{"rendered":"<div class=\"wpb-content-wrapper\"><div id=\"slider\" data-vc-full-width=\"true\" data-vc-full-width-init=\"false\" data-vc-stretch-content=\"true\" class=\"vc_row wpb_row vc_row-fluid noel vc_row-no-padding\"><div class=\"wpb_column vc_column_container vc_col-sm-12\"><div class=\"vc_column-inner\"><div class=\"wpb_wrapper\">\n\t<div class=\"wpb_text_column wpb_content_element\" id=\"video_wrap\">\n\t\t<div class=\"wpb_wrapper\">\n\t\t\t<div class=\"video-text\">\n<div class=\"text-top-wrap\">\n<p><img loading=\"lazy\" decoding=\"async\" width=\"1120\" height=\"656\" class=\"alignnone size-full wp-image-3030\" src=\"http:\/\/newonebyc.mu\/wp-content\/uploads\/2024\/03\/EN-IPL.png\" alt=\"\" srcset=\"https:\/\/newonebyc.mu\/wp-content\/uploads\/2024\/03\/EN-IPL.png 939w, https:\/\/newonebyc.mu\/wp-content\/uploads\/2024\/03\/EN-IPL-250x171.png 250w, https:\/\/newonebyc.mu\/wp-content\/uploads\/2024\/03\/EN-IPL-700x479.png 700w, https:\/\/newonebyc.mu\/wp-content\/uploads\/2024\/03\/EN-IPL-768x525.png 768w, https:\/\/newonebyc.mu\/wp-content\/uploads\/2024\/03\/EN-IPL-18x12.png 18w, https:\/\/newonebyc.mu\/wp-content\/uploads\/2024\/03\/EN-IPL-120x82.png 120w, https:\/\/newonebyc.mu\/wp-content\/uploads\/2024\/03\/EN-IPL-300x205.png 300w, https:\/\/newonebyc.mu\/wp-content\/uploads\/2024\/03\/EN-IPL-600x410.png 600w\" sizes=\"auto, (max-width: 1120px) 100vw, 1120px\" \/><\/p>\n<p style=\"text-align: center;\"><a class=\"profite\" href=\"#form\">I Take Advantage of the Offer<\/a><\/p>\n<\/div>\n<\/div>\n<div class=\"videoWrapper\"><video autoplay=\"autoplay\" loop=\"loop\" muted=\"\" width=\"300\" height=\"150\"><source src=\"\/wp-content\/uploads\/2024\/12\/noel_newonebyc-2.mp4\" type=\"video\/mp4\" \/><source src=\"\/wp-content\/uploads\/2024\/12\/noel_newonebyc-2.ogg\" type=\"video\/ogg\" \/>Your browser does not support the video tag.<\/video><\/div>\n\n\t\t<\/div>\n\t<\/div>\n<\/div><\/div><\/div><\/div><div class=\"vc_row-full-width vc_clearfix\"><\/div><div id=\"video-top\" class=\"vc_row wpb_row vc_row-fluid v2\"><div class=\"wpb_column vc_column_container vc_col-sm-12\"><div class=\"vc_column-inner\"><div class=\"wpb_wrapper\">\n\t<div class=\"wpb_text_column wpb_content_element\" >\n\t\t<div class=\"wpb_wrapper\">\n\t\t\t<h3 style=\"text-align: center;\">Discover all the essential areas you can treat with this gift card<\/h3>\n\n\t\t<\/div>\n\t<\/div>\n\n\t<div class=\"wpb_text_column wpb_content_element\" >\n\t\t<div class=\"wpb_wrapper\">\n\t\t\t<div class=\"post-carousel\">\n<div class=\"img-wrap\">\n<p><img decoding=\"async\" src=\"\/wp-content\/uploads\/2023\/07\/ipl_001.jpg\" alt=\"\" \/><\/p>\n<div class=\"service-title\">FACE<\/div>\n<\/div>\n<div class=\"img-wrap\">\n<p><img decoding=\"async\" src=\"\/wp-content\/uploads\/2023\/07\/ipl_002.jpg\" alt=\"\" \/><\/p>\n<div class=\"service-title\">ARM<\/div>\n<\/div>\n<div class=\"img-wrap\">\n<p><img decoding=\"async\" src=\"\/wp-content\/uploads\/2023\/07\/ipl_005.jpg\" alt=\"\" \/><\/p>\n<div class=\"service-title\">BIKINI<\/div>\n<\/div>\n<div class=\"img-wrap\">\n<p><img decoding=\"async\" src=\"\/wp-content\/uploads\/2023\/07\/ipl_006.jpg\" alt=\"\" \/><\/p>\n<div class=\"service-title\">LEGS<\/div>\n<\/div>\n<\/div>\n\n\t\t<\/div>\n\t<\/div>\n<\/div><\/div><\/div><\/div><div id=\"offre\" data-vc-full-width=\"true\" data-vc-full-width-init=\"false\" data-vc-stretch-content=\"true\" class=\"vc_row wpb_row vc_row-fluid vc_row-no-padding\"><div class=\"wpb_column vc_column_container vc_col-sm-12\"><div class=\"vc_column-inner\"><div class=\"wpb_wrapper\">\n\t<div class=\"wpb_text_column wpb_content_element\" >\n\t\t<div class=\"wpb_wrapper\">\n\t\t\t<div class=\"temps-travail\">\n<h1 style=\"text-align: center;\">Discover IPL (Intense Pulsed Light), the most popular permanent hair removal treatment in Europe and the USA, at an incredibly affordable price in Mauritius!<\/h1>\n<h1 style=\"text-align: center;\">In 6-10 sessions, depending on the skin, you will never have to worry about your hair again!<\/h1>\n<h3 style=\"text-align: center;\">Why choose Laser Hair Removal to remove your hair?<\/h3>\n<ul>\n<li>ZERO pain treatment<\/li>\n<li>Permanent hair reduction<\/li>\n<li>Time saving! Goodbye to shaving and waxing<\/li>\n<li>No more irritation, cuts and ingrown hairs from shaving<\/li>\n<li>Adaptability to different skin and hair types<\/li>\n<li>Treatment of large areas possible (shirt, face, armpits, legs, etc.)<\/li>\n<li>Quick session once a month<\/li>\n<\/ul>\n<\/div>\n\n\t\t<\/div>\n\t<\/div>\n<\/div><\/div><\/div><\/div><div class=\"vc_row-full-width vc_clearfix\"><\/div><div id=\"elegance\" data-vc-full-width=\"true\" data-vc-full-width-init=\"false\" class=\"vc_row wpb_row vc_row-fluid\"><div class=\"wpb_column vc_column_container vc_col-sm-12\"><div class=\"vc_column-inner\"><div class=\"wpb_wrapper\">\n\t<div class=\"wpb_text_column wpb_content_element\" id=\"offre-exceptionnel\">\n\t\t<div class=\"wpb_wrapper\">\n\t\t\t<p class=\"dix-jours\" style=\"text-align: center;\">Exceptional Christmas 2025 Offer<\/p>\n<div class=\"inscrire\">\n<h3 style=\"text-align: center;\">Register before December 31, 2025 to benefit from a Rs 5000 discount on the Gift Voucher<\/h3>\n<\/div>\n\n\t\t<\/div>\n\t<\/div>\n\n\t<div class=\"wpb_text_column wpb_content_element\" >\n\t\t<div class=\"wpb_wrapper\">\n\t\t\t<div class=\"carte-cadeau\"><a href=\"#form\"><img decoding=\"async\" src=\"\/wp-content\/uploads\/2025\/12\/card-12-04-2025.webp\" \/><\/a><\/div>\n\n\t\t<\/div>\n\t<\/div>\n\n\t<div class=\"wpb_text_column wpb_content_element\" >\n\t\t<div class=\"wpb_wrapper\">\n\t\t\t<div class=\"offre-price\" style=\"text-align: center; display: none;\">Rs10,000<span class=\"strike\">Instead of Rs15,000<\/span><\/div>\n\n\t\t<\/div>\n\t<\/div>\n\n\t<div class=\"wpb_text_column wpb_content_element\" >\n\t\t<div class=\"wpb_wrapper\">\n\t\t\t<h2 style=\"text-align: center;\">We offer all our patients a free medical check-up before starting any treatment with our team of professionals, specialized in aesthetic medicine.<\/h2>\n\n\t\t<\/div>\n\t<\/div>\n<\/div><\/div><\/div><\/div><div class=\"vc_row-full-width vc_clearfix\"><\/div><div id=\"form\" class=\"vc_row wpb_row vc_row-fluid\"><div class=\"wpb_column vc_column_container vc_col-sm-12\"><div class=\"vc_column-inner\"><div class=\"wpb_wrapper\">\n\t<div class=\"wpb_text_column wpb_content_element vc_custom_1764871049309\" >\n\t\t<div class=\"wpb_wrapper\">\n\t\t\t<div class=\"profile-name\">\n<p><img decoding=\"async\" class=\"alignnone size-full wp-image-3244\" src=\"\/wp-content\/uploads\/2025\/04\/team.webp\" alt=\"\" \/><\/p>\n<p>Dr Leena Kooblall Heeroo<\/p>\n<h4>Dr. Leena Kooblall Heeroo, a specialist in aesthetic medicine and cosmetic procedures, is delighted to provide personalized guidance and address all your questions during a complimentary consultation.<\/h4>\n<\/div>\n\n\t\t<\/div>\n\t<\/div>\n\n<div class=\"wpcf7 no-js\" id=\"wpcf7-f3485-o1\" lang=\"fr-FR\" dir=\"ltr\" data-wpcf7-id=\"3485\">\n<div class=\"screen-reader-response\"><p role=\"status\" aria-live=\"polite\" aria-atomic=\"true\"><\/p> <ul><\/ul><\/div>\n<form action=\"\/en\/wp-json\/wp\/v2\/pages\/2945#wpcf7-f3485-o1\" method=\"post\" class=\"wpcf7-form init\" aria-label=\"Formulaire de contact\" novalidate=\"novalidate\" data-status=\"init\" data-trp-original-action=\"\/en\/wp-json\/wp\/v2\/pages\/2945#wpcf7-f3485-o1\">\n<fieldset class=\"hidden-fields-container\"><input type=\"hidden\" name=\"_wpcf7\" value=\"3485\" \/><input type=\"hidden\" name=\"_wpcf7_version\" value=\"6.1.5\" \/><input type=\"hidden\" name=\"_wpcf7_locale\" value=\"fr_FR\" \/><input type=\"hidden\" name=\"_wpcf7_unit_tag\" value=\"wpcf7-f3485-o1\" \/><input type=\"hidden\" name=\"_wpcf7_container_post\" value=\"0\" \/><input type=\"hidden\" name=\"_wpcf7_posted_data_hash\" value=\"\" \/>\n<\/fieldset>\n<div class=\"form_heading\">\n\t<p>To reserve your gift card, please fill out the form below. Our team will contact you within 48 hours to finalize your request.\n\t<\/p>\n<\/div>\n<p><br \/>\n<span class=\"wpcf7-form-control-wrap\" data-name=\"your-name\"><input size=\"40\" maxlength=\"400\" class=\"wpcf7-form-control wpcf7-text wpcf7-validates-as-required\" aria-required=\"true\" aria-invalid=\"false\" placeholder=\"Name*\" value=\"\" type=\"text\" name=\"your-name\" \/><\/span>\n<\/p>\n<p><br \/>\n<span class=\"wpcf7-form-control-wrap\" data-name=\"your-surname\"><input size=\"40\" maxlength=\"400\" class=\"wpcf7-form-control wpcf7-text wpcf7-validates-as-required\" aria-required=\"true\" aria-invalid=\"false\" placeholder=\"First name*\" value=\"\" type=\"text\" name=\"your-surname\" \/><\/span>\n<\/p>\n<p><br \/>\n<span class=\"wpcf7-form-control-wrap\" data-name=\"your-address\"><input size=\"40\" maxlength=\"400\" class=\"wpcf7-form-control wpcf7-text wpcf7-validates-as-required\" aria-required=\"true\" aria-invalid=\"false\" placeholder=\"Address*\" value=\"\" type=\"text\" name=\"your-address\" \/><\/span>\n<\/p>\n<p><br \/>\n<span class=\"wpcf7-form-control-wrap\" data-name=\"your-city\"><input size=\"40\" maxlength=\"400\" class=\"wpcf7-form-control wpcf7-text wpcf7-validates-as-required\" aria-required=\"true\" aria-invalid=\"false\" placeholder=\"City*\" value=\"\" type=\"text\" name=\"your-city\" \/><\/span>\n<\/p>\n<p><br \/>\n<span class=\"wpcf7-form-control-wrap\" data-name=\"your-phone\"><input size=\"40\" maxlength=\"400\" class=\"wpcf7-form-control wpcf7-text wpcf7-validates-as-required\" aria-required=\"true\" aria-invalid=\"false\" placeholder=\"Phone number*\" value=\"\" type=\"text\" name=\"your-phone\" \/><\/span>\n<\/p>\n<p><br \/>\n<span class=\"wpcf7-form-control-wrap\" data-name=\"your-email\"><input size=\"40\" maxlength=\"400\" class=\"wpcf7-form-control wpcf7-email wpcf7-validates-as-required wpcf7-text wpcf7-validates-as-email\" aria-required=\"true\" aria-invalid=\"false\" placeholder=\"E-mail address*\" value=\"\" type=\"email\" name=\"your-email\" \/><\/span>\n<\/p>\n<p><br \/>\n<span class=\"wpcf7-form-control-wrap\" data-name=\"your-job\"><input size=\"40\" maxlength=\"400\" class=\"wpcf7-form-control wpcf7-text wpcf7-validates-as-required\" aria-required=\"true\" aria-invalid=\"false\" placeholder=\"Profession\/Occupation*\" value=\"\" type=\"text\" name=\"your-job\" \/><\/span>\n<\/p>\n<p><br \/>\n<span class=\"wpcf7-form-control-wrap\" data-name=\"text-522\"><input size=\"40\" maxlength=\"400\" class=\"wpcf7-form-control wpcf7-text\" aria-invalid=\"false\" placeholder=\"Nationality\" value=\"\" type=\"text\" name=\"text-522\" \/><\/span>\n<\/p>\n<p>I would like to give this gift to\n<\/p>\n<p><span class=\"wpcf7-form-control-wrap\" data-name=\"cadeau\"><input size=\"40\" maxlength=\"400\" class=\"wpcf7-form-control wpcf7-text\" aria-invalid=\"false\" value=\"\" type=\"text\" name=\"cadeau\" \/><\/span>\n<\/p>\n<p>In which office would you like to have your treatment?\n<\/p>\n<p><span class=\"wpcf7-form-control-wrap\" data-name=\"cabinet\"><select class=\"wpcf7-form-control wpcf7-select wpcf7-validates-as-required\" aria-required=\"true\" aria-invalid=\"false\" name=\"cabinet\"><option value=\"\">Please choose an option<\/option><option value=\"Forbach (Nord)\">Forbach (North)<\/option><option value=\"Tamarin (Ouest)\">Tamarin (West)<\/option><option value=\"\u00c9b\u00e8ne (Centre)\">Ebony (Center)<\/option><\/select><\/span>\n<\/p>\n<div class=\"sub-btn\">\n\t<p><input class=\"wpcf7-form-control wpcf7-submit has-spinner\" type=\"submit\" value=\"Send\" \/>\n\t<\/p>\n<\/div><div class=\"wpcf7-response-output\" aria-hidden=\"true\"><\/div>\n<input type=\"hidden\" name=\"trp-form-language\" value=\"en\"\/><\/form>\n<\/div>\n<\/div><\/div><\/div><\/div>\n<\/div>","protected":false},"excerpt":{"rendered":"Je Profite de l\u2019Offre Your browser does not support the video tag. D\u00e9couvrez toutes les zones essentielles que vous pouvez traiter avec cette carte cadeau VISAGE BRAS MAILLOT JAMBES D\u00e9couvrez l'IPL (Lumi\u00e8re Intense Puls\u00e9e), le traitement d'\u00e9pilation d\u00e9finitif le plus populaire en Europe et aux USA, \u00e0 un prix incroyablement abordable \u00e0 l'ile Maurice! En... <a class=\"view-article\" href=\"https:\/\/newonebyc.mu\/en\/offre-boncadeau-ipl-10\/\">View Article<\/a>","protected":false},"author":1,"featured_media":2567,"parent":0,"menu_order":0,"comment_status":"closed","ping_status":"closed","template":"landing.php","meta":{"footnotes":""},"class_list":["post-2945","page","type-page","status-publish","has-post-thumbnail","hentry"],"yoast_head":"<!-- This site is optimized with the Yoast SEO plugin v27.4 - https:\/\/yoast.com\/product\/yoast-seo-wordpress\/ -->\n<title>Offre Bon Cadeau IPL 10K - NewOneByC<\/title>\n<meta name=\"description\" content=\"L\u2019\u00e9pilation \u00e0 la lumi\u00e8re puls\u00e9e est selon les peaux, une \u00e9pilation tr\u00e8s longue dur\u00e9e et\/ou parfaitement d\u00e9finitive\" \/>\n<meta name=\"robots\" content=\"index, follow, max-snippet:-1, max-image-preview:large, max-video-preview:-1\" \/>\n<link rel=\"canonical\" href=\"https:\/\/newonebyc.mu\/en\/offre-boncadeau-ipl-10\/\" \/>\n<meta property=\"og:locale\" content=\"en_US\" \/>\n<meta property=\"og:type\" content=\"article\" \/>\n<meta property=\"og:title\" content=\"Offre Bon Cadeau IPL 10K - NewOneByC\" \/>\n<meta property=\"og:description\" content=\"L\u2019\u00e9pilation \u00e0 la lumi\u00e8re puls\u00e9e est selon les peaux, une \u00e9pilation tr\u00e8s longue dur\u00e9e et\/ou parfaitement d\u00e9finitive\" \/>\n<meta property=\"og:url\" content=\"https:\/\/newonebyc.mu\/en\/offre-boncadeau-ipl-10\/\" \/>\n<meta property=\"og:site_name\" content=\"NewOneByC\" \/>\n<meta property=\"article:modified_time\" content=\"2025-12-04T18:09:54+00:00\" \/>\n<meta property=\"og:image\" content=\"http:\/\/newonebyc.mu\/wp-content\/uploads\/2023\/05\/IPL-Lumiere-Intense-Pulsee-social.jpg\" \/>\n\t<meta property=\"og:image:width\" content=\"1200\" \/>\n\t<meta property=\"og:image:height\" content=\"797\" \/>\n\t<meta property=\"og:image:type\" content=\"image\/jpeg\" \/>\n<meta name=\"twitter:card\" content=\"summary_large_image\" \/>\n<meta name=\"twitter:title\" content=\"Offre Bon Cadeau IPL 10K - NewOneByC\" \/>\n<meta name=\"twitter:description\" content=\"L\u2019\u00e9pilation \u00e0 la lumi\u00e8re puls\u00e9e est selon les peaux, une \u00e9pilation tr\u00e8s longue dur\u00e9e et\/ou parfaitement d\u00e9finitive\" \/>\n<meta name=\"twitter:image\" content=\"https:\/\/newonebyc.mu\/wp-content\/uploads\/2023\/05\/IPL-Lumiere-Intense-Pulsee-social.jpg\" \/>\n<meta name=\"twitter:label1\" content=\"Est. reading time\" \/>\n\t<meta name=\"twitter:data1\" content=\"3 minutes\" \/>\n<script type=\"application\/ld+json\" class=\"yoast-schema-graph\">{\"@context\":\"https:\\\/\\\/schema.org\",\"@graph\":[{\"@type\":\"WebPage\",\"@id\":\"https:\\\/\\\/newonebyc.mu\\\/offre-boncadeau-ipl-10\\\/\",\"url\":\"https:\\\/\\\/newonebyc.mu\\\/offre-boncadeau-ipl-10\\\/\",\"name\":\"Offre Bon Cadeau IPL 10K - NewOneByC\",\"isPartOf\":{\"@id\":\"https:\\\/\\\/newonebyc.mu\\\/#website\"},\"primaryImageOfPage\":{\"@id\":\"https:\\\/\\\/newonebyc.mu\\\/offre-boncadeau-ipl-10\\\/#primaryimage\"},\"image\":{\"@id\":\"https:\\\/\\\/newonebyc.mu\\\/offre-boncadeau-ipl-10\\\/#primaryimage\"},\"thumbnailUrl\":\"https:\\\/\\\/newonebyc.mu\\\/wp-content\\\/uploads\\\/2023\\\/05\\\/IPL-Lumiere-Intense-Pulsee.jpg\",\"datePublished\":\"2023-10-30T11:18:07+00:00\",\"dateModified\":\"2025-12-04T18:09:54+00:00\",\"description\":\"L\u2019\u00e9pilation \u00e0 la lumi\u00e8re puls\u00e9e est selon les peaux, une \u00e9pilation tr\u00e8s longue dur\u00e9e et\\\/ou parfaitement d\u00e9finitive\",\"breadcrumb\":{\"@id\":\"https:\\\/\\\/newonebyc.mu\\\/offre-boncadeau-ipl-10\\\/#breadcrumb\"},\"inLanguage\":\"en-US\",\"potentialAction\":[{\"@type\":\"ReadAction\",\"target\":[\"https:\\\/\\\/newonebyc.mu\\\/offre-boncadeau-ipl-10\\\/\"]}]},{\"@type\":\"ImageObject\",\"inLanguage\":\"en-US\",\"@id\":\"https:\\\/\\\/newonebyc.mu\\\/offre-boncadeau-ipl-10\\\/#primaryimage\",\"url\":\"https:\\\/\\\/newonebyc.mu\\\/wp-content\\\/uploads\\\/2023\\\/05\\\/IPL-Lumiere-Intense-Pulsee.jpg\",\"contentUrl\":\"https:\\\/\\\/newonebyc.mu\\\/wp-content\\\/uploads\\\/2023\\\/05\\\/IPL-Lumiere-Intense-Pulsee.jpg\",\"width\":1920,\"height\":509},{\"@type\":\"BreadcrumbList\",\"@id\":\"https:\\\/\\\/newonebyc.mu\\\/offre-boncadeau-ipl-10\\\/#breadcrumb\",\"itemListElement\":[{\"@type\":\"ListItem\",\"position\":1,\"name\":\"Home\",\"item\":\"https:\\\/\\\/newonebyc.mu\\\/\"},{\"@type\":\"ListItem\",\"position\":2,\"name\":\"Offre Bon Cadeau IPL 10K\"}]},{\"@type\":\"WebSite\",\"@id\":\"https:\\\/\\\/newonebyc.mu\\\/#website\",\"url\":\"https:\\\/\\\/newonebyc.mu\\\/\",\"name\":\"NewOneByC\",\"description\":\"M\u00e9decine Esth\u00e9tique \u00e0 Maurice\",\"publisher\":{\"@id\":\"https:\\\/\\\/newonebyc.mu\\\/#organization\"},\"potentialAction\":[{\"@type\":\"SearchAction\",\"target\":{\"@type\":\"EntryPoint\",\"urlTemplate\":\"https:\\\/\\\/newonebyc.mu\\\/?s={search_term_string}\"},\"query-input\":{\"@type\":\"PropertyValueSpecification\",\"valueRequired\":true,\"valueName\":\"search_term_string\"}}],\"inLanguage\":\"en-US\"},{\"@type\":\"Organization\",\"@id\":\"https:\\\/\\\/newonebyc.mu\\\/#organization\",\"name\":\"NewOneByC\",\"url\":\"https:\\\/\\\/newonebyc.mu\\\/\",\"logo\":{\"@type\":\"ImageObject\",\"inLanguage\":\"en-US\",\"@id\":\"https:\\\/\\\/newonebyc.mu\\\/#\\\/schema\\\/logo\\\/image\\\/\",\"url\":\"http:\\\/\\\/newonebyc.mu\\\/wp-content\\\/uploads\\\/2022\\\/11\\\/social.png\",\"contentUrl\":\"http:\\\/\\\/newonebyc.mu\\\/wp-content\\\/uploads\\\/2022\\\/11\\\/social.png\",\"width\":1200,\"height\":628,\"caption\":\"NewOneByC\"},\"image\":{\"@id\":\"https:\\\/\\\/newonebyc.mu\\\/#\\\/schema\\\/logo\\\/image\\\/\"}}]}<\/script>\n<!-- \/ Yoast SEO plugin. -->","yoast_head_json":{"title":"Offre Bon Cadeau IPL 10K - NewOneByC","description":"L\u2019\u00e9pilation \u00e0 la lumi\u00e8re puls\u00e9e est selon les peaux, une \u00e9pilation tr\u00e8s longue dur\u00e9e et\/ou parfaitement d\u00e9finitive","robots":{"index":"index","follow":"follow","max-snippet":"max-snippet:-1","max-image-preview":"max-image-preview:large","max-video-preview":"max-video-preview:-1"},"canonical":"https:\/\/newonebyc.mu\/en\/offre-boncadeau-ipl-10\/","og_locale":"en_US","og_type":"article","og_title":"Offre Bon Cadeau IPL 10K - NewOneByC","og_description":"L\u2019\u00e9pilation \u00e0 la lumi\u00e8re puls\u00e9e est selon les peaux, une \u00e9pilation tr\u00e8s longue dur\u00e9e et\/ou parfaitement d\u00e9finitive","og_url":"https:\/\/newonebyc.mu\/en\/offre-boncadeau-ipl-10\/","og_site_name":"NewOneByC","article_modified_time":"2025-12-04T18:09:54+00:00","og_image":[{"width":1200,"height":797,"url":"http:\/\/newonebyc.mu\/wp-content\/uploads\/2023\/05\/IPL-Lumiere-Intense-Pulsee-social.jpg","type":"image\/jpeg"}],"twitter_card":"summary_large_image","twitter_title":"Offre Bon Cadeau IPL 10K - NewOneByC","twitter_description":"L\u2019\u00e9pilation \u00e0 la lumi\u00e8re puls\u00e9e est selon les peaux, une \u00e9pilation tr\u00e8s longue dur\u00e9e et\/ou parfaitement d\u00e9finitive","twitter_image":"https:\/\/newonebyc.mu\/wp-content\/uploads\/2023\/05\/IPL-Lumiere-Intense-Pulsee-social.jpg","twitter_misc":{"Est. reading time":"3 minutes"},"schema":{"@context":"https:\/\/schema.org","@graph":[{"@type":"WebPage","@id":"https:\/\/newonebyc.mu\/offre-boncadeau-ipl-10\/","url":"https:\/\/newonebyc.mu\/offre-boncadeau-ipl-10\/","name":"Offre Bon Cadeau IPL 10K - NewOneByC","isPartOf":{"@id":"https:\/\/newonebyc.mu\/#website"},"primaryImageOfPage":{"@id":"https:\/\/newonebyc.mu\/offre-boncadeau-ipl-10\/#primaryimage"},"image":{"@id":"https:\/\/newonebyc.mu\/offre-boncadeau-ipl-10\/#primaryimage"},"thumbnailUrl":"https:\/\/newonebyc.mu\/wp-content\/uploads\/2023\/05\/IPL-Lumiere-Intense-Pulsee.jpg","datePublished":"2023-10-30T11:18:07+00:00","dateModified":"2025-12-04T18:09:54+00:00","description":"L\u2019\u00e9pilation \u00e0 la lumi\u00e8re puls\u00e9e est selon les peaux, une \u00e9pilation tr\u00e8s longue dur\u00e9e et\/ou parfaitement d\u00e9finitive","breadcrumb":{"@id":"https:\/\/newonebyc.mu\/offre-boncadeau-ipl-10\/#breadcrumb"},"inLanguage":"en-US","potentialAction":[{"@type":"ReadAction","target":["https:\/\/newonebyc.mu\/offre-boncadeau-ipl-10\/"]}]},{"@type":"ImageObject","inLanguage":"en-US","@id":"https:\/\/newonebyc.mu\/offre-boncadeau-ipl-10\/#primaryimage","url":"https:\/\/newonebyc.mu\/wp-content\/uploads\/2023\/05\/IPL-Lumiere-Intense-Pulsee.jpg","contentUrl":"https:\/\/newonebyc.mu\/wp-content\/uploads\/2023\/05\/IPL-Lumiere-Intense-Pulsee.jpg","width":1920,"height":509},{"@type":"BreadcrumbList","@id":"https:\/\/newonebyc.mu\/offre-boncadeau-ipl-10\/#breadcrumb","itemListElement":[{"@type":"ListItem","position":1,"name":"Home","item":"https:\/\/newonebyc.mu\/"},{"@type":"ListItem","position":2,"name":"Offre Bon Cadeau IPL 10K"}]},{"@type":"WebSite","@id":"https:\/\/newonebyc.mu\/#website","url":"https:\/\/newonebyc.mu\/","name":"NewOneByC","description":"Aesthetic Medicine in Mauritius","publisher":{"@id":"https:\/\/newonebyc.mu\/#organization"},"potentialAction":[{"@type":"SearchAction","target":{"@type":"EntryPoint","urlTemplate":"https:\/\/newonebyc.mu\/?s={search_term_string}"},"query-input":{"@type":"PropertyValueSpecification","valueRequired":true,"valueName":"search_term_string"}}],"inLanguage":"en-US"},{"@type":"Organization","@id":"https:\/\/newonebyc.mu\/#organization","name":"NewOneByC","url":"https:\/\/newonebyc.mu\/","logo":{"@type":"ImageObject","inLanguage":"en-US","@id":"https:\/\/newonebyc.mu\/#\/schema\/logo\/image\/","url":"http:\/\/newonebyc.mu\/wp-content\/uploads\/2022\/11\/social.png","contentUrl":"http:\/\/newonebyc.mu\/wp-content\/uploads\/2022\/11\/social.png","width":1200,"height":628,"caption":"NewOneByC"},"image":{"@id":"https:\/\/newonebyc.mu\/#\/schema\/logo\/image\/"}}]}},"_links":{"self":[{"href":"https:\/\/newonebyc.mu\/en\/wp-json\/wp\/v2\/pages\/2945","targetHints":{"allow":["GET"]}}],"collection":[{"href":"https:\/\/newonebyc.mu\/en\/wp-json\/wp\/v2\/pages"}],"about":[{"href":"https:\/\/newonebyc.mu\/en\/wp-json\/wp\/v2\/types\/page"}],"author":[{"embeddable":true,"href":"https:\/\/newonebyc.mu\/en\/wp-json\/wp\/v2\/users\/1"}],"replies":[{"embeddable":true,"href":"https:\/\/newonebyc.mu\/en\/wp-json\/wp\/v2\/comments?post=2945"}],"version-history":[{"count":67,"href":"https:\/\/newonebyc.mu\/en\/wp-json\/wp\/v2\/pages\/2945\/revisions"}],"predecessor-version":[{"id":3486,"href":"https:\/\/newonebyc.mu\/en\/wp-json\/wp\/v2\/pages\/2945\/revisions\/3486"}],"wp:featuredmedia":[{"embeddable":true,"href":"https:\/\/newonebyc.mu\/en\/wp-json\/wp\/v2\/media\/2567"}],"wp:attachment":[{"href":"https:\/\/newonebyc.mu\/en\/wp-json\/wp\/v2\/media?parent=2945"}],"curies":[{"name":"wp","href":"https:\/\/api.w.org\/{rel}","templated":true}]}}