{"id":2842,"date":"2023-08-22T10:04:57","date_gmt":"2023-08-22T10:04:57","guid":{"rendered":"http:\/\/newonebyc.mu\/?page_id=2842"},"modified":"2024-04-13T12:32:23","modified_gmt":"2024-04-13T12:32:23","slug":"offre-ipl-men","status":"publish","type":"page","link":"https:\/\/newonebyc.mu\/en\/offre-ipl-men\/","title":{"rendered":"IPL Men&#039;s Offer"},"content":{"rendered":"<div class=\"wpb-content-wrapper\"><div id=\"slider\" data-vc-full-width=\"true\" data-vc-full-width-init=\"false\" data-vc-stretch-content=\"true\" class=\"vc_row wpb_row vc_row-fluid vc_row-no-padding\"><div class=\"wpb_column vc_column_container vc_col-sm-12\"><div class=\"vc_column-inner\"><div class=\"wpb_wrapper\">\n\t<div class=\"wpb_text_column wpb_content_element\" id=\"video_wrap\">\n\t\t<div class=\"wpb_wrapper\">\n\t\t\t<div class=\"video-text\">\n<h1>IMAGINEZ LE BONHEUR DE NE PLUS JAMAIS AVOIR BESOIN DE VOUS RASER OU DE VOUS \u00c9PILER<\/h1>\n<p style=\"text-align: center;\"><a class=\"profite\" href=\"#form\">Je Profite de l\u2019Offre<\/a><\/p>\n<\/div>\n<div class=\"videoWrapper\"><video autoplay=\"autoplay\" loop=\"loop\" muted=\"\" width=\"300\" height=\"150\"><source src=\"\/wp-content\/uploads\/2023\/08\/0832.mp4\" type=\"video\/mp4\" \/><source src=\"\/wp-content\/uploads\/2023\/08\/0832.ogg\" type=\"video\/ogg\" \/>Your browser does not support the video tag.<\/video><\/div>\n\n\t\t<\/div>\n\t<\/div>\n<\/div><\/div><\/div><\/div><div class=\"vc_row-full-width vc_clearfix\"><\/div><div id=\"video-top\" class=\"vc_row wpb_row vc_row-fluid v2\"><div class=\"wpb_column vc_column_container vc_col-sm-12\"><div class=\"vc_column-inner\"><div class=\"wpb_wrapper\">\n\t<div class=\"wpb_text_column wpb_content_element\" >\n\t\t<div class=\"wpb_wrapper\">\n\t\t\t<h3 style=\"text-align: center;\">IPL le traitement d\u2019\u00e9pilation d\u00e9finitive est le plus utilis\u00e9 aux USA et en Europe<\/h3>\n\n\t\t<\/div>\n\t<\/div>\n\n\t<div class=\"wpb_text_column wpb_content_element\" >\n\t\t<div class=\"wpb_wrapper\">\n\t\t\t<div class=\"post-carousel\">\n<div class=\"img-wrap\">\n<p><img decoding=\"async\" src=\"\/wp-content\/uploads\/2023\/08\/IPL_hommedos.jpg\" alt=\"\" \/><\/p>\n<div class=\"service-title\">DOS<\/div>\n<\/div>\n<div class=\"img-wrap\">\n<p><img decoding=\"async\" src=\"\/wp-content\/uploads\/2023\/08\/IPL_hommetorse.jpg\" alt=\"\" \/><\/p>\n<div class=\"service-title\">TORSE<\/div>\n<\/div>\n<div class=\"img-wrap\">\n<p><img decoding=\"async\" src=\"\/wp-content\/uploads\/2023\/08\/IPL_hommeaisselles.jpg\" alt=\"\" \/><\/p>\n<div class=\"service-title\">AISSELLES<\/div>\n<\/div>\n<div class=\"img-wrap\">\n<p><img decoding=\"async\" src=\"\/wp-content\/uploads\/2023\/08\/IPL_hommemaillot.jpg\" alt=\"\" \/><\/p>\n<div class=\"service-title\">MAILLOT<\/div>\n<\/div>\n<div class=\"img-wrap\">\n<p><img decoding=\"async\" src=\"\/wp-content\/uploads\/2023\/08\/IPL_hommevisage.jpg\" alt=\"\" \/><\/p>\n<div class=\"service-title\">VISAGE<\/div>\n<\/div>\n<\/div>\n\n\t\t<\/div>\n\t<\/div>\n<\/div><\/div><\/div><\/div><div id=\"offre\" data-vc-full-width=\"true\" data-vc-full-width-init=\"false\" data-vc-stretch-content=\"true\" class=\"vc_row wpb_row vc_row-fluid vc_row-no-padding\"><div class=\"wpb_column vc_column_container vc_col-sm-12\"><div class=\"vc_column-inner\"><div class=\"wpb_wrapper\">\n\t<div class=\"wpb_text_column wpb_content_element\" >\n\t\t<div class=\"wpb_wrapper\">\n\t\t\t<div class=\"temps-travail\">\n<h2 style=\"text-align: center;\">Avec le traitement IPL (Lumi\u00e8re Intense Puls\u00e9e) ce r\u00eave est maintenant facilement r\u00e9alisable \u00e0 Maurice! En 6-12 s\u00e9ances, selon les peaux, vous pourrez ne plus jamais avoir \u00e0 vous soucier de vos poils!<\/h2>\n<h3 style=\"text-align: center;\">Pourquoi choisir l&rsquo;Epilation au Laser pour \u00e9liminer vos poils?<\/h3>\n<ul>\n<li>Un soin ZERO douleur<\/li>\n<li>R\u00e9duction permanente des poils<\/li>\n<li>Gain de temps! Adieu au rasage et \u00e0 l\u2019\u00e9pilation \u00e0 la cire<\/li>\n<li>Fini les irritations, les coupures et les poils incarn\u00e9s li\u00e9 au rasage<\/li>\n<li>Adaptabilit\u00e9 aux diff\u00e9rents types de peau et de poils<\/li>\n<li>Traitement des grandes zones possible (dos, torses, \u00e9paules, jambes..)<\/li>\n<li>Session rapide et une fois par mois<\/li>\n<\/ul>\n<\/div>\n\n\t\t<\/div>\n\t<\/div>\n<\/div><\/div><\/div><\/div><div class=\"vc_row-full-width vc_clearfix\"><\/div><div id=\"elegance\" data-vc-full-width=\"true\" data-vc-full-width-init=\"false\" class=\"vc_row wpb_row vc_row-fluid\"><div class=\"wpb_column vc_column_container vc_col-sm-12\"><div class=\"vc_column-inner\"><div class=\"wpb_wrapper\">\n\t<div class=\"wpb_text_column wpb_content_element\" id=\"offre-exceptionnel\">\n\t\t<div class=\"wpb_wrapper\">\n\t\t\t<p class=\"dix-jours\" style=\"text-align: center;\">Offre Exceptionelle<\/p>\n<div class=\"inscrire\">\n<h3 style=\"text-align: center;\">Inscrivez vous avant le 31 Avril 2024 pour b\u00e9n\u00e9ficier:<\/h3>\n<ul>\n<li>D\u2019une Remise de 25% sur nos soins d\u2019\u00e9pilation Laser<\/li>\n<li>D\u2019un Bilan m\u00e9dical gratuit<\/li>\n<\/ul>\n<\/div>\n\n\t\t<\/div>\n\t<\/div>\n\n\t<div class=\"wpb_text_column wpb_content_element\" >\n\t\t<div class=\"wpb_wrapper\">\n\t\t\t<div class=\"offre-price\" style=\"text-align: center;\">Rs1500<span class=\"strike\">Au lieu de Rs2500<\/span><\/div>\n\n\t\t<\/div>\n\t<\/div>\n\n\t<div class=\"wpb_raw_code wpb_raw_html wpb_content_element\" id=\"offre-exceptionnel\">\n\t\t<div class=\"wpb_wrapper\">\n\t\t\t<span id=\"countdown\" style=\"font-weight: bold;display:none;\"><\/span>\n\t\t<\/div>\n\t<\/div>\n\n\t<div class=\"wpb_text_column wpb_content_element\" >\n\t\t<div class=\"wpb_wrapper\">\n\t\t\t<h2 style=\"text-align: center;\">Nous vous offrons un check up m\u00e9dical gratuit avant de commencer votre traitement avec notre \u00e9quipe de professionnelles, sp\u00e9cialis\u00e9e dans la m\u00e9decine esth\u00e9tique.<\/h2>\n\n\t\t<\/div>\n\t<\/div>\n<\/div><\/div><\/div><\/div><div class=\"vc_row-full-width vc_clearfix\"><\/div><div id=\"form\" class=\"vc_row wpb_row vc_row-fluid\"><div class=\"wpb_column vc_column_container vc_col-sm-12\"><div class=\"vc_column-inner\"><div class=\"wpb_wrapper\">\n\t<div class=\"wpb_text_column wpb_content_element\" >\n\t\t<div class=\"wpb_wrapper\">\n\t\t\t<div class=\"profile-pic\"><img decoding=\"async\" src=\"\/wp-content\/uploads\/2023\/08\/Leena.jpg\" alt=\"\" \/><\/div>\n<div class=\"profile-name\">\n<p>Dr Leena Kooblall Heeroo<\/p>\n<h4>Sp\u00e9cialis\u00e9e en m\u00e9decine esth\u00e9tique et en proc\u00e9dures cosm\u00e9tiques, se fera un plaisir de r\u00e9pondre \u00e0 toutes vos questions lors de votre bilan gratuit.<\/h4>\n<\/div>\n\n\t\t<\/div>\n\t<\/div>\n\n\t<div class=\"wpb_text_column wpb_content_element\" >\n\t\t<div class=\"wpb_wrapper\">\n\t\t\t<h3 style=\"text-align: center;\"><strong>Afin de profiter de cette Offre Exceptionnelle,veuillez r\u00e9pondre aux 4 questions suivantes avant de remplir le formulaire pour une prise de RDV:<\/strong><\/h3>\n\n\t\t<\/div>\n\t<\/div>\n\n<div class=\"wpcf7 no-js\" id=\"wpcf7-f2690-o1\" lang=\"fr-FR\" dir=\"ltr\" data-wpcf7-id=\"2690\">\n<div class=\"screen-reader-response\"><p role=\"status\" aria-live=\"polite\" aria-atomic=\"true\"><\/p> <ul><\/ul><\/div>\n<form action=\"\/en\/wp-json\/wp\/v2\/pages\/2842#wpcf7-f2690-o1\" method=\"post\" class=\"wpcf7-form init\" aria-label=\"Formulaire de contact\" novalidate=\"novalidate\" data-status=\"init\">\n<fieldset class=\"hidden-fields-container\"><input type=\"hidden\" name=\"_wpcf7\" value=\"2690\" \/><input type=\"hidden\" name=\"_wpcf7_version\" value=\"6.1.5\" \/><input type=\"hidden\" name=\"_wpcf7_locale\" value=\"fr_FR\" \/><input type=\"hidden\" name=\"_wpcf7_unit_tag\" value=\"wpcf7-f2690-o1\" \/><input type=\"hidden\" name=\"_wpcf7_container_post\" value=\"0\" \/><input type=\"hidden\" name=\"_wpcf7_posted_data_hash\" value=\"\" \/>\n<\/fieldset>\n<div class=\"form-field\">\n\t<p><label>Avez-vous d\u00e9j\u00e0 subi un traitement au Laser ?<\/label><br \/>\n<span class=\"wpcf7-form-control-wrap\" data-name=\"deja_subi\"><select class=\"wpcf7-form-control wpcf7-select wpcf7-validates-as-required\" aria-required=\"true\" aria-invalid=\"false\" name=\"deja_subi\"><option value=\"\">&#8212;Veuillez choisir une option&#8212;<\/option><option value=\"Oui\">Oui<\/option><option value=\"Non\">Non<\/option><\/select><\/span>\n\t<\/p>\n<\/div>\n<p>[cf7mls_step cf7mls_step-1 \"Suivant\" \"\"]\n<\/p>\n<div class=\"form-field\">\n\t<p><label>Quelles zones souhaitez vous traiter ?<\/label><br \/>\n<span class=\"wpcf7-form-control-wrap\" data-name=\"zones\"><span class=\"wpcf7-form-control wpcf7-checkbox wpcf7-validates-as-required\"><span class=\"wpcf7-list-item first\"><label><input type=\"checkbox\" name=\"zones[]\" value=\"Dos\" \/><span class=\"wpcf7-list-item-label\">Dos<\/span><\/label><\/span><span class=\"wpcf7-list-item\"><label><input type=\"checkbox\" name=\"zones[]\" value=\"Torse\" \/><span class=\"wpcf7-list-item-label\">Torse<\/span><\/label><\/span><span class=\"wpcf7-list-item\"><label><input type=\"checkbox\" name=\"zones[]\" value=\"Epaules\" \/><span class=\"wpcf7-list-item-label\">Epaules<\/span><\/label><\/span><span class=\"wpcf7-list-item\"><label><input type=\"checkbox\" name=\"zones[]\" value=\"Aisselles\" \/><span class=\"wpcf7-list-item-label\">Aisselles<\/span><\/label><\/span><span class=\"wpcf7-list-item\"><label><input type=\"checkbox\" name=\"zones[]\" value=\"Jambes\" \/><span class=\"wpcf7-list-item-label\">Jambes<\/span><\/label><\/span><span class=\"wpcf7-list-item\"><label><input type=\"checkbox\" name=\"zones[]\" value=\"Visage\" \/><span class=\"wpcf7-list-item-label\">Visage<\/span><\/label><\/span><span class=\"wpcf7-list-item last\"><label><input type=\"checkbox\" name=\"zones[]\" value=\"Autres\" \/><span class=\"wpcf7-list-item-label\">Autres<\/span><\/label><\/span><\/span><\/span>\n\t<\/p>\n<\/div>\n<p>[cf7mls_step cf7mls_step-2 \"Pr\u00e9c\u00e9dent\" \"Suivant\" \"Step 3\"]\n<\/p>\n<div class=\"form-field\">\n\t<p><label>Avez-vous utilis\u00e9 d'autres m\u00e9thodes d'\u00e9pilation (cire, rasage, \u00e9pilateur, etc.) dans les zones \u00e0 traiter ?<\/label><br \/>\n<span class=\"wpcf7-form-control-wrap\" data-name=\"methodes\"><select class=\"wpcf7-form-control wpcf7-select wpcf7-validates-as-required\" aria-required=\"true\" aria-invalid=\"false\" name=\"methodes\"><option value=\"\">&#8212;Veuillez choisir une option&#8212;<\/option><option value=\"Oui\">Oui<\/option><option value=\"Non\">Non<\/option><\/select><\/span>\n\t<\/p>\n<\/div>\n<p>[cf7mls_step cf7mls_step-3 \"Pr\u00e9c\u00e9dent\" \"Suivant\" \"Step 4\"]\n<\/p>\n<div class=\"form-field\">\n\t<p><label>Souhaitez vous profiter de l\u2019offre exceptionnelle \u00e0 -25% et prendre un RDV dans un de nos cabinets \u00e0 Forbach ou Tamarin\u00a0?<\/label><br \/>\n<span class=\"wpcf7-form-control-wrap\" data-name=\"offre\"><select class=\"wpcf7-form-control wpcf7-select wpcf7-validates-as-required\" aria-required=\"true\" aria-invalid=\"false\" name=\"offre\"><option value=\"\">&#8212;Veuillez choisir une option&#8212;<\/option><option value=\"Oui\">Oui<\/option><option value=\"Non\">Non<\/option><\/select><\/span>\n\t<\/p>\n<\/div>\n<p>[cf7mls_step cf7mls_step-4 \"Pr\u00e9c\u00e9dent\" \"Suivant\" \"Step 8\"]\n<\/p>\n<div class=\"form-field\">\n\t<p><br \/>\n<span class=\"wpcf7-form-control-wrap\" data-name=\"your-name\"><input size=\"40\" maxlength=\"400\" class=\"wpcf7-form-control wpcf7-text wpcf7-validates-as-required\" aria-required=\"true\" aria-invalid=\"false\" placeholder=\"Nom*\" value=\"\" type=\"text\" name=\"your-name\" \/><\/span>\n\t<\/p>\n\t<p><br \/>\n<span class=\"wpcf7-form-control-wrap\" data-name=\"your-surname\"><input size=\"40\" maxlength=\"400\" class=\"wpcf7-form-control wpcf7-text wpcf7-validates-as-required\" aria-required=\"true\" aria-invalid=\"false\" placeholder=\"Pr\u00e9nom*\" value=\"\" type=\"text\" name=\"your-surname\" \/><\/span>\n\t<\/p>\n\t<p><br \/>\n<span class=\"wpcf7-form-control-wrap\" data-name=\"your-address\"><input size=\"40\" maxlength=\"400\" class=\"wpcf7-form-control wpcf7-text wpcf7-validates-as-required\" aria-required=\"true\" aria-invalid=\"false\" placeholder=\"Adresse*\" value=\"\" type=\"text\" name=\"your-address\" \/><\/span>\n\t<\/p>\n\t<p><br \/>\n<span class=\"wpcf7-form-control-wrap\" data-name=\"your-city\"><input size=\"40\" maxlength=\"400\" class=\"wpcf7-form-control wpcf7-text wpcf7-validates-as-required\" aria-required=\"true\" aria-invalid=\"false\" placeholder=\"Ville*\" value=\"\" type=\"text\" name=\"your-city\" \/><\/span>\n\t<\/p>\n\t<p><br \/>\n<span class=\"wpcf7-form-control-wrap\" data-name=\"your-phone\"><input size=\"40\" maxlength=\"400\" class=\"wpcf7-form-control wpcf7-text wpcf7-validates-as-required\" aria-required=\"true\" aria-invalid=\"false\" placeholder=\"Num\u00e9ro de t\u00e9l\u00e9phone*\" value=\"\" type=\"text\" name=\"your-phone\" \/><\/span>\n\t<\/p>\n\t<p><br \/>\n<span class=\"wpcf7-form-control-wrap\" data-name=\"your-email\"><input size=\"40\" maxlength=\"400\" class=\"wpcf7-form-control wpcf7-email wpcf7-validates-as-required wpcf7-text wpcf7-validates-as-email\" aria-required=\"true\" aria-invalid=\"false\" placeholder=\"Adresse e-mail*\" value=\"\" type=\"email\" name=\"your-email\" \/><\/span>\n\t<\/p>\n\t<p><br \/>\n<span class=\"wpcf7-form-control-wrap\" data-name=\"your-job\"><input size=\"40\" maxlength=\"400\" class=\"wpcf7-form-control wpcf7-text wpcf7-validates-as-required\" aria-required=\"true\" aria-invalid=\"false\" placeholder=\"Profession\/Occupation*\" value=\"\" type=\"text\" name=\"your-job\" \/><\/span>\n\t<\/p>\n\t<p><br \/>\n<span class=\"wpcf7-form-control-wrap\" data-name=\"text-522\"><input size=\"40\" maxlength=\"400\" class=\"wpcf7-form-control wpcf7-text\" aria-invalid=\"false\" placeholder=\"Nationalit\u00e9\" value=\"\" type=\"text\" name=\"text-522\" \/><\/span>\n\t<\/p>\n<\/div>\n<p><input class=\"wpcf7-form-control wpcf7-submit has-spinner\" type=\"submit\" value=\"Soumettre\" \/>[cf7mls_step cf7mls_step-5 \"Pr\u00e9c\u00e9dent\" \"Step 9\"]\n<\/p><div class=\"wpcf7-response-output\" aria-hidden=\"true\"><\/div>\n<\/form>\n<\/div>\n<\/div><\/div><\/div><\/div>\n<\/div>","protected":false},"excerpt":{"rendered":"IMAGINEZ LE BONHEUR DE NE PLUS JAMAIS AVOIR BESOIN DE VOUS RASER OU DE VOUS \u00c9PILER Je Profite de l\u2019Offre Your browser does not support the video tag. IPL le traitement d\u2019\u00e9pilation d\u00e9finitive est le plus utilis\u00e9 aux USA et en Europe DOS TORSE AISSELLES MAILLOT VISAGE Avec le traitement IPL (Lumi\u00e8re Intense Puls\u00e9e) ce... <a class=\"view-article\" href=\"https:\/\/newonebyc.mu\/en\/offre-ipl-men\/\">View Article<\/a>","protected":false},"author":1,"featured_media":2879,"parent":0,"menu_order":0,"comment_status":"closed","ping_status":"closed","template":"landing.php","meta":{"footnotes":""},"class_list":["post-2842","page","type-page","status-publish","has-post-thumbnail","hentry"],"yoast_head":"<!-- This site is optimized with the Yoast SEO plugin v27.5 - https:\/\/yoast.com\/product\/yoast-seo-wordpress\/ -->\n<title>Epilation D\u00e9finitive au Laser pour Homme \u00e0 Maurice | NewOneByC<\/title>\n<meta name=\"description\" content=\"Dites adieu aux poils ind\u00e9sirables avec notre technologie IPL de pointe \u00e0 Maurice dans notre cabinet \u00e0 Forbach ou Tamarin\" \/>\n<meta name=\"robots\" content=\"index, follow, max-snippet:-1, max-image-preview:large, max-video-preview:-1\" \/>\n<link rel=\"canonical\" href=\"https:\/\/newonebyc.mu\/en\/offre-ipl-men\/\" \/>\n<meta property=\"og:locale\" content=\"en_US\" \/>\n<meta property=\"og:type\" content=\"article\" \/>\n<meta property=\"og:title\" content=\"Offre IPL Homme - NewOneByC\" \/>\n<meta property=\"og:description\" content=\"Dites adieu aux poils ind\u00e9sirables avec notre technologie IPL de pointe \u00e0 Maurice dans notre cabinet \u00e0 Forbach ou Tamarin\" \/>\n<meta property=\"og:url\" content=\"https:\/\/newonebyc.mu\/en\/offre-ipl-men\/\" \/>\n<meta property=\"og:site_name\" content=\"NewOneByC\" \/>\n<meta property=\"article:modified_time\" content=\"2024-04-13T12:32:23+00:00\" \/>\n<meta property=\"og:image\" content=\"https:\/\/newonebyc.mu\/wp-content\/uploads\/2023\/08\/IPL_hommevisage.jpg\" \/>\n\t<meta property=\"og:image:width\" content=\"636\" \/>\n\t<meta property=\"og:image:height\" content=\"424\" \/>\n\t<meta property=\"og:image:type\" content=\"image\/jpeg\" \/>\n<meta name=\"twitter:card\" content=\"summary_large_image\" \/>\n<meta name=\"twitter:title\" content=\"Offre IPL Homme - NewOneByC\" \/>\n<meta name=\"twitter:description\" content=\"Dites adieu aux poils ind\u00e9sirables avec notre technologie IPL de pointe \u00e0 Maurice dans notre cabinet \u00e0 Forbach ou Tamarin\" \/>\n<meta name=\"twitter:image\" content=\"https:\/\/newonebyc.mu\/wp-content\/uploads\/2023\/08\/IPL_hommevisage.jpg\" \/>\n<meta name=\"twitter:label1\" content=\"Est. reading time\" \/>\n\t<meta name=\"twitter:data1\" content=\"3 minutes\" \/>\n<script type=\"application\/ld+json\" class=\"yoast-schema-graph\">{\"@context\":\"https:\\\/\\\/schema.org\",\"@graph\":[{\"@type\":\"WebPage\",\"@id\":\"https:\\\/\\\/newonebyc.mu\\\/offre-ipl-men\\\/\",\"url\":\"https:\\\/\\\/newonebyc.mu\\\/offre-ipl-men\\\/\",\"name\":\"Epilation D\u00e9finitive au Laser pour Homme \u00e0 Maurice | NewOneByC\",\"isPartOf\":{\"@id\":\"https:\\\/\\\/newonebyc.mu\\\/#website\"},\"primaryImageOfPage\":{\"@id\":\"https:\\\/\\\/newonebyc.mu\\\/offre-ipl-men\\\/#primaryimage\"},\"image\":{\"@id\":\"https:\\\/\\\/newonebyc.mu\\\/offre-ipl-men\\\/#primaryimage\"},\"thumbnailUrl\":\"https:\\\/\\\/newonebyc.mu\\\/wp-content\\\/uploads\\\/2023\\\/08\\\/IPL_hommevisage.jpg\",\"datePublished\":\"2023-08-22T10:04:57+00:00\",\"dateModified\":\"2024-04-13T12:32:23+00:00\",\"description\":\"Dites adieu aux poils ind\u00e9sirables avec notre technologie IPL de pointe \u00e0 Maurice dans notre cabinet \u00e0 Forbach ou Tamarin\",\"breadcrumb\":{\"@id\":\"https:\\\/\\\/newonebyc.mu\\\/offre-ipl-men\\\/#breadcrumb\"},\"inLanguage\":\"en-US\",\"potentialAction\":[{\"@type\":\"ReadAction\",\"target\":[\"https:\\\/\\\/newonebyc.mu\\\/offre-ipl-men\\\/\"]}]},{\"@type\":\"ImageObject\",\"inLanguage\":\"en-US\",\"@id\":\"https:\\\/\\\/newonebyc.mu\\\/offre-ipl-men\\\/#primaryimage\",\"url\":\"https:\\\/\\\/newonebyc.mu\\\/wp-content\\\/uploads\\\/2023\\\/08\\\/IPL_hommevisage.jpg\",\"contentUrl\":\"https:\\\/\\\/newonebyc.mu\\\/wp-content\\\/uploads\\\/2023\\\/08\\\/IPL_hommevisage.jpg\",\"width\":636,\"height\":424},{\"@type\":\"BreadcrumbList\",\"@id\":\"https:\\\/\\\/newonebyc.mu\\\/offre-ipl-men\\\/#breadcrumb\",\"itemListElement\":[{\"@type\":\"ListItem\",\"position\":1,\"name\":\"Home\",\"item\":\"https:\\\/\\\/newonebyc.mu\\\/\"},{\"@type\":\"ListItem\",\"position\":2,\"name\":\"Offre IPL Homme\"}]},{\"@type\":\"WebSite\",\"@id\":\"https:\\\/\\\/newonebyc.mu\\\/#website\",\"url\":\"https:\\\/\\\/newonebyc.mu\\\/\",\"name\":\"NewOneByC\",\"description\":\"M\u00e9decine Esth\u00e9tique \u00e0 Maurice\",\"publisher\":{\"@id\":\"https:\\\/\\\/newonebyc.mu\\\/#organization\"},\"potentialAction\":[{\"@type\":\"SearchAction\",\"target\":{\"@type\":\"EntryPoint\",\"urlTemplate\":\"https:\\\/\\\/newonebyc.mu\\\/?s={search_term_string}\"},\"query-input\":{\"@type\":\"PropertyValueSpecification\",\"valueRequired\":true,\"valueName\":\"search_term_string\"}}],\"inLanguage\":\"en-US\"},{\"@type\":\"Organization\",\"@id\":\"https:\\\/\\\/newonebyc.mu\\\/#organization\",\"name\":\"NewOneByC\",\"url\":\"https:\\\/\\\/newonebyc.mu\\\/\",\"logo\":{\"@type\":\"ImageObject\",\"inLanguage\":\"en-US\",\"@id\":\"https:\\\/\\\/newonebyc.mu\\\/#\\\/schema\\\/logo\\\/image\\\/\",\"url\":\"http:\\\/\\\/newonebyc.mu\\\/wp-content\\\/uploads\\\/2022\\\/11\\\/social.png\",\"contentUrl\":\"http:\\\/\\\/newonebyc.mu\\\/wp-content\\\/uploads\\\/2022\\\/11\\\/social.png\",\"width\":1200,\"height\":628,\"caption\":\"NewOneByC\"},\"image\":{\"@id\":\"https:\\\/\\\/newonebyc.mu\\\/#\\\/schema\\\/logo\\\/image\\\/\"}}]}<\/script>\n<!-- \/ Yoast SEO plugin. -->","yoast_head_json":{"title":"Epilation D\u00e9finitive au Laser pour Homme \u00e0 Maurice | NewOneByC","description":"Dites adieu aux poils ind\u00e9sirables avec notre technologie IPL de pointe \u00e0 Maurice dans notre cabinet \u00e0 Forbach ou Tamarin","robots":{"index":"index","follow":"follow","max-snippet":"max-snippet:-1","max-image-preview":"max-image-preview:large","max-video-preview":"max-video-preview:-1"},"canonical":"https:\/\/newonebyc.mu\/en\/offre-ipl-men\/","og_locale":"en_US","og_type":"article","og_title":"Offre IPL Homme - NewOneByC","og_description":"Dites adieu aux poils ind\u00e9sirables avec notre technologie IPL de pointe \u00e0 Maurice dans notre cabinet \u00e0 Forbach ou Tamarin","og_url":"https:\/\/newonebyc.mu\/en\/offre-ipl-men\/","og_site_name":"NewOneByC","article_modified_time":"2024-04-13T12:32:23+00:00","og_image":[{"width":636,"height":424,"url":"https:\/\/newonebyc.mu\/wp-content\/uploads\/2023\/08\/IPL_hommevisage.jpg","type":"image\/jpeg"}],"twitter_card":"summary_large_image","twitter_title":"Offre IPL Homme - NewOneByC","twitter_description":"Dites adieu aux poils ind\u00e9sirables avec notre technologie IPL de pointe \u00e0 Maurice dans notre cabinet \u00e0 Forbach ou Tamarin","twitter_image":"https:\/\/newonebyc.mu\/wp-content\/uploads\/2023\/08\/IPL_hommevisage.jpg","twitter_misc":{"Est. reading time":"3 minutes"},"schema":{"@context":"https:\/\/schema.org","@graph":[{"@type":"WebPage","@id":"https:\/\/newonebyc.mu\/offre-ipl-men\/","url":"https:\/\/newonebyc.mu\/offre-ipl-men\/","name":"Epilation D\u00e9finitive au Laser pour Homme \u00e0 Maurice | NewOneByC","isPartOf":{"@id":"https:\/\/newonebyc.mu\/#website"},"primaryImageOfPage":{"@id":"https:\/\/newonebyc.mu\/offre-ipl-men\/#primaryimage"},"image":{"@id":"https:\/\/newonebyc.mu\/offre-ipl-men\/#primaryimage"},"thumbnailUrl":"https:\/\/newonebyc.mu\/wp-content\/uploads\/2023\/08\/IPL_hommevisage.jpg","datePublished":"2023-08-22T10:04:57+00:00","dateModified":"2024-04-13T12:32:23+00:00","description":"Dites adieu aux poils ind\u00e9sirables avec notre technologie IPL de pointe \u00e0 Maurice dans notre cabinet \u00e0 Forbach ou Tamarin","breadcrumb":{"@id":"https:\/\/newonebyc.mu\/offre-ipl-men\/#breadcrumb"},"inLanguage":"en-US","potentialAction":[{"@type":"ReadAction","target":["https:\/\/newonebyc.mu\/offre-ipl-men\/"]}]},{"@type":"ImageObject","inLanguage":"en-US","@id":"https:\/\/newonebyc.mu\/offre-ipl-men\/#primaryimage","url":"https:\/\/newonebyc.mu\/wp-content\/uploads\/2023\/08\/IPL_hommevisage.jpg","contentUrl":"https:\/\/newonebyc.mu\/wp-content\/uploads\/2023\/08\/IPL_hommevisage.jpg","width":636,"height":424},{"@type":"BreadcrumbList","@id":"https:\/\/newonebyc.mu\/offre-ipl-men\/#breadcrumb","itemListElement":[{"@type":"ListItem","position":1,"name":"Home","item":"https:\/\/newonebyc.mu\/"},{"@type":"ListItem","position":2,"name":"Offre IPL Homme"}]},{"@type":"WebSite","@id":"https:\/\/newonebyc.mu\/#website","url":"https:\/\/newonebyc.mu\/","name":"NewOneByC","description":"Aesthetic Medicine in Mauritius","publisher":{"@id":"https:\/\/newonebyc.mu\/#organization"},"potentialAction":[{"@type":"SearchAction","target":{"@type":"EntryPoint","urlTemplate":"https:\/\/newonebyc.mu\/?s={search_term_string}"},"query-input":{"@type":"PropertyValueSpecification","valueRequired":true,"valueName":"search_term_string"}}],"inLanguage":"en-US"},{"@type":"Organization","@id":"https:\/\/newonebyc.mu\/#organization","name":"NewOneByC","url":"https:\/\/newonebyc.mu\/","logo":{"@type":"ImageObject","inLanguage":"en-US","@id":"https:\/\/newonebyc.mu\/#\/schema\/logo\/image\/","url":"http:\/\/newonebyc.mu\/wp-content\/uploads\/2022\/11\/social.png","contentUrl":"http:\/\/newonebyc.mu\/wp-content\/uploads\/2022\/11\/social.png","width":1200,"height":628,"caption":"NewOneByC"},"image":{"@id":"https:\/\/newonebyc.mu\/#\/schema\/logo\/image\/"}}]}},"_links":{"self":[{"href":"https:\/\/newonebyc.mu\/en\/wp-json\/wp\/v2\/pages\/2842","targetHints":{"allow":["GET"]}}],"collection":[{"href":"https:\/\/newonebyc.mu\/en\/wp-json\/wp\/v2\/pages"}],"about":[{"href":"https:\/\/newonebyc.mu\/en\/wp-json\/wp\/v2\/types\/page"}],"author":[{"embeddable":true,"href":"https:\/\/newonebyc.mu\/en\/wp-json\/wp\/v2\/users\/1"}],"replies":[{"embeddable":true,"href":"https:\/\/newonebyc.mu\/en\/wp-json\/wp\/v2\/comments?post=2842"}],"version-history":[{"count":2,"href":"https:\/\/newonebyc.mu\/en\/wp-json\/wp\/v2\/pages\/2842\/revisions"}],"predecessor-version":[{"id":3105,"href":"https:\/\/newonebyc.mu\/en\/wp-json\/wp\/v2\/pages\/2842\/revisions\/3105"}],"wp:featuredmedia":[{"embeddable":true,"href":"https:\/\/newonebyc.mu\/en\/wp-json\/wp\/v2\/media\/2879"}],"wp:attachment":[{"href":"https:\/\/newonebyc.mu\/en\/wp-json\/wp\/v2\/media?parent=2842"}],"curies":[{"name":"wp","href":"https:\/\/api.w.org\/{rel}","templated":true}]}}