{"id":2788,"date":"2023-07-09T10:59:15","date_gmt":"2023-07-09T10:59:15","guid":{"rendered":"http:\/\/newonebyc.mu\/?page_id=2788"},"modified":"2023-08-16T04:15:41","modified_gmt":"2023-08-16T04:15:41","slug":"offre-ipl-v2","status":"publish","type":"page","link":"https:\/\/newonebyc.mu\/en\/offre-ipl-v2\/","title":{"rendered":"Offre IPL v2"},"content":{"rendered":"<div class=\"wpb-content-wrapper\"><div id=\"slider\" data-vc-full-width=\"true\" data-vc-full-width-init=\"false\" data-vc-stretch-content=\"true\" class=\"vc_row wpb_row vc_row-fluid v2 vc_row-no-padding\"><div class=\"wpb_column vc_column_container vc_col-sm-12\"><div class=\"vc_column-inner\"><div class=\"wpb_wrapper\">\n\t<div class=\"wpb_text_column wpb_content_element\" id=\"video_wrap\">\n\t\t<div class=\"wpb_wrapper\">\n\t\t\t<div class=\"video-text\">\n<h1>IMAGINE THE HAPPINESS OF NEVER HAVING THE NEED TO SHAVE OR WAX AGAIN<\/h1>\n<p style=\"text-align: center;\"><a class=\"profite\" href=\"#form\">I Take Advantage of the Offer<\/a><\/p>\n<\/div>\n<div class=\"videoWrapper\"><video autoplay=\"autoplay\" loop=\"loop\" muted=\"\" width=\"300\" height=\"150\"><source src=\"\/wp-content\/uploads\/2023\/07\/video_ipl_001.mp4\" type=\"video\/mp4\" \/><source src=\"\/wp-content\/uploads\/2023\/07\/video_ipl_001.ogg\" type=\"video\/ogg\" \/>Your browser does not support the video tag.<\/video><\/div>\n\n\t\t<\/div>\n\t<\/div>\n<\/div><\/div><\/div><\/div><div class=\"vc_row-full-width vc_clearfix\"><\/div><div id=\"video-top\" class=\"vc_row wpb_row vc_row-fluid v2\"><div class=\"wpb_column vc_column_container vc_col-sm-12\"><div class=\"vc_column-inner\"><div class=\"wpb_wrapper\">\n\t<div class=\"wpb_text_column wpb_content_element\" >\n\t\t<div class=\"wpb_wrapper\">\n\t\t\t<h3 style=\"text-align: center;\">IPL permanent hair removal treatment is the most used in the USA and Europe<\/h3>\n\n\t\t<\/div>\n\t<\/div>\n\n\t<div class=\"wpb_text_column wpb_content_element\" >\n\t\t<div class=\"wpb_wrapper\">\n\t\t\t<div class=\"post-carousel\">\n<div class=\"img-wrap\">\n<p><img decoding=\"async\" src=\"\/wp-content\/uploads\/2023\/07\/ipl_001.jpg\" alt=\"\" \/><\/p>\n<div class=\"service-title\">FACE<\/div>\n<\/div>\n<div class=\"img-wrap\">\n<p><img decoding=\"async\" src=\"\/wp-content\/uploads\/2023\/07\/ipl_002.jpg\" alt=\"\" \/><\/p>\n<div class=\"service-title\">ARM<\/div>\n<\/div>\n<div class=\"img-wrap\">\n<p><img decoding=\"async\" src=\"\/wp-content\/uploads\/2023\/07\/ipl_005.jpg\" alt=\"\" \/><\/p>\n<div class=\"service-title\">BIKINI<\/div>\n<\/div>\n<div class=\"img-wrap\">\n<p><img decoding=\"async\" src=\"\/wp-content\/uploads\/2023\/07\/ipl_006.jpg\" alt=\"\" \/><\/p>\n<div class=\"service-title\">LEGS<\/div>\n<\/div>\n<\/div>\n\n\t\t<\/div>\n\t<\/div>\n<\/div><\/div><\/div><\/div><div id=\"offre\" data-vc-full-width=\"true\" data-vc-full-width-init=\"false\" data-vc-stretch-content=\"true\" class=\"vc_row wpb_row vc_row-fluid vc_row-no-padding\"><div class=\"wpb_column vc_column_container vc_col-sm-12\"><div class=\"vc_column-inner\"><div class=\"wpb_wrapper\">\n\t<div class=\"wpb_text_column wpb_content_element\" >\n\t\t<div class=\"wpb_wrapper\">\n\t\t\t<div class=\"temps-travail\">\n<h2 style=\"text-align: center;\">With IPL (Intense Pulsed Light) treatment this dream is now easily achievable in Mauritius! In 6-10 sessions, depending on the skin, you will never have to worry about your hair again!<\/h2>\n<h3 style=\"text-align: center;\">Other exceptional benefits of this treatment are:<\/h3>\n<ul>\n<li>After each treatment your hairs will be even finer and above all very rare.<\/li>\n<li>The hair will grow back very slowly.<\/li>\n<\/ul>\n<\/div>\n\n\t\t<\/div>\n\t<\/div>\n<\/div><\/div><\/div><\/div><div class=\"vc_row-full-width vc_clearfix\"><\/div><div id=\"elegance\" data-vc-full-width=\"true\" data-vc-full-width-init=\"false\" class=\"vc_row wpb_row vc_row-fluid\"><div class=\"wpb_column vc_column_container vc_col-sm-12\"><div class=\"vc_column-inner\"><div class=\"wpb_wrapper\">\n\t<div class=\"wpb_text_column wpb_content_element\" id=\"offre-exceptionnel\">\n\t\t<div class=\"wpb_wrapper\">\n\t\t\t<p class=\"dix-jours\" style=\"text-align: center;\">Exceptional Offer<\/p>\n<div class=\"inscrire\">\n<h3 style=\"text-align: center;\">Register before July 31, 2023 to benefit from:<\/h3>\n<ul>\n<li>A discount of 25% on our Laser hair removal treatments<\/li>\n<li>A free medical check-up<\/li>\n<\/ul>\n<\/div>\n\n\t\t<\/div>\n\t<\/div>\n\n\t<div class=\"wpb_text_column wpb_content_element\" >\n\t\t<div class=\"wpb_wrapper\">\n\t\t\t<div class=\"offre-price\" style=\"text-align: center;\">Rs1500<span class=\"strike\">Instead of Rs2500<\/span><\/div>\n\n\t\t<\/div>\n\t<\/div>\n\n\t<div class=\"wpb_raw_code wpb_raw_html wpb_content_element\" id=\"offre-exceptionnel\">\n\t\t<div class=\"wpb_wrapper\">\n\t\t\t<span id=\"countdown\" style=\"font-weight: bold;\"><\/span>\n\t\t<\/div>\n\t<\/div>\n\n\t<div class=\"wpb_text_column wpb_content_element\" >\n\t\t<div class=\"wpb_wrapper\">\n\t\t\t<h2 style=\"text-align: center;\">We offer you a free medical check-up before starting your treatment with our team of professionals, specialized in aesthetic medicine.<\/h2>\n\n\t\t<\/div>\n\t<\/div>\n<\/div><\/div><\/div><\/div><div class=\"vc_row-full-width vc_clearfix\"><\/div><div id=\"form\" class=\"vc_row wpb_row vc_row-fluid\"><div class=\"wpb_column vc_column_container vc_col-sm-12\"><div class=\"vc_column-inner\"><div class=\"wpb_wrapper\">\n\t<div class=\"wpb_text_column wpb_content_element\" >\n\t\t<div class=\"wpb_wrapper\">\n\t\t\t<h3 style=\"text-align: center;\"><strong>Please complete the form below to take advantage of this Exceptional Offer.<\/strong><\/h3>\n\n\t\t<\/div>\n\t<\/div>\n\n<div class=\"wpcf7 no-js\" id=\"wpcf7-f2713-o1\" lang=\"fr-FR\" dir=\"ltr\" data-wpcf7-id=\"2713\">\n<div class=\"screen-reader-response\"><p role=\"status\" aria-live=\"polite\" aria-atomic=\"true\"><\/p> <ul><\/ul><\/div>\n<form action=\"\/en\/wp-json\/wp\/v2\/pages\/2788#wpcf7-f2713-o1\" method=\"post\" class=\"wpcf7-form init\" aria-label=\"Formulaire de contact\" novalidate=\"novalidate\" data-status=\"init\" data-trp-original-action=\"\/en\/wp-json\/wp\/v2\/pages\/2788#wpcf7-f2713-o1\">\n<fieldset class=\"hidden-fields-container\"><input type=\"hidden\" name=\"_wpcf7\" value=\"2713\" \/><input type=\"hidden\" name=\"_wpcf7_version\" value=\"6.1.5\" \/><input type=\"hidden\" name=\"_wpcf7_locale\" value=\"fr_FR\" \/><input type=\"hidden\" name=\"_wpcf7_unit_tag\" value=\"wpcf7-f2713-o1\" \/><input type=\"hidden\" name=\"_wpcf7_container_post\" value=\"0\" \/><input type=\"hidden\" name=\"_wpcf7_posted_data_hash\" value=\"\" \/>\n<\/fieldset>\n<div class=\"form_heading\">\n\t<p>Our medical team will call you back within 48 hours to offer you an appointment for a free medical check-up and answer all your questions.\n\t<\/p>\n<\/div>\n<p><br \/>\n<span class=\"wpcf7-form-control-wrap\" data-name=\"your-name\"><input size=\"40\" maxlength=\"400\" class=\"wpcf7-form-control wpcf7-text wpcf7-validates-as-required\" aria-required=\"true\" aria-invalid=\"false\" placeholder=\"Name*\" value=\"\" type=\"text\" name=\"your-name\" \/><\/span>\n<\/p>\n<p><br \/>\n<span class=\"wpcf7-form-control-wrap\" data-name=\"your-surname\"><input size=\"40\" maxlength=\"400\" class=\"wpcf7-form-control wpcf7-text wpcf7-validates-as-required\" aria-required=\"true\" aria-invalid=\"false\" placeholder=\"First name*\" value=\"\" type=\"text\" name=\"your-surname\" \/><\/span>\n<\/p>\n<p><br \/>\n<span class=\"wpcf7-form-control-wrap\" data-name=\"your-address\"><input size=\"40\" maxlength=\"400\" class=\"wpcf7-form-control wpcf7-text wpcf7-validates-as-required\" aria-required=\"true\" aria-invalid=\"false\" placeholder=\"Address*\" value=\"\" type=\"text\" name=\"your-address\" \/><\/span>\n<\/p>\n<p><br \/>\n<span class=\"wpcf7-form-control-wrap\" data-name=\"your-city\"><input size=\"40\" maxlength=\"400\" class=\"wpcf7-form-control wpcf7-text wpcf7-validates-as-required\" aria-required=\"true\" aria-invalid=\"false\" placeholder=\"City*\" value=\"\" type=\"text\" name=\"your-city\" \/><\/span>\n<\/p>\n<p><br \/>\n<span class=\"wpcf7-form-control-wrap\" data-name=\"your-phone\"><input size=\"40\" maxlength=\"400\" class=\"wpcf7-form-control wpcf7-text wpcf7-validates-as-required\" aria-required=\"true\" aria-invalid=\"false\" placeholder=\"Phone number*\" value=\"\" type=\"text\" name=\"your-phone\" \/><\/span>\n<\/p>\n<p><br \/>\n<span class=\"wpcf7-form-control-wrap\" data-name=\"your-email\"><input size=\"40\" maxlength=\"400\" class=\"wpcf7-form-control wpcf7-email wpcf7-validates-as-required wpcf7-text wpcf7-validates-as-email\" aria-required=\"true\" aria-invalid=\"false\" placeholder=\"E-mail address*\" value=\"\" type=\"email\" name=\"your-email\" \/><\/span>\n<\/p>\n<p><br \/>\n<span class=\"wpcf7-form-control-wrap\" data-name=\"your-job\"><input size=\"40\" maxlength=\"400\" class=\"wpcf7-form-control wpcf7-text wpcf7-validates-as-required\" aria-required=\"true\" aria-invalid=\"false\" placeholder=\"Profession\/Occupation*\" value=\"\" type=\"text\" name=\"your-job\" \/><\/span>\n<\/p>\n<p><br \/>\n<span class=\"wpcf7-form-control-wrap\" data-name=\"dob\"><input size=\"40\" maxlength=\"400\" class=\"wpcf7-form-control wpcf7-text wpcf7-validates-as-required\" aria-required=\"true\" aria-invalid=\"false\" placeholder=\"Date of birth*\" value=\"\" type=\"text\" name=\"dob\" \/><\/span>\n<\/p>\n<p><br \/>\n<span class=\"wpcf7-form-control-wrap\" data-name=\"text-522\"><input size=\"40\" maxlength=\"400\" class=\"wpcf7-form-control wpcf7-text\" aria-invalid=\"false\" placeholder=\"Nationality\" value=\"\" type=\"text\" name=\"text-522\" \/><\/span>\n<\/p>\n<p>In which office would you like to have your treatment?\n<\/p>\n<p><span class=\"wpcf7-form-control-wrap\" data-name=\"cabinet\"><select class=\"wpcf7-form-control wpcf7-select wpcf7-validates-as-required\" aria-required=\"true\" aria-invalid=\"false\" name=\"cabinet\"><option value=\"\">Please choose an option<\/option><option value=\"Forbach (Nord)\">Forbach (North)<\/option><option value=\"Tamarin (Ouest)\">Tamarin (West)<\/option><option value=\"\u00c9b\u00e8ne (Centre)\">Ebony (Center)<\/option><\/select><\/span>\n<\/p>\n<p>Which area do you wish to treat?\n<\/p>\n<p><span class=\"wpcf7-form-control-wrap\" data-name=\"zone\"><select class=\"wpcf7-form-control wpcf7-select\" aria-invalid=\"false\" name=\"zone\"><option value=\"\">Please choose an option<\/option><option value=\"Visage\">Face<\/option><option value=\"Aisselles\">Armpits<\/option><option value=\"Maillot\">Jersey<\/option><option value=\"Jambes\">Legs<\/option><option value=\"Bras\">Arm<\/option><option value=\"Dos\">Back<\/option><option value=\"Torse\">Torso<\/option><option value=\"Plusieurs zones\">Several areas<\/option><option value=\"Offre Jambes + Maillot (Aisselles et Moustache offertes)\">Legs + Bikini Line Offer (Underarms and Mustache included)<\/option><\/select><\/span>\n<\/p>\n<p>Do you have any of the following?\n<\/p>\n<p><span class=\"wpcf7-form-control-wrap\" data-name=\"elements\"><select class=\"wpcf7-form-control wpcf7-select\" aria-invalid=\"false\" name=\"elements\"><option value=\"\">Please choose an option<\/option><option value=\"Grossesse\">Pregnancy<\/option><option value=\"Traitement m\u00e9dicamenteux en cours\">Current drug treatment<\/option><option value=\"Probl\u00e8me de peau sur la zone \u00e0 traiter\">Skin problem in the area to be treated<\/option><option value=\"D\u00e9s\u00e9quilibre hormonal\">Hormonal imbalance<\/option><option value=\"Aucun\">None<\/option><\/select><\/span>\n<\/p>\n<p>Have you ever had laser hair removal sessions?\n<\/p>\n<p><span class=\"wpcf7-form-control-wrap\" data-name=\"seances\"><select class=\"wpcf7-form-control wpcf7-select\" aria-invalid=\"false\" name=\"seances\"><option value=\"\">Please choose an option<\/option><option value=\"Oui\">Yes<\/option><option value=\"Non\">No<\/option><\/select><\/span>\n<\/p>\n<p><span class=\"wpcf7-form-control-wrap\" data-name=\"acceptance-512\"><span class=\"wpcf7-form-control wpcf7-acceptance\"><span class=\"wpcf7-list-item\"><label><input type=\"checkbox\" name=\"acceptance-512\" value=\"1\" aria-invalid=\"false\" \/><span class=\"wpcf7-list-item-label\">The information collected through this form is used solely to contact you about our facial care subscription offer. Your data remains strictly confidential and will not be sold or shared with third parties. You can request the deletion of your information at any time.<\/span><\/label><\/span><\/span><\/span>\n<\/p>\n<div class=\"sub-btn\">\n\t<p><input class=\"wpcf7-form-control wpcf7-submit has-spinner\" type=\"submit\" value=\"Send\" \/>\n\t<\/p>\n<\/div><div class=\"wpcf7-response-output\" aria-hidden=\"true\"><\/div>\n<input type=\"hidden\" name=\"trp-form-language\" value=\"en\"\/><\/form>\n<\/div>\n<\/div><\/div><\/div><\/div>\n<\/div>","protected":false},"excerpt":{"rendered":"IMAGINEZ LE BONHEUR DE NE PLUS JAMAIS AVOIR BESOIN DE VOUS RASER OU DE VOUS \u00c9PILER Je Profite de l\u2019Offre Your browser does not support the video tag. IPL le traitement d\u2019\u00e9pilation d\u00e9finitive est le plus utilis\u00e9 aux USA et en Europe VISAGE BRAS MAILLOT JAMBES Avec le traitement IPL (Lumi\u00e8re Intense Puls\u00e9e) ce r\u00eave... <a class=\"view-article\" href=\"https:\/\/newonebyc.mu\/en\/offre-ipl-v2\/\">View Article<\/a>","protected":false},"author":1,"featured_media":2567,"parent":0,"menu_order":0,"comment_status":"closed","ping_status":"closed","template":"landing.php","meta":{"footnotes":""},"class_list":["post-2788","page","type-page","status-publish","has-post-thumbnail","hentry"],"yoast_head":"<!-- This site is optimized with the Yoast SEO plugin v27.5 - https:\/\/yoast.com\/product\/yoast-seo-wordpress\/ -->\n<title>Offre IPL v2 - NewOneByC<\/title>\n<meta name=\"description\" content=\"L\u2019\u00e9pilation \u00e0 la lumi\u00e8re puls\u00e9e est selon les peaux, une \u00e9pilation tr\u00e8s longue dur\u00e9e et\/ou parfaitement d\u00e9finitive\" \/>\n<meta name=\"robots\" content=\"index, follow, max-snippet:-1, max-image-preview:large, max-video-preview:-1\" \/>\n<link rel=\"canonical\" href=\"https:\/\/newonebyc.mu\/en\/offre-ipl-v2\/\" \/>\n<meta property=\"og:locale\" content=\"en_US\" \/>\n<meta property=\"og:type\" content=\"article\" \/>\n<meta property=\"og:title\" content=\"Offre IPL v2 - NewOneByC\" \/>\n<meta property=\"og:description\" content=\"L\u2019\u00e9pilation \u00e0 la lumi\u00e8re puls\u00e9e est selon les peaux, une \u00e9pilation tr\u00e8s longue dur\u00e9e et\/ou parfaitement d\u00e9finitive\" \/>\n<meta property=\"og:url\" content=\"https:\/\/newonebyc.mu\/en\/offre-ipl-v2\/\" \/>\n<meta property=\"og:site_name\" content=\"NewOneByC\" \/>\n<meta property=\"article:modified_time\" content=\"2023-08-16T04:15:41+00:00\" \/>\n<meta property=\"og:image\" content=\"https:\/\/newonebyc.mu\/wp-content\/uploads\/2023\/05\/IPL-Lumiere-Intense-Pulsee-social.jpg\" \/>\n\t<meta property=\"og:image:width\" content=\"1200\" \/>\n\t<meta property=\"og:image:height\" content=\"797\" \/>\n\t<meta property=\"og:image:type\" content=\"image\/jpeg\" \/>\n<meta name=\"twitter:card\" content=\"summary_large_image\" \/>\n<meta name=\"twitter:title\" content=\"Offre IPL v2 - NewOneByC\" \/>\n<meta name=\"twitter:description\" content=\"L\u2019\u00e9pilation \u00e0 la lumi\u00e8re puls\u00e9e est selon les peaux, une \u00e9pilation tr\u00e8s longue dur\u00e9e et\/ou parfaitement d\u00e9finitive\" \/>\n<meta name=\"twitter:image\" content=\"https:\/\/newonebyc.mu\/wp-content\/uploads\/2023\/05\/IPL-Lumiere-Intense-Pulsee-social.jpg\" \/>\n<meta name=\"twitter:label1\" content=\"Est. reading time\" \/>\n\t<meta name=\"twitter:data1\" content=\"2 minutes\" \/>\n<script type=\"application\/ld+json\" class=\"yoast-schema-graph\">{\"@context\":\"https:\\\/\\\/schema.org\",\"@graph\":[{\"@type\":\"WebPage\",\"@id\":\"https:\\\/\\\/newonebyc.mu\\\/offre-ipl-v2\\\/\",\"url\":\"https:\\\/\\\/newonebyc.mu\\\/offre-ipl-v2\\\/\",\"name\":\"Offre IPL v2 - NewOneByC\",\"isPartOf\":{\"@id\":\"https:\\\/\\\/newonebyc.mu\\\/#website\"},\"primaryImageOfPage\":{\"@id\":\"https:\\\/\\\/newonebyc.mu\\\/offre-ipl-v2\\\/#primaryimage\"},\"image\":{\"@id\":\"https:\\\/\\\/newonebyc.mu\\\/offre-ipl-v2\\\/#primaryimage\"},\"thumbnailUrl\":\"https:\\\/\\\/newonebyc.mu\\\/wp-content\\\/uploads\\\/2023\\\/05\\\/IPL-Lumiere-Intense-Pulsee.jpg\",\"datePublished\":\"2023-07-09T10:59:15+00:00\",\"dateModified\":\"2023-08-16T04:15:41+00:00\",\"description\":\"L\u2019\u00e9pilation \u00e0 la lumi\u00e8re puls\u00e9e est selon les peaux, une \u00e9pilation tr\u00e8s longue dur\u00e9e et\\\/ou parfaitement d\u00e9finitive\",\"breadcrumb\":{\"@id\":\"https:\\\/\\\/newonebyc.mu\\\/offre-ipl-v2\\\/#breadcrumb\"},\"inLanguage\":\"en-US\",\"potentialAction\":[{\"@type\":\"ReadAction\",\"target\":[\"https:\\\/\\\/newonebyc.mu\\\/offre-ipl-v2\\\/\"]}]},{\"@type\":\"ImageObject\",\"inLanguage\":\"en-US\",\"@id\":\"https:\\\/\\\/newonebyc.mu\\\/offre-ipl-v2\\\/#primaryimage\",\"url\":\"https:\\\/\\\/newonebyc.mu\\\/wp-content\\\/uploads\\\/2023\\\/05\\\/IPL-Lumiere-Intense-Pulsee.jpg\",\"contentUrl\":\"https:\\\/\\\/newonebyc.mu\\\/wp-content\\\/uploads\\\/2023\\\/05\\\/IPL-Lumiere-Intense-Pulsee.jpg\",\"width\":1920,\"height\":509},{\"@type\":\"BreadcrumbList\",\"@id\":\"https:\\\/\\\/newonebyc.mu\\\/offre-ipl-v2\\\/#breadcrumb\",\"itemListElement\":[{\"@type\":\"ListItem\",\"position\":1,\"name\":\"Home\",\"item\":\"https:\\\/\\\/newonebyc.mu\\\/\"},{\"@type\":\"ListItem\",\"position\":2,\"name\":\"Offre IPL v2\"}]},{\"@type\":\"WebSite\",\"@id\":\"https:\\\/\\\/newonebyc.mu\\\/#website\",\"url\":\"https:\\\/\\\/newonebyc.mu\\\/\",\"name\":\"NewOneByC\",\"description\":\"M\u00e9decine Esth\u00e9tique \u00e0 Maurice\",\"publisher\":{\"@id\":\"https:\\\/\\\/newonebyc.mu\\\/#organization\"},\"potentialAction\":[{\"@type\":\"SearchAction\",\"target\":{\"@type\":\"EntryPoint\",\"urlTemplate\":\"https:\\\/\\\/newonebyc.mu\\\/?s={search_term_string}\"},\"query-input\":{\"@type\":\"PropertyValueSpecification\",\"valueRequired\":true,\"valueName\":\"search_term_string\"}}],\"inLanguage\":\"en-US\"},{\"@type\":\"Organization\",\"@id\":\"https:\\\/\\\/newonebyc.mu\\\/#organization\",\"name\":\"NewOneByC\",\"url\":\"https:\\\/\\\/newonebyc.mu\\\/\",\"logo\":{\"@type\":\"ImageObject\",\"inLanguage\":\"en-US\",\"@id\":\"https:\\\/\\\/newonebyc.mu\\\/#\\\/schema\\\/logo\\\/image\\\/\",\"url\":\"http:\\\/\\\/newonebyc.mu\\\/wp-content\\\/uploads\\\/2022\\\/11\\\/social.png\",\"contentUrl\":\"http:\\\/\\\/newonebyc.mu\\\/wp-content\\\/uploads\\\/2022\\\/11\\\/social.png\",\"width\":1200,\"height\":628,\"caption\":\"NewOneByC\"},\"image\":{\"@id\":\"https:\\\/\\\/newonebyc.mu\\\/#\\\/schema\\\/logo\\\/image\\\/\"}}]}<\/script>\n<!-- \/ Yoast SEO plugin. -->","yoast_head_json":{"title":"Offre IPL v2 - NewOneByC","description":"L\u2019\u00e9pilation \u00e0 la lumi\u00e8re puls\u00e9e est selon les peaux, une \u00e9pilation tr\u00e8s longue dur\u00e9e et\/ou parfaitement d\u00e9finitive","robots":{"index":"index","follow":"follow","max-snippet":"max-snippet:-1","max-image-preview":"max-image-preview:large","max-video-preview":"max-video-preview:-1"},"canonical":"https:\/\/newonebyc.mu\/en\/offre-ipl-v2\/","og_locale":"en_US","og_type":"article","og_title":"Offre IPL v2 - NewOneByC","og_description":"L\u2019\u00e9pilation \u00e0 la lumi\u00e8re puls\u00e9e est selon les peaux, une \u00e9pilation tr\u00e8s longue dur\u00e9e et\/ou parfaitement d\u00e9finitive","og_url":"https:\/\/newonebyc.mu\/en\/offre-ipl-v2\/","og_site_name":"NewOneByC","article_modified_time":"2023-08-16T04:15:41+00:00","og_image":[{"width":1200,"height":797,"url":"https:\/\/newonebyc.mu\/wp-content\/uploads\/2023\/05\/IPL-Lumiere-Intense-Pulsee-social.jpg","type":"image\/jpeg"}],"twitter_card":"summary_large_image","twitter_title":"Offre IPL v2 - NewOneByC","twitter_description":"L\u2019\u00e9pilation \u00e0 la lumi\u00e8re puls\u00e9e est selon les peaux, une \u00e9pilation tr\u00e8s longue dur\u00e9e et\/ou parfaitement d\u00e9finitive","twitter_image":"https:\/\/newonebyc.mu\/wp-content\/uploads\/2023\/05\/IPL-Lumiere-Intense-Pulsee-social.jpg","twitter_misc":{"Est. reading time":"2 minutes"},"schema":{"@context":"https:\/\/schema.org","@graph":[{"@type":"WebPage","@id":"https:\/\/newonebyc.mu\/offre-ipl-v2\/","url":"https:\/\/newonebyc.mu\/offre-ipl-v2\/","name":"Offre IPL v2 - NewOneByC","isPartOf":{"@id":"https:\/\/newonebyc.mu\/#website"},"primaryImageOfPage":{"@id":"https:\/\/newonebyc.mu\/offre-ipl-v2\/#primaryimage"},"image":{"@id":"https:\/\/newonebyc.mu\/offre-ipl-v2\/#primaryimage"},"thumbnailUrl":"https:\/\/newonebyc.mu\/wp-content\/uploads\/2023\/05\/IPL-Lumiere-Intense-Pulsee.jpg","datePublished":"2023-07-09T10:59:15+00:00","dateModified":"2023-08-16T04:15:41+00:00","description":"L\u2019\u00e9pilation \u00e0 la lumi\u00e8re puls\u00e9e est selon les peaux, une \u00e9pilation tr\u00e8s longue dur\u00e9e et\/ou parfaitement d\u00e9finitive","breadcrumb":{"@id":"https:\/\/newonebyc.mu\/offre-ipl-v2\/#breadcrumb"},"inLanguage":"en-US","potentialAction":[{"@type":"ReadAction","target":["https:\/\/newonebyc.mu\/offre-ipl-v2\/"]}]},{"@type":"ImageObject","inLanguage":"en-US","@id":"https:\/\/newonebyc.mu\/offre-ipl-v2\/#primaryimage","url":"https:\/\/newonebyc.mu\/wp-content\/uploads\/2023\/05\/IPL-Lumiere-Intense-Pulsee.jpg","contentUrl":"https:\/\/newonebyc.mu\/wp-content\/uploads\/2023\/05\/IPL-Lumiere-Intense-Pulsee.jpg","width":1920,"height":509},{"@type":"BreadcrumbList","@id":"https:\/\/newonebyc.mu\/offre-ipl-v2\/#breadcrumb","itemListElement":[{"@type":"ListItem","position":1,"name":"Home","item":"https:\/\/newonebyc.mu\/"},{"@type":"ListItem","position":2,"name":"Offre IPL v2"}]},{"@type":"WebSite","@id":"https:\/\/newonebyc.mu\/#website","url":"https:\/\/newonebyc.mu\/","name":"NewOneByC","description":"Aesthetic Medicine in Mauritius","publisher":{"@id":"https:\/\/newonebyc.mu\/#organization"},"potentialAction":[{"@type":"SearchAction","target":{"@type":"EntryPoint","urlTemplate":"https:\/\/newonebyc.mu\/?s={search_term_string}"},"query-input":{"@type":"PropertyValueSpecification","valueRequired":true,"valueName":"search_term_string"}}],"inLanguage":"en-US"},{"@type":"Organization","@id":"https:\/\/newonebyc.mu\/#organization","name":"NewOneByC","url":"https:\/\/newonebyc.mu\/","logo":{"@type":"ImageObject","inLanguage":"en-US","@id":"https:\/\/newonebyc.mu\/#\/schema\/logo\/image\/","url":"http:\/\/newonebyc.mu\/wp-content\/uploads\/2022\/11\/social.png","contentUrl":"http:\/\/newonebyc.mu\/wp-content\/uploads\/2022\/11\/social.png","width":1200,"height":628,"caption":"NewOneByC"},"image":{"@id":"https:\/\/newonebyc.mu\/#\/schema\/logo\/image\/"}}]}},"_links":{"self":[{"href":"https:\/\/newonebyc.mu\/en\/wp-json\/wp\/v2\/pages\/2788","targetHints":{"allow":["GET"]}}],"collection":[{"href":"https:\/\/newonebyc.mu\/en\/wp-json\/wp\/v2\/pages"}],"about":[{"href":"https:\/\/newonebyc.mu\/en\/wp-json\/wp\/v2\/types\/page"}],"author":[{"embeddable":true,"href":"https:\/\/newonebyc.mu\/en\/wp-json\/wp\/v2\/users\/1"}],"replies":[{"embeddable":true,"href":"https:\/\/newonebyc.mu\/en\/wp-json\/wp\/v2\/comments?post=2788"}],"version-history":[{"count":0,"href":"https:\/\/newonebyc.mu\/en\/wp-json\/wp\/v2\/pages\/2788\/revisions"}],"wp:featuredmedia":[{"embeddable":true,"href":"https:\/\/newonebyc.mu\/en\/wp-json\/wp\/v2\/media\/2567"}],"wp:attachment":[{"href":"https:\/\/newonebyc.mu\/en\/wp-json\/wp\/v2\/media?parent=2788"}],"curies":[{"name":"wp","href":"https:\/\/api.w.org\/{rel}","templated":true}]}}