{"id":2764,"date":"2023-07-07T04:40:30","date_gmt":"2023-07-07T04:40:30","guid":{"rendered":"http:\/\/newonebyc.mu\/?page_id=2764"},"modified":"2023-07-26T05:50:33","modified_gmt":"2023-07-26T05:50:33","slug":"laser-yag","status":"publish","type":"page","link":"https:\/\/newonebyc.mu\/en\/laser-yag\/","title":{"rendered":"Offre Laser Yag"},"content":{"rendered":"<div class=\"wpb-content-wrapper\"><div id=\"slider\" data-vc-full-width=\"true\" data-vc-full-width-init=\"false\" data-vc-stretch-content=\"true\" class=\"vc_row wpb_row vc_row-fluid vc_row-no-padding\"><div class=\"wpb_column vc_column_container vc_col-sm-12\"><div class=\"vc_column-inner\"><div class=\"wpb_wrapper\">\n\t<div class=\"wpb_text_column wpb_content_element\" id=\"video_wrap\">\n\t\t<div class=\"wpb_wrapper\">\n\t\t\t<div class=\"video-text\">\n<h1>La Solution pour Enlever ses Tatouages \u00e0 Maurice<\/h1>\n<p style=\"text-align: center;\"><a class=\"profite\" href=\"#form\">Je Profite de l\u2019Offre<\/a><\/p>\n<\/div>\n<div class=\"videoWrapper\"><video autoplay=\"autoplay\" loop=\"loop\" muted=\"\" width=\"300\" height=\"150\"><source src=\"\/wp-content\/uploads\/2023\/07\/laser_yag_video_001.mp4\" type=\"video\/mp4\" \/><source src=\"\/wp-content\/uploads\/2023\/07\/laser_yag_video_001.ogg\" type=\"video\/ogg\" \/>Your browser does not support the video tag.<\/video><\/div>\n\n\t\t<\/div>\n\t<\/div>\n<\/div><\/div><\/div><\/div><div class=\"vc_row-full-width vc_clearfix\"><\/div><div id=\"video-top\" class=\"vc_row wpb_row vc_row-fluid v2\"><div class=\"wpb_column vc_column_container vc_col-sm-12\"><div class=\"vc_column-inner\"><div class=\"wpb_wrapper\">\n\t<div class=\"wpb_text_column wpb_content_element\" >\n\t\t<div class=\"wpb_wrapper\">\n\t\t\t<h3 style=\"text-align: center;\">Vous souhaitez vous d\u00e9barrasser d\u2019un tatouage ind\u00e9sirable ?<\/h3>\n\n\t\t<\/div>\n\t<\/div>\n\n\t<div class=\"wpb_text_column wpb_content_element\" >\n\t\t<div class=\"wpb_wrapper\">\n\t\t\t<div class=\"post-carousel\">\n<div class=\"img-wrap\">\n<p><img decoding=\"async\" src=\"\/wp-content\/uploads\/2023\/07\/tattoo-removal_001.jpg\" alt=\"\" \/><\/p>\n<div class=\"service-title\">VISAGE<\/div>\n<\/div>\n<div class=\"img-wrap\">\n<p><img decoding=\"async\" src=\"\/wp-content\/uploads\/2023\/07\/tattoo-removal_002.jpg\" alt=\"\" \/><\/p>\n<div class=\"service-title\">BRAS<\/div>\n<\/div>\n<div class=\"img-wrap\">\n<p><img decoding=\"async\" src=\"\/wp-content\/uploads\/2023\/07\/ipl_005.jpg\" alt=\"\" \/><\/p>\n<div class=\"service-title\">MAILLOT<\/div>\n<\/div>\n<div class=\"img-wrap\">\n<p><img decoding=\"async\" src=\"\/wp-content\/uploads\/2023\/07\/ipl_006.jpg\" alt=\"\" \/><\/p>\n<div class=\"service-title\">JAMBES<\/div>\n<\/div>\n<\/div>\n\n\t\t<\/div>\n\t<\/div>\n<\/div><\/div><\/div><\/div><div id=\"offre\" data-vc-full-width=\"true\" data-vc-full-width-init=\"false\" data-vc-stretch-content=\"true\" class=\"vc_row wpb_row vc_row-fluid vc_row-no-padding\"><div class=\"wpb_column vc_column_container vc_col-sm-12\"><div class=\"vc_column-inner\"><div class=\"wpb_wrapper\">\n\t<div class=\"wpb_text_column wpb_content_element\" >\n\t\t<div class=\"wpb_wrapper\">\n\t\t\t<div class=\"temps-travail\">\n<h2 style=\"text-align: center;\">Le Laser YAG est une technologie de pointe permettant de briser les pigments de votre tatouage en petites particules, qui sont ensuite naturellement \u00e9limin\u00e9es par le corps. Retrouvez une peau lisse et sans tatouage plus rapidement que vous ne le pensez !<\/h2>\n<h3 style=\"text-align: center;\">Pourquoi Choisir le Laser YAG pour Enlever ses Tatouages ?<\/h3>\n<ul>\n<li>Les r\u00e9sultats sont visibles d\u00e8s la premi\u00e8re s\u00e9ance<\/li>\n<li>La m\u00e9thode est non-invasive et ne n\u00e9cessite pas de temps de r\u00e9cup\u00e9ration<\/li>\n<li>Le Laser YAG est adapt\u00e9 \u00e0 tous les types de peau<\/li>\n<li>Les s\u00e9ances sont rapides et confortables<\/li>\n<\/ul>\n<\/div>\n\n\t\t<\/div>\n\t<\/div>\n<\/div><\/div><\/div><\/div><div class=\"vc_row-full-width vc_clearfix\"><\/div><div id=\"elegance\" data-vc-full-width=\"true\" data-vc-full-width-init=\"false\" class=\"vc_row wpb_row vc_row-fluid\"><div class=\"wpb_column vc_column_container vc_col-sm-12\"><div class=\"vc_column-inner\"><div class=\"wpb_wrapper\">\n\t<div class=\"wpb_text_column wpb_content_element\" id=\"offre-exceptionnel\">\n\t\t<div class=\"wpb_wrapper\">\n\t\t\t<p class=\"dix-jours\" style=\"text-align: center;\">Offre Exceptionelle<\/p>\n<div class=\"inscrire\">\n<h3 style=\"text-align: center;\">Inscrivez vous avant le 15 Aout 2023 pour b\u00e9n\u00e9ficier:<\/h3>\n<ul>\n<li>D\u2019une Remise de 25% sur nos soins d\u2019\u00e9pilation Laser<\/li>\n<li>D\u2019un Bilan m\u00e9dical gratuit<\/li>\n<\/ul>\n<\/div>\n\n\t\t<\/div>\n\t<\/div>\n\n\t<div class=\"wpb_text_column wpb_content_element\" >\n\t\t<div class=\"wpb_wrapper\">\n\t\t\t<div class=\"offre-price\" style=\"text-align: center;\">Rs1500<span class=\"strike\">Au lieu de Rs2500<\/span><\/div>\n\n\t\t<\/div>\n\t<\/div>\n\n\t<div class=\"wpb_raw_code wpb_raw_html wpb_content_element\" id=\"offre-exceptionnel\">\n\t\t<div class=\"wpb_wrapper\">\n\t\t\t<span id=\"countdown\" style=\"font-weight: bold;\"><\/span>\n\t\t<\/div>\n\t<\/div>\n\n\t<div class=\"wpb_text_column wpb_content_element\" >\n\t\t<div class=\"wpb_wrapper\">\n\t\t\t<h2 style=\"text-align: center;\">Nous vous offrons un check up m\u00e9dical gratuit avant de commencer votre traitement avec notre \u00e9quipe de professionnelles, sp\u00e9cialis\u00e9e dans la m\u00e9decine esth\u00e9tique.<\/h2>\n\n\t\t<\/div>\n\t<\/div>\n<\/div><\/div><\/div><\/div><div class=\"vc_row-full-width vc_clearfix\"><\/div><div id=\"form\" class=\"vc_row wpb_row vc_row-fluid\"><div class=\"wpb_column vc_column_container vc_col-sm-12\"><div class=\"vc_column-inner\"><div class=\"wpb_wrapper\">\n\t<div class=\"wpb_text_column wpb_content_element\" >\n\t\t<div class=\"wpb_wrapper\">\n\t\t\t<h3 style=\"text-align: center;\"><strong>R\u00e9servez d\u00e8s maintenant votre consultation gratuite en r\u00e9pondant aux questions suivantes:<\/strong><\/h3>\n\n\t\t<\/div>\n\t<\/div>\n\n<div class=\"wpcf7 no-js\" id=\"wpcf7-f2775-o1\" lang=\"fr-FR\" dir=\"ltr\" data-wpcf7-id=\"2775\">\n<div class=\"screen-reader-response\"><p role=\"status\" aria-live=\"polite\" aria-atomic=\"true\"><\/p> <ul><\/ul><\/div>\n<form action=\"\/en\/wp-json\/wp\/v2\/pages\/2764#wpcf7-f2775-o1\" method=\"post\" class=\"wpcf7-form init\" aria-label=\"Formulaire de contact\" novalidate=\"novalidate\" data-status=\"init\">\n<fieldset class=\"hidden-fields-container\"><input type=\"hidden\" name=\"_wpcf7\" value=\"2775\" \/><input type=\"hidden\" name=\"_wpcf7_version\" value=\"6.1.5\" \/><input type=\"hidden\" name=\"_wpcf7_locale\" value=\"fr_FR\" \/><input type=\"hidden\" name=\"_wpcf7_unit_tag\" value=\"wpcf7-f2775-o1\" \/><input type=\"hidden\" name=\"_wpcf7_container_post\" value=\"0\" \/><input type=\"hidden\" name=\"_wpcf7_posted_data_hash\" value=\"\" \/>\n<\/fieldset>\n<div class=\"form-field\">\n\t<p><label>Quelle est la taille de votre tatouage ?<\/label><br \/>\n<span class=\"wpcf7-form-control-wrap\" data-name=\"taille\"><select class=\"wpcf7-form-control wpcf7-select wpcf7-validates-as-required\" aria-required=\"true\" aria-invalid=\"false\" name=\"taille\"><option value=\"\">&#8212;Veuillez choisir une option&#8212;<\/option><option value=\"Moins de 10cm\">Moins de 10cm<\/option><option value=\"Plus de 10cm\">Plus de 10cm<\/option><\/select><\/span>\n\t<\/p>\n<\/div>\n<p>[cf7mls_step cf7mls_step-1 \"Suivant\" \"\"]\n<\/p>\n<div class=\"form-field\">\n\t<p><label>Votre tatouage date de<\/label><br \/>\n<span class=\"wpcf7-form-control-wrap\" data-name=\"date-de\"><select class=\"wpcf7-form-control wpcf7-select wpcf7-validates-as-required\" aria-required=\"true\" aria-invalid=\"false\" name=\"date-de\"><option value=\"\">&#8212;Veuillez choisir une option&#8212;<\/option><option value=\"Moins d&#039;un an\">Moins d&#039;un an<\/option><option value=\"Plus d&#039;un an\">Plus d&#039;un an<\/option><\/select><\/span>\n\t<\/p>\n<\/div>\n<p>[cf7mls_step cf7mls_step-2 \"Pr\u00e9c\u00e9dent\" \"Suivant\" \"Step 2\"]\n<\/p>\n<div class=\"form-field\">\n\t<p><label>Avez-vous d\u00e9j\u00e0 un eu un soin au laser?<\/label><br \/>\n<span class=\"wpcf7-form-control-wrap\" data-name=\"un-soin\"><select class=\"wpcf7-form-control wpcf7-select wpcf7-validates-as-required\" aria-required=\"true\" aria-invalid=\"false\" name=\"un-soin\"><option value=\"\">&#8212;Veuillez choisir une option&#8212;<\/option><option value=\"Oui\">Oui<\/option><option value=\"Non\">Non<\/option><\/select><\/span>\n\t<\/p>\n<\/div>\n<p>[cf7mls_step cf7mls_step-3 \"Pr\u00e9c\u00e9dent\" \"Suivant\" \"Step 3\"]\n<\/p>\n<div class=\"form-field\">\n\t<p><span class=\"date-text strong\">Nous vous assurons des r\u00e9sultats visibles et durables. Cependant, veuillez noter que le nombre de sessions n\u00e9cessaires peut varier en fonction de la nature du probl\u00e8me et de votre type de peau. <\/span><br \/>\n<label>Souhaitez-vous prendre RDV pour faire un bilan gratuit dans notre cabinet \u00e0 Forbach ou Tamarin?<\/label><br \/>\n<span class=\"wpcf7-form-control-wrap\" data-name=\"prendre-rdv\"><select class=\"wpcf7-form-control wpcf7-select wpcf7-validates-as-required\" aria-required=\"true\" aria-invalid=\"false\" name=\"prendre-rdv\"><option value=\"\">&#8212;Veuillez choisir une option&#8212;<\/option><option value=\"Oui\">Oui<\/option><option value=\"Non\">Non<\/option><\/select><\/span>\n\t<\/p>\n<\/div>\n<p>[cf7mls_step cf7mls_step-4 \"Pr\u00e9c\u00e9dent\" \"Suivant\" \"Step 4\"]\n<\/p>\n<div class=\"form-field\">\n\t<p><label><span class=\"wpcf7-form-control-wrap\" data-name=\"your-name\"><input size=\"40\" maxlength=\"400\" class=\"wpcf7-form-control wpcf7-text wpcf7-validates-as-required\" aria-required=\"true\" aria-invalid=\"false\" placeholder=\"Nom*\" value=\"\" type=\"text\" name=\"your-name\" \/><\/span> <\/label><br \/>\n<label><span class=\"wpcf7-form-control-wrap\" data-name=\"your-surname\"><input size=\"40\" maxlength=\"400\" class=\"wpcf7-form-control wpcf7-text wpcf7-validates-as-required\" aria-required=\"true\" aria-invalid=\"false\" placeholder=\"Pr\u00e9nom*\" value=\"\" type=\"text\" name=\"your-surname\" \/><\/span> <\/label><br \/>\n<label><span class=\"wpcf7-form-control-wrap\" data-name=\"your-address\"><input size=\"40\" maxlength=\"400\" class=\"wpcf7-form-control wpcf7-text wpcf7-validates-as-required\" aria-required=\"true\" aria-invalid=\"false\" placeholder=\"Adresse*\" value=\"\" type=\"text\" name=\"your-address\" \/><\/span> <\/label><br \/>\n<label><span class=\"wpcf7-form-control-wrap\" data-name=\"your-phone\"><input size=\"40\" maxlength=\"400\" class=\"wpcf7-form-control wpcf7-tel wpcf7-validates-as-required wpcf7-text wpcf7-validates-as-tel\" aria-required=\"true\" aria-invalid=\"false\" placeholder=\"Num\u00e9ro de t\u00e9l\u00e9phone*\" value=\"\" type=\"tel\" name=\"your-phone\" \/><\/span> <\/label><br \/>\n<label><span class=\"wpcf7-form-control-wrap\" data-name=\"your-email\"><input size=\"40\" maxlength=\"400\" class=\"wpcf7-form-control wpcf7-email wpcf7-validates-as-required wpcf7-text wpcf7-validates-as-email\" aria-required=\"true\" aria-invalid=\"false\" placeholder=\"Email*\" value=\"\" type=\"email\" name=\"your-email\" \/><\/span> <\/label><br \/>\n<label><span class=\"wpcf7-form-control-wrap\" data-name=\"your-job\"><input size=\"40\" maxlength=\"400\" class=\"wpcf7-form-control wpcf7-text wpcf7-validates-as-required\" aria-required=\"true\" aria-invalid=\"false\" placeholder=\"Profession\/Occupation*\" value=\"\" type=\"text\" name=\"your-job\" \/><\/span> <\/label><br \/>\n<label><span class=\"wpcf7-form-control-wrap\" data-name=\"text-522\"><input size=\"40\" maxlength=\"400\" class=\"wpcf7-form-control wpcf7-text\" aria-invalid=\"false\" placeholder=\"Nationalit\u00e9\" value=\"\" type=\"text\" name=\"text-522\" \/><\/span><\/label>\n\t<\/p>\n<\/div>\n<p><input class=\"wpcf7-form-control wpcf7-submit has-spinner\" type=\"submit\" value=\"Soumettre\" \/>[cf7mls_step cf7mls_step-5 \"Pr\u00e9c\u00e9dent\" \"Step 5\"]\n<\/p><div class=\"wpcf7-response-output\" aria-hidden=\"true\"><\/div>\n<\/form>\n<\/div>\n<\/div><\/div><\/div><\/div>\n<\/div>","protected":false},"excerpt":{"rendered":"La Solution pour Enlever ses Tatouages \u00e0 Maurice Je Profite de l\u2019Offre Your browser does not support the video tag. Vous souhaitez vous d\u00e9barrasser d\u2019un tatouage ind\u00e9sirable ? VISAGE BRAS MAILLOT JAMBES Le Laser YAG est une technologie de pointe permettant de briser les pigments de votre tatouage en petites particules, qui sont ensuite naturellement... <a class=\"view-article\" href=\"https:\/\/newonebyc.mu\/en\/laser-yag\/\">View Article<\/a>","protected":false},"author":1,"featured_media":2772,"parent":0,"menu_order":0,"comment_status":"closed","ping_status":"closed","template":"landing.php","meta":{"footnotes":""},"class_list":["post-2764","page","type-page","status-publish","has-post-thumbnail","hentry"],"yoast_head":"<!-- This site is optimized with the Yoast SEO plugin v27.5 - https:\/\/yoast.com\/product\/yoast-seo-wordpress\/ -->\n<title>Offre Laser Yag - NewOneByC<\/title>\n<meta name=\"description\" content=\"La Solution pour Enlever ses Tatouages\" \/>\n<meta name=\"robots\" content=\"index, follow, max-snippet:-1, max-image-preview:large, max-video-preview:-1\" \/>\n<link rel=\"canonical\" href=\"https:\/\/newonebyc.mu\/en\/laser-yag\/\" \/>\n<meta property=\"og:locale\" content=\"en_US\" \/>\n<meta property=\"og:type\" content=\"article\" \/>\n<meta property=\"og:title\" content=\"Offre Laser Yag - NewOneByC\" \/>\n<meta property=\"og:description\" content=\"La Solution pour Enlever ses Tatouages.\" \/>\n<meta property=\"og:url\" content=\"https:\/\/newonebyc.mu\/en\/laser-yag\/\" \/>\n<meta property=\"og:site_name\" content=\"NewOneByC\" \/>\n<meta property=\"article:modified_time\" content=\"2023-07-26T05:50:33+00:00\" \/>\n<meta property=\"og:image\" content=\"https:\/\/newonebyc.mu\/wp-content\/uploads\/2023\/07\/tattoo-removal_002.jpg\" \/>\n\t<meta property=\"og:image:width\" content=\"1000\" \/>\n\t<meta property=\"og:image:height\" content=\"668\" \/>\n\t<meta property=\"og:image:type\" content=\"image\/jpeg\" \/>\n<meta name=\"twitter:card\" content=\"summary_large_image\" \/>\n<meta name=\"twitter:title\" content=\"Offre Laser Yag - NewOneByC\" \/>\n<meta name=\"twitter:description\" content=\"La Solution pour Enlever ses Tatouages.\" \/>\n<meta name=\"twitter:image\" content=\"https:\/\/newonebyc.mu\/wp-content\/uploads\/2023\/07\/tattoo-removal_002.jpg\" \/>\n<meta name=\"twitter:label1\" content=\"Est. reading time\" \/>\n\t<meta name=\"twitter:data1\" content=\"2 minutes\" \/>\n<script type=\"application\/ld+json\" class=\"yoast-schema-graph\">{\"@context\":\"https:\\\/\\\/schema.org\",\"@graph\":[{\"@type\":\"WebPage\",\"@id\":\"https:\\\/\\\/newonebyc.mu\\\/laser-yag\\\/\",\"url\":\"https:\\\/\\\/newonebyc.mu\\\/laser-yag\\\/\",\"name\":\"Offre Laser Yag - NewOneByC\",\"isPartOf\":{\"@id\":\"https:\\\/\\\/newonebyc.mu\\\/#website\"},\"primaryImageOfPage\":{\"@id\":\"https:\\\/\\\/newonebyc.mu\\\/laser-yag\\\/#primaryimage\"},\"image\":{\"@id\":\"https:\\\/\\\/newonebyc.mu\\\/laser-yag\\\/#primaryimage\"},\"thumbnailUrl\":\"https:\\\/\\\/newonebyc.mu\\\/wp-content\\\/uploads\\\/2023\\\/07\\\/tattoo-removal_002.jpg\",\"datePublished\":\"2023-07-07T04:40:30+00:00\",\"dateModified\":\"2023-07-26T05:50:33+00:00\",\"description\":\"La Solution pour Enlever ses Tatouages\",\"breadcrumb\":{\"@id\":\"https:\\\/\\\/newonebyc.mu\\\/laser-yag\\\/#breadcrumb\"},\"inLanguage\":\"en-US\",\"potentialAction\":[{\"@type\":\"ReadAction\",\"target\":[\"https:\\\/\\\/newonebyc.mu\\\/laser-yag\\\/\"]}]},{\"@type\":\"ImageObject\",\"inLanguage\":\"en-US\",\"@id\":\"https:\\\/\\\/newonebyc.mu\\\/laser-yag\\\/#primaryimage\",\"url\":\"https:\\\/\\\/newonebyc.mu\\\/wp-content\\\/uploads\\\/2023\\\/07\\\/tattoo-removal_002.jpg\",\"contentUrl\":\"https:\\\/\\\/newonebyc.mu\\\/wp-content\\\/uploads\\\/2023\\\/07\\\/tattoo-removal_002.jpg\",\"width\":1000,\"height\":668},{\"@type\":\"BreadcrumbList\",\"@id\":\"https:\\\/\\\/newonebyc.mu\\\/laser-yag\\\/#breadcrumb\",\"itemListElement\":[{\"@type\":\"ListItem\",\"position\":1,\"name\":\"Home\",\"item\":\"https:\\\/\\\/newonebyc.mu\\\/\"},{\"@type\":\"ListItem\",\"position\":2,\"name\":\"Offre Laser Yag\"}]},{\"@type\":\"WebSite\",\"@id\":\"https:\\\/\\\/newonebyc.mu\\\/#website\",\"url\":\"https:\\\/\\\/newonebyc.mu\\\/\",\"name\":\"NewOneByC\",\"description\":\"M\u00e9decine Esth\u00e9tique \u00e0 Maurice\",\"publisher\":{\"@id\":\"https:\\\/\\\/newonebyc.mu\\\/#organization\"},\"potentialAction\":[{\"@type\":\"SearchAction\",\"target\":{\"@type\":\"EntryPoint\",\"urlTemplate\":\"https:\\\/\\\/newonebyc.mu\\\/?s={search_term_string}\"},\"query-input\":{\"@type\":\"PropertyValueSpecification\",\"valueRequired\":true,\"valueName\":\"search_term_string\"}}],\"inLanguage\":\"en-US\"},{\"@type\":\"Organization\",\"@id\":\"https:\\\/\\\/newonebyc.mu\\\/#organization\",\"name\":\"NewOneByC\",\"url\":\"https:\\\/\\\/newonebyc.mu\\\/\",\"logo\":{\"@type\":\"ImageObject\",\"inLanguage\":\"en-US\",\"@id\":\"https:\\\/\\\/newonebyc.mu\\\/#\\\/schema\\\/logo\\\/image\\\/\",\"url\":\"http:\\\/\\\/newonebyc.mu\\\/wp-content\\\/uploads\\\/2022\\\/11\\\/social.png\",\"contentUrl\":\"http:\\\/\\\/newonebyc.mu\\\/wp-content\\\/uploads\\\/2022\\\/11\\\/social.png\",\"width\":1200,\"height\":628,\"caption\":\"NewOneByC\"},\"image\":{\"@id\":\"https:\\\/\\\/newonebyc.mu\\\/#\\\/schema\\\/logo\\\/image\\\/\"}}]}<\/script>\n<!-- \/ Yoast SEO plugin. -->","yoast_head_json":{"title":"Offre Laser Yag - NewOneByC","description":"La Solution pour Enlever ses Tatouages","robots":{"index":"index","follow":"follow","max-snippet":"max-snippet:-1","max-image-preview":"max-image-preview:large","max-video-preview":"max-video-preview:-1"},"canonical":"https:\/\/newonebyc.mu\/en\/laser-yag\/","og_locale":"en_US","og_type":"article","og_title":"Offre Laser Yag - NewOneByC","og_description":"La Solution pour Enlever ses Tatouages.","og_url":"https:\/\/newonebyc.mu\/en\/laser-yag\/","og_site_name":"NewOneByC","article_modified_time":"2023-07-26T05:50:33+00:00","og_image":[{"width":1000,"height":668,"url":"https:\/\/newonebyc.mu\/wp-content\/uploads\/2023\/07\/tattoo-removal_002.jpg","type":"image\/jpeg"}],"twitter_card":"summary_large_image","twitter_title":"Offre Laser Yag - NewOneByC","twitter_description":"La Solution pour Enlever ses Tatouages.","twitter_image":"https:\/\/newonebyc.mu\/wp-content\/uploads\/2023\/07\/tattoo-removal_002.jpg","twitter_misc":{"Est. reading time":"2 minutes"},"schema":{"@context":"https:\/\/schema.org","@graph":[{"@type":"WebPage","@id":"https:\/\/newonebyc.mu\/laser-yag\/","url":"https:\/\/newonebyc.mu\/laser-yag\/","name":"Offre Laser Yag - NewOneByC","isPartOf":{"@id":"https:\/\/newonebyc.mu\/#website"},"primaryImageOfPage":{"@id":"https:\/\/newonebyc.mu\/laser-yag\/#primaryimage"},"image":{"@id":"https:\/\/newonebyc.mu\/laser-yag\/#primaryimage"},"thumbnailUrl":"https:\/\/newonebyc.mu\/wp-content\/uploads\/2023\/07\/tattoo-removal_002.jpg","datePublished":"2023-07-07T04:40:30+00:00","dateModified":"2023-07-26T05:50:33+00:00","description":"La Solution pour Enlever ses Tatouages","breadcrumb":{"@id":"https:\/\/newonebyc.mu\/laser-yag\/#breadcrumb"},"inLanguage":"en-US","potentialAction":[{"@type":"ReadAction","target":["https:\/\/newonebyc.mu\/laser-yag\/"]}]},{"@type":"ImageObject","inLanguage":"en-US","@id":"https:\/\/newonebyc.mu\/laser-yag\/#primaryimage","url":"https:\/\/newonebyc.mu\/wp-content\/uploads\/2023\/07\/tattoo-removal_002.jpg","contentUrl":"https:\/\/newonebyc.mu\/wp-content\/uploads\/2023\/07\/tattoo-removal_002.jpg","width":1000,"height":668},{"@type":"BreadcrumbList","@id":"https:\/\/newonebyc.mu\/laser-yag\/#breadcrumb","itemListElement":[{"@type":"ListItem","position":1,"name":"Home","item":"https:\/\/newonebyc.mu\/"},{"@type":"ListItem","position":2,"name":"Offre Laser Yag"}]},{"@type":"WebSite","@id":"https:\/\/newonebyc.mu\/#website","url":"https:\/\/newonebyc.mu\/","name":"NewOneByC","description":"Aesthetic Medicine in Mauritius","publisher":{"@id":"https:\/\/newonebyc.mu\/#organization"},"potentialAction":[{"@type":"SearchAction","target":{"@type":"EntryPoint","urlTemplate":"https:\/\/newonebyc.mu\/?s={search_term_string}"},"query-input":{"@type":"PropertyValueSpecification","valueRequired":true,"valueName":"search_term_string"}}],"inLanguage":"en-US"},{"@type":"Organization","@id":"https:\/\/newonebyc.mu\/#organization","name":"NewOneByC","url":"https:\/\/newonebyc.mu\/","logo":{"@type":"ImageObject","inLanguage":"en-US","@id":"https:\/\/newonebyc.mu\/#\/schema\/logo\/image\/","url":"http:\/\/newonebyc.mu\/wp-content\/uploads\/2022\/11\/social.png","contentUrl":"http:\/\/newonebyc.mu\/wp-content\/uploads\/2022\/11\/social.png","width":1200,"height":628,"caption":"NewOneByC"},"image":{"@id":"https:\/\/newonebyc.mu\/#\/schema\/logo\/image\/"}}]}},"_links":{"self":[{"href":"https:\/\/newonebyc.mu\/en\/wp-json\/wp\/v2\/pages\/2764","targetHints":{"allow":["GET"]}}],"collection":[{"href":"https:\/\/newonebyc.mu\/en\/wp-json\/wp\/v2\/pages"}],"about":[{"href":"https:\/\/newonebyc.mu\/en\/wp-json\/wp\/v2\/types\/page"}],"author":[{"embeddable":true,"href":"https:\/\/newonebyc.mu\/en\/wp-json\/wp\/v2\/users\/1"}],"replies":[{"embeddable":true,"href":"https:\/\/newonebyc.mu\/en\/wp-json\/wp\/v2\/comments?post=2764"}],"version-history":[{"count":0,"href":"https:\/\/newonebyc.mu\/en\/wp-json\/wp\/v2\/pages\/2764\/revisions"}],"wp:featuredmedia":[{"embeddable":true,"href":"https:\/\/newonebyc.mu\/en\/wp-json\/wp\/v2\/media\/2772"}],"wp:attachment":[{"href":"https:\/\/newonebyc.mu\/en\/wp-json\/wp\/v2\/media?parent=2764"}],"curies":[{"name":"wp","href":"https:\/\/api.w.org\/{rel}","templated":true}]}}