{"id":2718,"date":"2023-07-05T10:52:27","date_gmt":"2023-07-05T10:52:27","guid":{"rendered":"http:\/\/newonebyc.mu\/?page_id=2718"},"modified":"2025-03-08T09:20:25","modified_gmt":"2025-03-08T09:20:25","slug":"offre-hifu","status":"publish","type":"page","link":"https:\/\/newonebyc.mu\/en\/offre-hifu\/","title":{"rendered":"Offre Hifu"},"content":{"rendered":"<div class=\"wpb-content-wrapper\"><div data-vc-full-width=\"true\" data-vc-full-width-init=\"false\" data-vc-stretch-content=\"true\" class=\"vc_row wpb_row vc_row-fluid vc_row-no-padding\"><div class=\"wpb_column vc_column_container vc_col-sm-12\"><div class=\"vc_column-inner\"><div class=\"wpb_wrapper\">\n\t<div class=\"wpb_text_column wpb_content_element\" id=\"video_wrap\">\n\t\t<div class=\"wpb_wrapper\">\n\t\t\t<div class=\"video-text\">\n<h1>AN ULTRA YOUNG FACE THANKS TO ULTRASONIC<\/h1>\n<p style=\"text-align: center;\">Enjoy the same benefits as a facelift without resorting to surgery thanks to the HIFU Facial<\/p>\n<p style=\"text-align: center;\"><a class=\"profite\" href=\"#form\">I Take Advantage of the Offer<\/a><\/p>\n<\/div>\n<div class=\"videoWrapper\"><video autoplay=\"autoplay\" loop=\"loop\" muted=\"\" width=\"300\" height=\"150\"><source src=\"\/wp-content\/uploads\/2023\/11\/HIFU_compressed.mp4\" type=\"video\/mp4\" \/><source src=\"\/wp-content\/uploads\/2023\/11\/HIFU_compressed.ogg\" type=\"video\/ogg\" \/>Your browser does not support the video tag.<\/video><\/div>\n\n\t\t<\/div>\n\t<\/div>\n<\/div><\/div><\/div><\/div><div class=\"vc_row-full-width vc_clearfix\"><\/div><div id=\"video-top\" class=\"vc_row wpb_row vc_row-fluid v2\"><div class=\"wpb_column vc_column_container vc_col-sm-12\"><div class=\"vc_column-inner\"><div class=\"wpb_wrapper\">\n\t<div class=\"wpb_text_column wpb_content_element\" >\n\t\t<div class=\"wpb_wrapper\">\n\t\t\t<h3 style=\"text-align: center;\">Rediscover your youthful years. Say goodbye to wrinkles and droopy eyelids.<\/h3>\n\n\t\t<\/div>\n\t<\/div>\n\n\t<div class=\"wpb_text_column wpb_content_element\" >\n\t\t<div class=\"wpb_wrapper\">\n\t\t\t<div class=\"post-carousel\">\n<div class=\"img-wrap\">\n<p><img decoding=\"async\" src=\"\/wp-content\/uploads\/2023\/07\/slider_hifu_001.jpg\" alt=\"\" \/><\/p>\n<div class=\"service-title\">Smoothes the eye contours<\/div>\n<\/div>\n<div class=\"img-wrap\">\n<p><img decoding=\"async\" src=\"\/wp-content\/uploads\/2023\/07\/lisse-rides.jpg\" alt=\"\" \/><\/p>\n<div class=\"service-title\">Smoothes facial wrinkles<\/div>\n<\/div>\n<div class=\"img-wrap\">\n<p><img decoding=\"async\" src=\"\/wp-content\/uploads\/2023\/07\/slider_hifu_003.jpg\" alt=\"\" \/><\/p>\n<div class=\"service-title\">Firms the skin of the neck<\/div>\n<\/div>\n<div class=\"img-wrap\">\n<p><img decoding=\"async\" src=\"\/wp-content\/uploads\/2023\/07\/slider_hifu_004.jpg\" alt=\"\" \/><\/p>\n<div class=\"service-title\">Reduces the appearance of jowls<\/div>\n<\/div>\n<\/div>\n\n\t\t<\/div>\n\t<\/div>\n<\/div><\/div><\/div><\/div><div id=\"offre\" data-vc-full-width=\"true\" data-vc-full-width-init=\"false\" data-vc-stretch-content=\"true\" class=\"vc_row wpb_row vc_row-fluid vc_row-no-padding\"><div class=\"wpb_column vc_column_container vc_col-sm-12\"><div class=\"vc_column-inner\"><div class=\"wpb_wrapper\">\n\t<div class=\"wpb_text_column wpb_content_element\" >\n\t\t<div class=\"wpb_wrapper\">\n\t\t\t<div class=\"temps-travail\">\n<h2 style=\"text-align: center;\">Newone by C offers you a High Intensity Focused Ultrasound (HIFU) facial \u2013 non-invasive treatment against facial aging. This treatment uses ultrasound to create heat deep within the skin, redefining the structure and elasticity of your face.<\/h2>\n<h3 style=\"text-align: center;\">Aging of the skin is inevitable. But it is now possible to reduce it thanks to the HIFU Facial.<\/h3>\n<ul>\n<li>No Incision, No Scars<\/li>\n<li>Natural Result<\/li>\n<li>A Visibly Rejuvenated Face<\/li>\n<\/ul>\n<\/div>\n\n\t\t<\/div>\n\t<\/div>\n<\/div><\/div><\/div><\/div><div class=\"vc_row-full-width vc_clearfix\"><\/div><div id=\"elegance\" data-vc-full-width=\"true\" data-vc-full-width-init=\"false\" class=\"vc_row wpb_row vc_row-fluid\"><div class=\"wpb_column vc_column_container vc_col-sm-12\"><div class=\"vc_column-inner\"><div class=\"wpb_wrapper\">\n\t<div class=\"wpb_text_column wpb_content_element\" id=\"offre-exceptionnel\">\n\t\t<div class=\"wpb_wrapper\">\n\t\t\t<p class=\"dix-jours\" style=\"text-align: center;\">Exceptional Offer<\/p>\n<div class=\"inscrire\">\n<h3 style=\"text-align: center;\">Register before March 31, 2025 to benefit from:<\/h3>\n<ul>\n<li>A discount of 25% on our treatments<\/li>\n<li>A free medical check-up<\/li>\n<\/ul>\n<\/div>\n\n\t\t<\/div>\n\t<\/div>\n\n\t<div class=\"wpb_text_column wpb_content_element\" >\n\t\t<div class=\"wpb_wrapper\">\n\t\t\t<div class=\"offre-price\" style=\"text-align: center;\">Rs4000<span class=\"strike\">Instead of Rs6000<\/span><\/div>\n\n\t\t<\/div>\n\t<\/div>\n\n\t<div class=\"wpb_text_column wpb_content_element\" >\n\t\t<div class=\"wpb_wrapper\">\n\t\t\t<h2 style=\"text-align: center;\">We offer you a free medical check-up before starting your treatment with our team of professionals, specialized in aesthetic medicine.<\/h2>\n\n\t\t<\/div>\n\t<\/div>\n<\/div><\/div><\/div><\/div><div class=\"vc_row-full-width vc_clearfix\"><\/div><div id=\"form\" class=\"vc_row wpb_row vc_row-fluid\"><div class=\"wpb_column vc_column_container vc_col-sm-12\"><div class=\"vc_column-inner\"><div class=\"wpb_wrapper\">\n\t<div class=\"wpb_text_column wpb_content_element\" >\n\t\t<div class=\"wpb_wrapper\">\n\t\t\t<h2 style=\"text-align: center;\">Ready to find a fresh, youthful face and a radiant complexion?<\/h2>\n\n\t\t<\/div>\n\t<\/div>\n\n\t<div class=\"wpb_text_column wpb_content_element\" >\n\t\t<div class=\"wpb_wrapper\">\n\t\t\t<h3 style=\"text-align: center;\"><strong>Please complete the form below to take advantage of this exceptional offer<\/strong><\/h3>\n\n\t\t<\/div>\n\t<\/div>\n\n<div class=\"wpcf7 no-js\" id=\"wpcf7-f2816-o1\" lang=\"fr-FR\" dir=\"ltr\" data-wpcf7-id=\"2816\">\n<div class=\"screen-reader-response\"><p role=\"status\" aria-live=\"polite\" aria-atomic=\"true\"><\/p> <ul><\/ul><\/div>\n<form action=\"\/en\/wp-json\/wp\/v2\/pages\/2718#wpcf7-f2816-o1\" method=\"post\" class=\"wpcf7-form init\" aria-label=\"Formulaire de contact\" novalidate=\"novalidate\" data-status=\"init\" data-trp-original-action=\"\/en\/wp-json\/wp\/v2\/pages\/2718#wpcf7-f2816-o1\">\n<fieldset class=\"hidden-fields-container\"><input type=\"hidden\" name=\"_wpcf7\" value=\"2816\" \/><input type=\"hidden\" name=\"_wpcf7_version\" value=\"6.1.5\" \/><input type=\"hidden\" name=\"_wpcf7_locale\" value=\"fr_FR\" \/><input type=\"hidden\" name=\"_wpcf7_unit_tag\" value=\"wpcf7-f2816-o1\" \/><input type=\"hidden\" name=\"_wpcf7_container_post\" value=\"0\" \/><input type=\"hidden\" name=\"_wpcf7_posted_data_hash\" value=\"\" \/>\n<\/fieldset>\n<div class=\"form_heading\">\n\t<p>Our medical team will contact you as soon as possible to offer you an appointment.\n\t<\/p>\n<\/div>\n<p><br \/>\n<span class=\"wpcf7-form-control-wrap\" data-name=\"your-name\"><input size=\"40\" maxlength=\"400\" class=\"wpcf7-form-control wpcf7-text wpcf7-validates-as-required\" aria-required=\"true\" aria-invalid=\"false\" placeholder=\"Name*\" value=\"\" type=\"text\" name=\"your-name\" \/><\/span>\n<\/p>\n<p><br \/>\n<span class=\"wpcf7-form-control-wrap\" data-name=\"your-surname\"><input size=\"40\" maxlength=\"400\" class=\"wpcf7-form-control wpcf7-text wpcf7-validates-as-required\" aria-required=\"true\" aria-invalid=\"false\" placeholder=\"First name*\" value=\"\" type=\"text\" name=\"your-surname\" \/><\/span>\n<\/p>\n<p><br \/>\n<span class=\"wpcf7-form-control-wrap\" data-name=\"your-address\"><input size=\"40\" maxlength=\"400\" class=\"wpcf7-form-control wpcf7-text wpcf7-validates-as-required\" aria-required=\"true\" aria-invalid=\"false\" placeholder=\"Address*\" value=\"\" type=\"text\" name=\"your-address\" \/><\/span>\n<\/p>\n<p><br \/>\n<span class=\"wpcf7-form-control-wrap\" data-name=\"your-city\"><input size=\"40\" maxlength=\"400\" class=\"wpcf7-form-control wpcf7-text wpcf7-validates-as-required\" aria-required=\"true\" aria-invalid=\"false\" placeholder=\"City*\" value=\"\" type=\"text\" name=\"your-city\" \/><\/span>\n<\/p>\n<p><br \/>\n<span class=\"wpcf7-form-control-wrap\" data-name=\"your-phone\"><input size=\"40\" maxlength=\"400\" class=\"wpcf7-form-control wpcf7-text wpcf7-validates-as-required\" aria-required=\"true\" aria-invalid=\"false\" placeholder=\"Phone number*\" value=\"\" type=\"text\" name=\"your-phone\" \/><\/span>\n<\/p>\n<p><br \/>\n<span class=\"wpcf7-form-control-wrap\" data-name=\"your-email\"><input size=\"40\" maxlength=\"400\" class=\"wpcf7-form-control wpcf7-email wpcf7-validates-as-required wpcf7-text wpcf7-validates-as-email\" aria-required=\"true\" aria-invalid=\"false\" placeholder=\"E-mail address*\" value=\"\" type=\"email\" name=\"your-email\" \/><\/span>\n<\/p>\n<p><br \/>\n<span class=\"wpcf7-form-control-wrap\" data-name=\"your-job\"><input size=\"40\" maxlength=\"400\" class=\"wpcf7-form-control wpcf7-text wpcf7-validates-as-required\" aria-required=\"true\" aria-invalid=\"false\" placeholder=\"Profession\/Occupation*\" value=\"\" type=\"text\" name=\"your-job\" \/><\/span>\n<\/p>\n<p><br \/>\n<span class=\"wpcf7-form-control-wrap\" data-name=\"text-522\"><input size=\"40\" maxlength=\"400\" class=\"wpcf7-form-control wpcf7-text\" aria-invalid=\"false\" placeholder=\"Nationality\" value=\"\" type=\"text\" name=\"text-522\" \/><\/span>\n<\/p>\n<div class=\"sub-btn\">\n\t<p><input class=\"wpcf7-form-control wpcf7-submit has-spinner\" type=\"submit\" value=\"Send\" \/>\n\t<\/p>\n<\/div><div class=\"wpcf7-response-output\" aria-hidden=\"true\"><\/div>\n<input type=\"hidden\" name=\"trp-form-language\" value=\"en\"\/><\/form>\n<\/div>\n<\/div><\/div><\/div><\/div>\n<\/div>","protected":false},"excerpt":{"rendered":"UN VISAGE ULTRA JEUNE GR\u00c2CE AUX ULTRASONS Profitez des m\u00eames avantages qu\u2019un lifting sans recourir \u00e0 la chirurgie gr\u00e2ce au Facial HIFU Je Profite de l\u2019Offre Your browser does not support the video tag. Retrouvez vos ann\u00e9es de jeunesse. Dites adieu aux rides et aux paupi\u00e8res tombantes. Lisse les contours des yeux Lisse les rides... <a class=\"view-article\" href=\"https:\/\/newonebyc.mu\/en\/offre-hifu\/\">View Article<\/a>","protected":false},"author":1,"featured_media":2562,"parent":0,"menu_order":0,"comment_status":"closed","ping_status":"closed","template":"landing.php","meta":{"footnotes":""},"class_list":["post-2718","page","type-page","status-publish","has-post-thumbnail","hentry"],"yoast_head":"<!-- This site is optimized with the Yoast SEO plugin v27.4 - https:\/\/yoast.com\/product\/yoast-seo-wordpress\/ -->\n<title>Offre Hifu - NewOneByC<\/title>\n<meta name=\"description\" content=\"Rajeunissez votre visage, combattez l\u2019acn\u00e9 et sublimez vos traits gr\u00e2ce au Carbon Laser Peeling\" \/>\n<meta name=\"robots\" content=\"index, follow, max-snippet:-1, max-image-preview:large, max-video-preview:-1\" \/>\n<link rel=\"canonical\" href=\"https:\/\/newonebyc.mu\/en\/offre-hifu\/\" \/>\n<meta property=\"og:locale\" content=\"en_US\" \/>\n<meta property=\"og:type\" content=\"article\" \/>\n<meta property=\"og:title\" content=\"Offre Hifu - NewOneByC\" \/>\n<meta property=\"og:description\" content=\"Rajeunissez votre visage, combattez l\u2019acn\u00e9 et sublimez vos traits gr\u00e2ce au Carbon Laser Peeling\" \/>\n<meta property=\"og:url\" content=\"https:\/\/newonebyc.mu\/en\/offre-hifu\/\" \/>\n<meta property=\"og:site_name\" content=\"NewOneByC\" \/>\n<meta property=\"article:modified_time\" content=\"2025-03-08T09:20:25+00:00\" \/>\n<meta property=\"og:image\" content=\"https:\/\/newonebyc.mu\/wp-content\/uploads\/2023\/05\/carbon-peeling-social.jpg\" \/>\n\t<meta property=\"og:image:width\" content=\"1200\" \/>\n\t<meta property=\"og:image:height\" content=\"689\" \/>\n\t<meta property=\"og:image:type\" content=\"image\/jpeg\" \/>\n<meta name=\"twitter:card\" content=\"summary_large_image\" \/>\n<meta name=\"twitter:title\" content=\"Offre Hifu - NewOneByC\" \/>\n<meta name=\"twitter:description\" content=\"Rajeunissez votre visage, combattez l\u2019acn\u00e9 et sublimez vos traits gr\u00e2ce au Carbon Laser Peeling\" \/>\n<meta name=\"twitter:image\" content=\"https:\/\/newonebyc.mu\/wp-content\/uploads\/2023\/05\/carbon-peeling-social.jpg\" \/>\n<meta name=\"twitter:label1\" content=\"Est. reading time\" \/>\n\t<meta name=\"twitter:data1\" content=\"3 minutes\" \/>\n<script type=\"application\/ld+json\" class=\"yoast-schema-graph\">{\"@context\":\"https:\\\/\\\/schema.org\",\"@graph\":[{\"@type\":\"WebPage\",\"@id\":\"https:\\\/\\\/newonebyc.mu\\\/offre-hifu\\\/\",\"url\":\"https:\\\/\\\/newonebyc.mu\\\/offre-hifu\\\/\",\"name\":\"Offre Hifu - NewOneByC\",\"isPartOf\":{\"@id\":\"https:\\\/\\\/newonebyc.mu\\\/#website\"},\"primaryImageOfPage\":{\"@id\":\"https:\\\/\\\/newonebyc.mu\\\/offre-hifu\\\/#primaryimage\"},\"image\":{\"@id\":\"https:\\\/\\\/newonebyc.mu\\\/offre-hifu\\\/#primaryimage\"},\"thumbnailUrl\":\"https:\\\/\\\/newonebyc.mu\\\/wp-content\\\/uploads\\\/2023\\\/05\\\/carbon-peeling-social.jpg\",\"datePublished\":\"2023-07-05T10:52:27+00:00\",\"dateModified\":\"2025-03-08T09:20:25+00:00\",\"description\":\"Rajeunissez votre visage, combattez l\u2019acn\u00e9 et sublimez vos traits gr\u00e2ce au Carbon Laser Peeling\",\"breadcrumb\":{\"@id\":\"https:\\\/\\\/newonebyc.mu\\\/offre-hifu\\\/#breadcrumb\"},\"inLanguage\":\"en-US\",\"potentialAction\":[{\"@type\":\"ReadAction\",\"target\":[\"https:\\\/\\\/newonebyc.mu\\\/offre-hifu\\\/\"]}]},{\"@type\":\"ImageObject\",\"inLanguage\":\"en-US\",\"@id\":\"https:\\\/\\\/newonebyc.mu\\\/offre-hifu\\\/#primaryimage\",\"url\":\"https:\\\/\\\/newonebyc.mu\\\/wp-content\\\/uploads\\\/2023\\\/05\\\/carbon-peeling-social.jpg\",\"contentUrl\":\"https:\\\/\\\/newonebyc.mu\\\/wp-content\\\/uploads\\\/2023\\\/05\\\/carbon-peeling-social.jpg\",\"width\":1200,\"height\":689},{\"@type\":\"BreadcrumbList\",\"@id\":\"https:\\\/\\\/newonebyc.mu\\\/offre-hifu\\\/#breadcrumb\",\"itemListElement\":[{\"@type\":\"ListItem\",\"position\":1,\"name\":\"Home\",\"item\":\"https:\\\/\\\/newonebyc.mu\\\/\"},{\"@type\":\"ListItem\",\"position\":2,\"name\":\"Offre Hifu\"}]},{\"@type\":\"WebSite\",\"@id\":\"https:\\\/\\\/newonebyc.mu\\\/#website\",\"url\":\"https:\\\/\\\/newonebyc.mu\\\/\",\"name\":\"NewOneByC\",\"description\":\"M\u00e9decine Esth\u00e9tique \u00e0 Maurice\",\"publisher\":{\"@id\":\"https:\\\/\\\/newonebyc.mu\\\/#organization\"},\"potentialAction\":[{\"@type\":\"SearchAction\",\"target\":{\"@type\":\"EntryPoint\",\"urlTemplate\":\"https:\\\/\\\/newonebyc.mu\\\/?s={search_term_string}\"},\"query-input\":{\"@type\":\"PropertyValueSpecification\",\"valueRequired\":true,\"valueName\":\"search_term_string\"}}],\"inLanguage\":\"en-US\"},{\"@type\":\"Organization\",\"@id\":\"https:\\\/\\\/newonebyc.mu\\\/#organization\",\"name\":\"NewOneByC\",\"url\":\"https:\\\/\\\/newonebyc.mu\\\/\",\"logo\":{\"@type\":\"ImageObject\",\"inLanguage\":\"en-US\",\"@id\":\"https:\\\/\\\/newonebyc.mu\\\/#\\\/schema\\\/logo\\\/image\\\/\",\"url\":\"http:\\\/\\\/newonebyc.mu\\\/wp-content\\\/uploads\\\/2022\\\/11\\\/social.png\",\"contentUrl\":\"http:\\\/\\\/newonebyc.mu\\\/wp-content\\\/uploads\\\/2022\\\/11\\\/social.png\",\"width\":1200,\"height\":628,\"caption\":\"NewOneByC\"},\"image\":{\"@id\":\"https:\\\/\\\/newonebyc.mu\\\/#\\\/schema\\\/logo\\\/image\\\/\"}}]}<\/script>\n<!-- \/ Yoast SEO plugin. -->","yoast_head_json":{"title":"Offre Hifu - NewOneByC","description":"Rajeunissez votre visage, combattez l\u2019acn\u00e9 et sublimez vos traits gr\u00e2ce au Carbon Laser Peeling","robots":{"index":"index","follow":"follow","max-snippet":"max-snippet:-1","max-image-preview":"max-image-preview:large","max-video-preview":"max-video-preview:-1"},"canonical":"https:\/\/newonebyc.mu\/en\/offre-hifu\/","og_locale":"en_US","og_type":"article","og_title":"Offre Hifu - NewOneByC","og_description":"Rajeunissez votre visage, combattez l\u2019acn\u00e9 et sublimez vos traits gr\u00e2ce au Carbon Laser Peeling","og_url":"https:\/\/newonebyc.mu\/en\/offre-hifu\/","og_site_name":"NewOneByC","article_modified_time":"2025-03-08T09:20:25+00:00","og_image":[{"width":1200,"height":689,"url":"https:\/\/newonebyc.mu\/wp-content\/uploads\/2023\/05\/carbon-peeling-social.jpg","type":"image\/jpeg"}],"twitter_card":"summary_large_image","twitter_title":"Offre Hifu - NewOneByC","twitter_description":"Rajeunissez votre visage, combattez l\u2019acn\u00e9 et sublimez vos traits gr\u00e2ce au Carbon Laser Peeling","twitter_image":"https:\/\/newonebyc.mu\/wp-content\/uploads\/2023\/05\/carbon-peeling-social.jpg","twitter_misc":{"Est. reading time":"3 minutes"},"schema":{"@context":"https:\/\/schema.org","@graph":[{"@type":"WebPage","@id":"https:\/\/newonebyc.mu\/offre-hifu\/","url":"https:\/\/newonebyc.mu\/offre-hifu\/","name":"Offre Hifu - NewOneByC","isPartOf":{"@id":"https:\/\/newonebyc.mu\/#website"},"primaryImageOfPage":{"@id":"https:\/\/newonebyc.mu\/offre-hifu\/#primaryimage"},"image":{"@id":"https:\/\/newonebyc.mu\/offre-hifu\/#primaryimage"},"thumbnailUrl":"https:\/\/newonebyc.mu\/wp-content\/uploads\/2023\/05\/carbon-peeling-social.jpg","datePublished":"2023-07-05T10:52:27+00:00","dateModified":"2025-03-08T09:20:25+00:00","description":"Rajeunissez votre visage, combattez l\u2019acn\u00e9 et sublimez vos traits gr\u00e2ce au Carbon Laser Peeling","breadcrumb":{"@id":"https:\/\/newonebyc.mu\/offre-hifu\/#breadcrumb"},"inLanguage":"en-US","potentialAction":[{"@type":"ReadAction","target":["https:\/\/newonebyc.mu\/offre-hifu\/"]}]},{"@type":"ImageObject","inLanguage":"en-US","@id":"https:\/\/newonebyc.mu\/offre-hifu\/#primaryimage","url":"https:\/\/newonebyc.mu\/wp-content\/uploads\/2023\/05\/carbon-peeling-social.jpg","contentUrl":"https:\/\/newonebyc.mu\/wp-content\/uploads\/2023\/05\/carbon-peeling-social.jpg","width":1200,"height":689},{"@type":"BreadcrumbList","@id":"https:\/\/newonebyc.mu\/offre-hifu\/#breadcrumb","itemListElement":[{"@type":"ListItem","position":1,"name":"Home","item":"https:\/\/newonebyc.mu\/"},{"@type":"ListItem","position":2,"name":"Offre Hifu"}]},{"@type":"WebSite","@id":"https:\/\/newonebyc.mu\/#website","url":"https:\/\/newonebyc.mu\/","name":"NewOneByC","description":"Aesthetic Medicine in Mauritius","publisher":{"@id":"https:\/\/newonebyc.mu\/#organization"},"potentialAction":[{"@type":"SearchAction","target":{"@type":"EntryPoint","urlTemplate":"https:\/\/newonebyc.mu\/?s={search_term_string}"},"query-input":{"@type":"PropertyValueSpecification","valueRequired":true,"valueName":"search_term_string"}}],"inLanguage":"en-US"},{"@type":"Organization","@id":"https:\/\/newonebyc.mu\/#organization","name":"NewOneByC","url":"https:\/\/newonebyc.mu\/","logo":{"@type":"ImageObject","inLanguage":"en-US","@id":"https:\/\/newonebyc.mu\/#\/schema\/logo\/image\/","url":"http:\/\/newonebyc.mu\/wp-content\/uploads\/2022\/11\/social.png","contentUrl":"http:\/\/newonebyc.mu\/wp-content\/uploads\/2022\/11\/social.png","width":1200,"height":628,"caption":"NewOneByC"},"image":{"@id":"https:\/\/newonebyc.mu\/#\/schema\/logo\/image\/"}}]}},"_links":{"self":[{"href":"https:\/\/newonebyc.mu\/en\/wp-json\/wp\/v2\/pages\/2718","targetHints":{"allow":["GET"]}}],"collection":[{"href":"https:\/\/newonebyc.mu\/en\/wp-json\/wp\/v2\/pages"}],"about":[{"href":"https:\/\/newonebyc.mu\/en\/wp-json\/wp\/v2\/types\/page"}],"author":[{"embeddable":true,"href":"https:\/\/newonebyc.mu\/en\/wp-json\/wp\/v2\/users\/1"}],"replies":[{"embeddable":true,"href":"https:\/\/newonebyc.mu\/en\/wp-json\/wp\/v2\/comments?post=2718"}],"version-history":[{"count":9,"href":"https:\/\/newonebyc.mu\/en\/wp-json\/wp\/v2\/pages\/2718\/revisions"}],"predecessor-version":[{"id":3316,"href":"https:\/\/newonebyc.mu\/en\/wp-json\/wp\/v2\/pages\/2718\/revisions\/3316"}],"wp:featuredmedia":[{"embeddable":true,"href":"https:\/\/newonebyc.mu\/en\/wp-json\/wp\/v2\/media\/2562"}],"wp:attachment":[{"href":"https:\/\/newonebyc.mu\/en\/wp-json\/wp\/v2\/media?parent=2718"}],"curies":[{"name":"wp","href":"https:\/\/api.w.org\/{rel}","templated":true}]}}