{"id":2641,"date":"2023-06-01T15:25:28","date_gmt":"2023-06-01T15:25:28","guid":{"rendered":"http:\/\/newonebyc.mu\/?page_id=2641"},"modified":"2023-06-01T15:45:59","modified_gmt":"2023-06-01T15:45:59","slug":"evaluation-dietetique","status":"publish","type":"page","link":"https:\/\/newonebyc.mu\/en\/evaluation-dietetique\/","title":{"rendered":"Dietary assessment"},"content":{"rendered":"<div class=\"wpb-content-wrapper\"><div class=\"vc_row wpb_row vc_row-fluid\"><div class=\"wpb_column vc_column_container vc_col-sm-12\"><div class=\"vc_column-inner\"><div class=\"wpb_wrapper\">\n\t<div class=\"wpb_text_column wpb_content_element\" >\n\t\t<div class=\"wpb_wrapper\">\n\t\t\t<div class=\"videoWrapper\"><video autoplay=\"autoplay\" loop=\"loop\" muted=\"\" width=\"300\" height=\"150\"><source src=\"\/wp-content\/uploads\/2023\/06\/diet.mp4\" type=\"video\/mp4\" \/><source src=\"\/wp-content\/uploads\/2023\/06\/diet.ogg\" type=\"video\/ogg\" \/>Your browser does not support the video tag.<\/video><\/div>\n\n\t\t<\/div>\n\t<\/div>\n<\/div><\/div><\/div><\/div><div class=\"vc_row wpb_row vc_row-fluid\"><div class=\"wpb_column vc_column_container vc_col-sm-12\"><div class=\"vc_column-inner\"><div class=\"wpb_wrapper\">\n\t<div class=\"wpb_text_column wpb_content_element\" >\n\t\t<div class=\"wpb_wrapper\">\n\t\t\t<h2>HELP YOU EAT BETTER? YES !<\/h2>\n<p>This will allow us to make dietary recommendations to you at different times during your slimming treatment with our devices, based on your metabolism and your constitution, taking into consideration your state of health and variable nutritional needs.<\/p>\n<p>Our goal is to identify appropriate and achievable areas of possible changes in your diet, all in accordance with the patient&#039;s lifestyle.<\/p>\n<p>We want to help you improve and\/or maintain good health in order to live well or better.<\/p>\n<h3>Is taking care of your body difficult for you?<\/h3>\n<p>Don&#039;t worry, Dr. Leena Kooblall Heeroo will answer your questions. She will take care of you with pleasure by offering you an \u00e0 la carte treatment.<\/p>\n\n\t\t<\/div>\n\t<\/div>\n<\/div><\/div><\/div><\/div>\n<\/div>","protected":false},"excerpt":{"rendered":"Your browser does not support the video tag. HELPING YOU EAT BETTER? YES! This will allow us to provide you with dietary recommendations at different points during your weight loss treatment with our devices, based on your metabolism and constitution, taking into account your health and nutritional needs... <a class=\"view-article\" href=\"https:\/\/newonebyc.mu\/en\/evaluation-dietetique\/\">View Article<\/a>","protected":false},"author":1,"featured_media":2497,"parent":0,"menu_order":0,"comment_status":"closed","ping_status":"closed","template":"template-demo.php","meta":{"footnotes":""},"class_list":["post-2641","page","type-page","status-publish","has-post-thumbnail","hentry"],"yoast_head":"<!-- This site is optimized with the Yoast SEO plugin v27.4 - https:\/\/yoast.com\/product\/yoast-seo-wordpress\/ -->\n<title>\u00c9valuation di\u00e9t\u00e9tique - NewOneByC<\/title>\n<meta name=\"description\" content=\"Notre objectif est d\u2019identifier les domaines appropri\u00e9s et r\u00e9alisables des changements possibles dans votre alimentation, et tout ceci en accord avec le mode de vie du patient.\" \/>\n<meta name=\"robots\" content=\"index, follow, max-snippet:-1, max-image-preview:large, max-video-preview:-1\" \/>\n<link rel=\"canonical\" href=\"https:\/\/newonebyc.mu\/en\/evaluation-dietetique\/\" \/>\n<meta property=\"og:locale\" content=\"en_US\" \/>\n<meta property=\"og:type\" content=\"article\" \/>\n<meta property=\"og:title\" content=\"\u00c9valuation di\u00e9t\u00e9tique - NewOneByC\" \/>\n<meta property=\"og:description\" content=\"Notre objectif est d\u2019identifier les domaines appropri\u00e9s et r\u00e9alisables des changements possibles dans votre alimentation, et tout ceci en accord avec le mode de vie du patient.\" \/>\n<meta property=\"og:url\" content=\"https:\/\/newonebyc.mu\/en\/evaluation-dietetique\/\" \/>\n<meta property=\"og:site_name\" content=\"NewOneByC\" \/>\n<meta property=\"article:modified_time\" content=\"2023-06-01T15:45:59+00:00\" \/>\n<meta property=\"og:image\" content=\"https:\/\/newonebyc.mu\/wp-content\/uploads\/2023\/05\/evalutation-dietetique.jpg\" \/>\n\t<meta property=\"og:image:width\" content=\"1920\" \/>\n\t<meta property=\"og:image:height\" content=\"1280\" \/>\n\t<meta property=\"og:image:type\" content=\"image\/jpeg\" \/>\n<meta name=\"twitter:card\" content=\"summary_large_image\" \/>\n<meta name=\"twitter:title\" content=\"\u00c9valuation di\u00e9t\u00e9tique - NewOneByC\" \/>\n<meta name=\"twitter:description\" content=\"Notre objectif est d\u2019identifier les domaines appropri\u00e9s et r\u00e9alisables des changements possibles dans votre alimentation, et tout ceci en accord avec le mode de vie du patient.\" \/>\n<meta name=\"twitter:image\" content=\"https:\/\/newonebyc.mu\/wp-content\/uploads\/2023\/05\/evalutation-dietetique.jpg\" \/>\n<meta name=\"twitter:label1\" content=\"Est. reading time\" \/>\n\t<meta name=\"twitter:data1\" content=\"2 minutes\" \/>\n<script type=\"application\/ld+json\" class=\"yoast-schema-graph\">{\"@context\":\"https:\\\/\\\/schema.org\",\"@graph\":[{\"@type\":\"WebPage\",\"@id\":\"https:\\\/\\\/newonebyc.mu\\\/evaluation-dietetique\\\/\",\"url\":\"https:\\\/\\\/newonebyc.mu\\\/evaluation-dietetique\\\/\",\"name\":\"\u00c9valuation di\u00e9t\u00e9tique - NewOneByC\",\"isPartOf\":{\"@id\":\"https:\\\/\\\/newonebyc.mu\\\/#website\"},\"primaryImageOfPage\":{\"@id\":\"https:\\\/\\\/newonebyc.mu\\\/evaluation-dietetique\\\/#primaryimage\"},\"image\":{\"@id\":\"https:\\\/\\\/newonebyc.mu\\\/evaluation-dietetique\\\/#primaryimage\"},\"thumbnailUrl\":\"https:\\\/\\\/newonebyc.mu\\\/wp-content\\\/uploads\\\/2023\\\/05\\\/evalutation-dietetique.jpg\",\"datePublished\":\"2023-06-01T15:25:28+00:00\",\"dateModified\":\"2023-06-01T15:45:59+00:00\",\"description\":\"Notre objectif est d\u2019identifier les domaines appropri\u00e9s et r\u00e9alisables des changements possibles dans votre alimentation, et tout ceci en accord avec le mode de vie du patient.\",\"breadcrumb\":{\"@id\":\"https:\\\/\\\/newonebyc.mu\\\/evaluation-dietetique\\\/#breadcrumb\"},\"inLanguage\":\"en-US\",\"potentialAction\":[{\"@type\":\"ReadAction\",\"target\":[\"https:\\\/\\\/newonebyc.mu\\\/evaluation-dietetique\\\/\"]}]},{\"@type\":\"ImageObject\",\"inLanguage\":\"en-US\",\"@id\":\"https:\\\/\\\/newonebyc.mu\\\/evaluation-dietetique\\\/#primaryimage\",\"url\":\"https:\\\/\\\/newonebyc.mu\\\/wp-content\\\/uploads\\\/2023\\\/05\\\/evalutation-dietetique.jpg\",\"contentUrl\":\"https:\\\/\\\/newonebyc.mu\\\/wp-content\\\/uploads\\\/2023\\\/05\\\/evalutation-dietetique.jpg\",\"width\":1920,\"height\":1280},{\"@type\":\"BreadcrumbList\",\"@id\":\"https:\\\/\\\/newonebyc.mu\\\/evaluation-dietetique\\\/#breadcrumb\",\"itemListElement\":[{\"@type\":\"ListItem\",\"position\":1,\"name\":\"Home\",\"item\":\"https:\\\/\\\/newonebyc.mu\\\/\"},{\"@type\":\"ListItem\",\"position\":2,\"name\":\"\u00c9valuation di\u00e9t\u00e9tique\"}]},{\"@type\":\"WebSite\",\"@id\":\"https:\\\/\\\/newonebyc.mu\\\/#website\",\"url\":\"https:\\\/\\\/newonebyc.mu\\\/\",\"name\":\"NewOneByC\",\"description\":\"M\u00e9decine Esth\u00e9tique \u00e0 Maurice\",\"publisher\":{\"@id\":\"https:\\\/\\\/newonebyc.mu\\\/#organization\"},\"potentialAction\":[{\"@type\":\"SearchAction\",\"target\":{\"@type\":\"EntryPoint\",\"urlTemplate\":\"https:\\\/\\\/newonebyc.mu\\\/?s={search_term_string}\"},\"query-input\":{\"@type\":\"PropertyValueSpecification\",\"valueRequired\":true,\"valueName\":\"search_term_string\"}}],\"inLanguage\":\"en-US\"},{\"@type\":\"Organization\",\"@id\":\"https:\\\/\\\/newonebyc.mu\\\/#organization\",\"name\":\"NewOneByC\",\"url\":\"https:\\\/\\\/newonebyc.mu\\\/\",\"logo\":{\"@type\":\"ImageObject\",\"inLanguage\":\"en-US\",\"@id\":\"https:\\\/\\\/newonebyc.mu\\\/#\\\/schema\\\/logo\\\/image\\\/\",\"url\":\"http:\\\/\\\/newonebyc.mu\\\/wp-content\\\/uploads\\\/2022\\\/11\\\/social.png\",\"contentUrl\":\"http:\\\/\\\/newonebyc.mu\\\/wp-content\\\/uploads\\\/2022\\\/11\\\/social.png\",\"width\":1200,\"height\":628,\"caption\":\"NewOneByC\"},\"image\":{\"@id\":\"https:\\\/\\\/newonebyc.mu\\\/#\\\/schema\\\/logo\\\/image\\\/\"}}]}<\/script>\n<!-- \/ Yoast SEO plugin. -->","yoast_head_json":{"title":"Dietary Assessment - NewOneByC","description":"Our goal is to identify appropriate and achievable areas of possible changes in your diet, all in accordance with the patient&#039;s lifestyle.","robots":{"index":"index","follow":"follow","max-snippet":"max-snippet:-1","max-image-preview":"max-image-preview:large","max-video-preview":"max-video-preview:-1"},"canonical":"https:\/\/newonebyc.mu\/en\/evaluation-dietetique\/","og_locale":"en_US","og_type":"article","og_title":"\u00c9valuation di\u00e9t\u00e9tique - NewOneByC","og_description":"Notre objectif est d\u2019identifier les domaines appropri\u00e9s et r\u00e9alisables des changements possibles dans votre alimentation, et tout ceci en accord avec le mode de vie du patient.","og_url":"https:\/\/newonebyc.mu\/en\/evaluation-dietetique\/","og_site_name":"NewOneByC","article_modified_time":"2023-06-01T15:45:59+00:00","og_image":[{"width":1920,"height":1280,"url":"https:\/\/newonebyc.mu\/wp-content\/uploads\/2023\/05\/evalutation-dietetique.jpg","type":"image\/jpeg"}],"twitter_card":"summary_large_image","twitter_title":"\u00c9valuation di\u00e9t\u00e9tique - NewOneByC","twitter_description":"Notre objectif est d\u2019identifier les domaines appropri\u00e9s et r\u00e9alisables des changements possibles dans votre alimentation, et tout ceci en accord avec le mode de vie du patient.","twitter_image":"https:\/\/newonebyc.mu\/wp-content\/uploads\/2023\/05\/evalutation-dietetique.jpg","twitter_misc":{"Est. reading time":"2 minutes"},"schema":{"@context":"https:\/\/schema.org","@graph":[{"@type":"WebPage","@id":"https:\/\/newonebyc.mu\/evaluation-dietetique\/","url":"https:\/\/newonebyc.mu\/evaluation-dietetique\/","name":"Dietary Assessment - NewOneByC","isPartOf":{"@id":"https:\/\/newonebyc.mu\/#website"},"primaryImageOfPage":{"@id":"https:\/\/newonebyc.mu\/evaluation-dietetique\/#primaryimage"},"image":{"@id":"https:\/\/newonebyc.mu\/evaluation-dietetique\/#primaryimage"},"thumbnailUrl":"https:\/\/newonebyc.mu\/wp-content\/uploads\/2023\/05\/evalutation-dietetique.jpg","datePublished":"2023-06-01T15:25:28+00:00","dateModified":"2023-06-01T15:45:59+00:00","description":"Our goal is to identify appropriate and achievable areas of possible changes in your diet, all in accordance with the patient&#039;s lifestyle.","breadcrumb":{"@id":"https:\/\/newonebyc.mu\/evaluation-dietetique\/#breadcrumb"},"inLanguage":"en-US","potentialAction":[{"@type":"ReadAction","target":["https:\/\/newonebyc.mu\/evaluation-dietetique\/"]}]},{"@type":"ImageObject","inLanguage":"en-US","@id":"https:\/\/newonebyc.mu\/evaluation-dietetique\/#primaryimage","url":"https:\/\/newonebyc.mu\/wp-content\/uploads\/2023\/05\/evalutation-dietetique.jpg","contentUrl":"https:\/\/newonebyc.mu\/wp-content\/uploads\/2023\/05\/evalutation-dietetique.jpg","width":1920,"height":1280},{"@type":"BreadcrumbList","@id":"https:\/\/newonebyc.mu\/evaluation-dietetique\/#breadcrumb","itemListElement":[{"@type":"ListItem","position":1,"name":"Home","item":"https:\/\/newonebyc.mu\/"},{"@type":"ListItem","position":2,"name":"\u00c9valuation di\u00e9t\u00e9tique"}]},{"@type":"WebSite","@id":"https:\/\/newonebyc.mu\/#website","url":"https:\/\/newonebyc.mu\/","name":"NewOneByC","description":"Aesthetic Medicine in Mauritius","publisher":{"@id":"https:\/\/newonebyc.mu\/#organization"},"potentialAction":[{"@type":"SearchAction","target":{"@type":"EntryPoint","urlTemplate":"https:\/\/newonebyc.mu\/?s={search_term_string}"},"query-input":{"@type":"PropertyValueSpecification","valueRequired":true,"valueName":"search_term_string"}}],"inLanguage":"en-US"},{"@type":"Organization","@id":"https:\/\/newonebyc.mu\/#organization","name":"NewOneByC","url":"https:\/\/newonebyc.mu\/","logo":{"@type":"ImageObject","inLanguage":"en-US","@id":"https:\/\/newonebyc.mu\/#\/schema\/logo\/image\/","url":"http:\/\/newonebyc.mu\/wp-content\/uploads\/2022\/11\/social.png","contentUrl":"http:\/\/newonebyc.mu\/wp-content\/uploads\/2022\/11\/social.png","width":1200,"height":628,"caption":"NewOneByC"},"image":{"@id":"https:\/\/newonebyc.mu\/#\/schema\/logo\/image\/"}}]}},"_links":{"self":[{"href":"https:\/\/newonebyc.mu\/en\/wp-json\/wp\/v2\/pages\/2641","targetHints":{"allow":["GET"]}}],"collection":[{"href":"https:\/\/newonebyc.mu\/en\/wp-json\/wp\/v2\/pages"}],"about":[{"href":"https:\/\/newonebyc.mu\/en\/wp-json\/wp\/v2\/types\/page"}],"author":[{"embeddable":true,"href":"https:\/\/newonebyc.mu\/en\/wp-json\/wp\/v2\/users\/1"}],"replies":[{"embeddable":true,"href":"https:\/\/newonebyc.mu\/en\/wp-json\/wp\/v2\/comments?post=2641"}],"version-history":[{"count":0,"href":"https:\/\/newonebyc.mu\/en\/wp-json\/wp\/v2\/pages\/2641\/revisions"}],"wp:featuredmedia":[{"embeddable":true,"href":"https:\/\/newonebyc.mu\/en\/wp-json\/wp\/v2\/media\/2497"}],"wp:attachment":[{"href":"https:\/\/newonebyc.mu\/en\/wp-json\/wp\/v2\/media?parent=2641"}],"curies":[{"name":"wp","href":"https:\/\/api.w.org\/{rel}","templated":true}]}}