{"id":2560,"date":"2023-05-30T15:47:53","date_gmt":"2023-05-30T15:47:53","guid":{"rendered":"http:\/\/newonebyc.mu\/?page_id=2560"},"modified":"2023-09-24T07:49:23","modified_gmt":"2023-09-24T07:49:23","slug":"carbon-peeling","status":"publish","type":"page","link":"https:\/\/newonebyc.mu\/en\/carbon-peeling\/","title":{"rendered":"Carbon Peeling"},"content":{"rendered":"<div class=\"wpb-content-wrapper\"><div class=\"vc_row wpb_row vc_row-fluid\"><div class=\"wpb_column vc_column_container vc_col-sm-12\"><div class=\"vc_column-inner\"><div class=\"wpb_wrapper\">\n\t<div class=\"wpb_text_column wpb_content_element\" >\n\t\t<div class=\"wpb_wrapper\">\n\t\t\t<p>Popular with celebrities, as well as our lovely customers, the Carbon Peel is starting to gain traction in Mauritius too. Carbon Peeling is a painless treatment that gently exfoliates a layer of facial skin, giving a refreshed appearance with a clearer, even complexion.<\/p>\n<h2>Procedure:<\/h2>\n<p>In the first step, carbon lotion is applied to the skin. Next, a laser reaches the dermis, creating a controlled thermal change to stimulate the healing process. This causes the production and remodeling of collagen, elastin and fibroblasts to rejuvenate the skin and target fine lines and wrinkles. The heat created also induces pore remodeling and contraction, making it an ideal treatment for those with enlarged pores. When targeted at acne, this high-energy treatment goes directly to and destroys the acne membrane, reducing acne and its associated inflammation.<\/p>\n<p>The second part of the treatment includes the removal of the carbon lotion, with the short pulse laser. This laser fragments the carbon into fine particles and then absorbs them, destroying the carbon and removing dead skin cells, oils and impurities bound to it. The skin is also deeply exfoliated during this second step, making the peel 4 times more powerful than any other peel on the market, and leaves the skin significantly brighter, smoother and better textured.<\/p>\n<h2>Benefits :<\/h2>\n<p>Carbon Peeling has many aesthetic benefits, including:<\/p>\n<ul>\n<li>Cleansing \/ Exfoliation \/ Rejuvenation<\/li>\n<li>Stimulation of collagen and elastin production<\/li>\n<li>Reduction of acne scars<\/li>\n<li>Clearer, more even skin tone<\/li>\n<li>Reduction of pigments and fine lines<\/li>\n<li>Improves skin elasticity<\/li>\n<li>Tightens open pores<\/li>\n<li>Perfect for treating oily skin<\/li>\n<\/ul>\n<p>Carbon laser peels are generally very effective in improving the appearance of oily skin and enlarged pores. If you suffer from severe acne or acne scarring, it may take several treatments to achieve full results. Fine lines and wrinkles should also be visibly reduced after one or more treatments.<\/p>\n<h2>Disadvantages ?<\/h2>\n<p>The Carbon Peel is a completely safe skin treatment, with no reports of major skin complications or painful side effects. After treatment, you may notice slight redness and tingling, but both of these will disappear after treatment. Even better, you can return to your daily activities immediately afterwards.<\/p>\n\n\t\t<\/div>\n\t<\/div>\n<\/div><\/div><\/div><\/div>\n<\/div>","protected":false},"excerpt":{"rendered":"Popular with celebrities, as well as our lovely clients, the Carbon Peel is starting to gain traction in Mauritius as well. The Carbon Peel is a painless treatment that gently exfoliates a layer of facial skin, leaving you looking refreshed with a clearer, more even complexion. Procedure: During the... <a class=\"view-article\" href=\"https:\/\/newonebyc.mu\/en\/carbon-peeling\/\">View Article<\/a>","protected":false},"author":1,"featured_media":2561,"parent":0,"menu_order":0,"comment_status":"closed","ping_status":"closed","template":"template-demo.php","meta":{"footnotes":""},"class_list":["post-2560","page","type-page","status-publish","has-post-thumbnail","hentry"],"yoast_head":"<!-- This site is optimized with the Yoast SEO plugin v27.4 - https:\/\/yoast.com\/product\/yoast-seo-wordpress\/ -->\n<title>Carbon Peeling \u00e0 Maurice - Nettoyage Exfoliation Rajeunissement<\/title>\n<meta name=\"description\" content=\"D\u00e9couvrez le carbon peeling pour une peau plus douce, plus jeune et plus \u00e9clatante. Soin sur RDV dans nos cabinets \u00e0 Forbach ou Tamarin.\" \/>\n<meta name=\"robots\" content=\"index, follow, max-snippet:-1, max-image-preview:large, max-video-preview:-1\" \/>\n<link rel=\"canonical\" href=\"https:\/\/newonebyc.mu\/en\/carbon-peeling\/\" \/>\n<meta property=\"og:locale\" content=\"en_US\" \/>\n<meta property=\"og:type\" content=\"article\" \/>\n<meta property=\"og:title\" content=\"Carbon Peeling - NewOneByC\" \/>\n<meta property=\"og:description\" content=\"Le Carbon Peeling est un traitement indolore qui exfolie en douceur une couche de la peau du visage, donnant une apparence rafra\u00eechie avec un teint plus clair et uniforme.\" \/>\n<meta property=\"og:url\" content=\"https:\/\/newonebyc.mu\/en\/carbon-peeling\/\" \/>\n<meta property=\"og:site_name\" content=\"NewOneByC\" \/>\n<meta property=\"article:modified_time\" content=\"2023-09-24T07:49:23+00:00\" \/>\n<meta property=\"og:image\" content=\"https:\/\/newonebyc.mu\/wp-content\/uploads\/2023\/05\/carbon-peeling-social.jpg\" \/>\n\t<meta property=\"og:image:width\" content=\"1200\" \/>\n\t<meta property=\"og:image:height\" content=\"689\" \/>\n\t<meta property=\"og:image:type\" content=\"image\/jpeg\" \/>\n<meta name=\"twitter:card\" content=\"summary_large_image\" \/>\n<meta name=\"twitter:title\" content=\"Carbon Peeling - NewOneByC\" \/>\n<meta name=\"twitter:description\" content=\"Le Carbon Peeling est un traitement indolore qui exfolie en douceur une couche de la peau du visage, donnant une apparence rafra\u00eechie avec un teint plus clair et uniforme.\" \/>\n<meta name=\"twitter:image\" content=\"https:\/\/newonebyc.mu\/wp-content\/uploads\/2023\/05\/hifu-social.jpg\" \/>\n<meta name=\"twitter:label1\" content=\"Est. reading time\" \/>\n\t<meta name=\"twitter:data1\" content=\"2 minutes\" \/>\n<script type=\"application\/ld+json\" class=\"yoast-schema-graph\">{\"@context\":\"https:\\\/\\\/schema.org\",\"@graph\":[{\"@type\":\"WebPage\",\"@id\":\"https:\\\/\\\/newonebyc.mu\\\/carbon-peeling\\\/\",\"url\":\"https:\\\/\\\/newonebyc.mu\\\/carbon-peeling\\\/\",\"name\":\"Carbon Peeling \u00e0 Maurice - Nettoyage Exfoliation Rajeunissement\",\"isPartOf\":{\"@id\":\"https:\\\/\\\/newonebyc.mu\\\/#website\"},\"primaryImageOfPage\":{\"@id\":\"https:\\\/\\\/newonebyc.mu\\\/carbon-peeling\\\/#primaryimage\"},\"image\":{\"@id\":\"https:\\\/\\\/newonebyc.mu\\\/carbon-peeling\\\/#primaryimage\"},\"thumbnailUrl\":\"https:\\\/\\\/newonebyc.mu\\\/wp-content\\\/uploads\\\/2023\\\/05\\\/carbon-peeling-1.jpg\",\"datePublished\":\"2023-05-30T15:47:53+00:00\",\"dateModified\":\"2023-09-24T07:49:23+00:00\",\"description\":\"D\u00e9couvrez le carbon peeling pour une peau plus douce, plus jeune et plus \u00e9clatante. Soin sur RDV dans nos cabinets \u00e0 Forbach ou Tamarin.\",\"breadcrumb\":{\"@id\":\"https:\\\/\\\/newonebyc.mu\\\/carbon-peeling\\\/#breadcrumb\"},\"inLanguage\":\"en-US\",\"potentialAction\":[{\"@type\":\"ReadAction\",\"target\":[\"https:\\\/\\\/newonebyc.mu\\\/carbon-peeling\\\/\"]}]},{\"@type\":\"ImageObject\",\"inLanguage\":\"en-US\",\"@id\":\"https:\\\/\\\/newonebyc.mu\\\/carbon-peeling\\\/#primaryimage\",\"url\":\"https:\\\/\\\/newonebyc.mu\\\/wp-content\\\/uploads\\\/2023\\\/05\\\/carbon-peeling-1.jpg\",\"contentUrl\":\"https:\\\/\\\/newonebyc.mu\\\/wp-content\\\/uploads\\\/2023\\\/05\\\/carbon-peeling-1.jpg\",\"width\":2000,\"height\":509},{\"@type\":\"BreadcrumbList\",\"@id\":\"https:\\\/\\\/newonebyc.mu\\\/carbon-peeling\\\/#breadcrumb\",\"itemListElement\":[{\"@type\":\"ListItem\",\"position\":1,\"name\":\"Home\",\"item\":\"https:\\\/\\\/newonebyc.mu\\\/\"},{\"@type\":\"ListItem\",\"position\":2,\"name\":\"Carbon Peeling\"}]},{\"@type\":\"WebSite\",\"@id\":\"https:\\\/\\\/newonebyc.mu\\\/#website\",\"url\":\"https:\\\/\\\/newonebyc.mu\\\/\",\"name\":\"NewOneByC\",\"description\":\"M\u00e9decine Esth\u00e9tique \u00e0 Maurice\",\"publisher\":{\"@id\":\"https:\\\/\\\/newonebyc.mu\\\/#organization\"},\"potentialAction\":[{\"@type\":\"SearchAction\",\"target\":{\"@type\":\"EntryPoint\",\"urlTemplate\":\"https:\\\/\\\/newonebyc.mu\\\/?s={search_term_string}\"},\"query-input\":{\"@type\":\"PropertyValueSpecification\",\"valueRequired\":true,\"valueName\":\"search_term_string\"}}],\"inLanguage\":\"en-US\"},{\"@type\":\"Organization\",\"@id\":\"https:\\\/\\\/newonebyc.mu\\\/#organization\",\"name\":\"NewOneByC\",\"url\":\"https:\\\/\\\/newonebyc.mu\\\/\",\"logo\":{\"@type\":\"ImageObject\",\"inLanguage\":\"en-US\",\"@id\":\"https:\\\/\\\/newonebyc.mu\\\/#\\\/schema\\\/logo\\\/image\\\/\",\"url\":\"http:\\\/\\\/newonebyc.mu\\\/wp-content\\\/uploads\\\/2022\\\/11\\\/social.png\",\"contentUrl\":\"http:\\\/\\\/newonebyc.mu\\\/wp-content\\\/uploads\\\/2022\\\/11\\\/social.png\",\"width\":1200,\"height\":628,\"caption\":\"NewOneByC\"},\"image\":{\"@id\":\"https:\\\/\\\/newonebyc.mu\\\/#\\\/schema\\\/logo\\\/image\\\/\"}}]}<\/script>\n<!-- \/ Yoast SEO plugin. -->","yoast_head_json":{"title":"Carbon Peeling in Mauritius - Cleansing, Exfoliation, Rejuvenation","description":"Discover carbon peeling for softer, younger-looking, and more radiant skin. Treatment by appointment at our clinics in Forbach or Tamarin.","robots":{"index":"index","follow":"follow","max-snippet":"max-snippet:-1","max-image-preview":"max-image-preview:large","max-video-preview":"max-video-preview:-1"},"canonical":"https:\/\/newonebyc.mu\/en\/carbon-peeling\/","og_locale":"en_US","og_type":"article","og_title":"Carbon Peeling - NewOneByC","og_description":"Le Carbon Peeling est un traitement indolore qui exfolie en douceur une couche de la peau du visage, donnant une apparence rafra\u00eechie avec un teint plus clair et uniforme.","og_url":"https:\/\/newonebyc.mu\/en\/carbon-peeling\/","og_site_name":"NewOneByC","article_modified_time":"2023-09-24T07:49:23+00:00","og_image":[{"width":1200,"height":689,"url":"https:\/\/newonebyc.mu\/wp-content\/uploads\/2023\/05\/carbon-peeling-social.jpg","type":"image\/jpeg"}],"twitter_card":"summary_large_image","twitter_title":"Carbon Peeling - NewOneByC","twitter_description":"Le Carbon Peeling est un traitement indolore qui exfolie en douceur une couche de la peau du visage, donnant une apparence rafra\u00eechie avec un teint plus clair et uniforme.","twitter_image":"https:\/\/newonebyc.mu\/wp-content\/uploads\/2023\/05\/hifu-social.jpg","twitter_misc":{"Est. reading time":"2 minutes"},"schema":{"@context":"https:\/\/schema.org","@graph":[{"@type":"WebPage","@id":"https:\/\/newonebyc.mu\/carbon-peeling\/","url":"https:\/\/newonebyc.mu\/carbon-peeling\/","name":"Carbon Peeling in Mauritius - Cleansing, Exfoliation, Rejuvenation","isPartOf":{"@id":"https:\/\/newonebyc.mu\/#website"},"primaryImageOfPage":{"@id":"https:\/\/newonebyc.mu\/carbon-peeling\/#primaryimage"},"image":{"@id":"https:\/\/newonebyc.mu\/carbon-peeling\/#primaryimage"},"thumbnailUrl":"https:\/\/newonebyc.mu\/wp-content\/uploads\/2023\/05\/carbon-peeling-1.jpg","datePublished":"2023-05-30T15:47:53+00:00","dateModified":"2023-09-24T07:49:23+00:00","description":"Discover carbon peeling for softer, younger-looking, and more radiant skin. Treatment by appointment at our clinics in Forbach or Tamarin.","breadcrumb":{"@id":"https:\/\/newonebyc.mu\/carbon-peeling\/#breadcrumb"},"inLanguage":"en-US","potentialAction":[{"@type":"ReadAction","target":["https:\/\/newonebyc.mu\/carbon-peeling\/"]}]},{"@type":"ImageObject","inLanguage":"en-US","@id":"https:\/\/newonebyc.mu\/carbon-peeling\/#primaryimage","url":"https:\/\/newonebyc.mu\/wp-content\/uploads\/2023\/05\/carbon-peeling-1.jpg","contentUrl":"https:\/\/newonebyc.mu\/wp-content\/uploads\/2023\/05\/carbon-peeling-1.jpg","width":2000,"height":509},{"@type":"BreadcrumbList","@id":"https:\/\/newonebyc.mu\/carbon-peeling\/#breadcrumb","itemListElement":[{"@type":"ListItem","position":1,"name":"Home","item":"https:\/\/newonebyc.mu\/"},{"@type":"ListItem","position":2,"name":"Carbon Peeling"}]},{"@type":"WebSite","@id":"https:\/\/newonebyc.mu\/#website","url":"https:\/\/newonebyc.mu\/","name":"NewOneByC","description":"Aesthetic Medicine in Mauritius","publisher":{"@id":"https:\/\/newonebyc.mu\/#organization"},"potentialAction":[{"@type":"SearchAction","target":{"@type":"EntryPoint","urlTemplate":"https:\/\/newonebyc.mu\/?s={search_term_string}"},"query-input":{"@type":"PropertyValueSpecification","valueRequired":true,"valueName":"search_term_string"}}],"inLanguage":"en-US"},{"@type":"Organization","@id":"https:\/\/newonebyc.mu\/#organization","name":"NewOneByC","url":"https:\/\/newonebyc.mu\/","logo":{"@type":"ImageObject","inLanguage":"en-US","@id":"https:\/\/newonebyc.mu\/#\/schema\/logo\/image\/","url":"http:\/\/newonebyc.mu\/wp-content\/uploads\/2022\/11\/social.png","contentUrl":"http:\/\/newonebyc.mu\/wp-content\/uploads\/2022\/11\/social.png","width":1200,"height":628,"caption":"NewOneByC"},"image":{"@id":"https:\/\/newonebyc.mu\/#\/schema\/logo\/image\/"}}]}},"_links":{"self":[{"href":"https:\/\/newonebyc.mu\/en\/wp-json\/wp\/v2\/pages\/2560","targetHints":{"allow":["GET"]}}],"collection":[{"href":"https:\/\/newonebyc.mu\/en\/wp-json\/wp\/v2\/pages"}],"about":[{"href":"https:\/\/newonebyc.mu\/en\/wp-json\/wp\/v2\/types\/page"}],"author":[{"embeddable":true,"href":"https:\/\/newonebyc.mu\/en\/wp-json\/wp\/v2\/users\/1"}],"replies":[{"embeddable":true,"href":"https:\/\/newonebyc.mu\/en\/wp-json\/wp\/v2\/comments?post=2560"}],"version-history":[{"count":1,"href":"https:\/\/newonebyc.mu\/en\/wp-json\/wp\/v2\/pages\/2560\/revisions"}],"predecessor-version":[{"id":2929,"href":"https:\/\/newonebyc.mu\/en\/wp-json\/wp\/v2\/pages\/2560\/revisions\/2929"}],"wp:featuredmedia":[{"embeddable":true,"href":"https:\/\/newonebyc.mu\/en\/wp-json\/wp\/v2\/media\/2561"}],"wp:attachment":[{"href":"https:\/\/newonebyc.mu\/en\/wp-json\/wp\/v2\/media?parent=2560"}],"curies":[{"name":"wp","href":"https:\/\/api.w.org\/{rel}","templated":true}]}}