{"id":2555,"date":"2023-05-30T15:44:17","date_gmt":"2023-05-30T15:44:17","guid":{"rendered":"http:\/\/newonebyc.mu\/?page_id=2555"},"modified":"2023-06-02T08:36:22","modified_gmt":"2023-06-02T08:36:22","slug":"facial-hifu","status":"publish","type":"page","link":"https:\/\/newonebyc.mu\/en\/facial-hifu\/","title":{"rendered":"HIFU"},"content":{"rendered":"<div class=\"wpb-content-wrapper\"><div class=\"vc_row wpb_row vc_row-fluid\"><div class=\"wpb_column vc_column_container vc_col-sm-12\"><div class=\"vc_column-inner\"><div class=\"wpb_wrapper\">\n\t<div class=\"wpb_text_column wpb_content_element\" >\n\t\t<div class=\"wpb_wrapper\">\n\t\t\t<p>Based in Mauritius, Newone by C offers you a High Intensity Focused Ultrasound (HIFU) facial \u2013 non-invasive treatment for facial aging. This procedure is part of a growing trend for anti-aging treatments that offer some of the benefits of a facelift without requiring surgery.<\/p>\n<p>A HIFU facial treatment uses ultrasound to create heat deep in the skin. This heat destroys the targeted skin cells, causing the body to try to repair them. To do this, the body produces collagen to promote cell regrowth. Collagen is a substance present in the skin which gives it its structure and elasticity.<\/p>\n<p>Increased collagen production results in firmer, more resilient skin with fewer wrinkles. Because the high-frequency ultrasound beams are focused on a specific tissue site below the skin&#039;s surface, the upper layers of the skin and adjacent issues are not damaged.<\/p>\n<h2>Procedure:<\/h2>\n<p>Here&#039;s what you should expect during your appointment:<\/p>\n<ul>\n<li>Our beautician first cleans the target area.<\/li>\n<li>A topical numbing cream is then applied before starting.<\/li>\n<li>Next comes the application of an ultrasound gel.<\/li>\n<li>The HIFU device is placed against the skin.<\/li>\n<li>Using an ultrasound viewer, we adjust the device to the correct setting.<\/li>\n<li>Ultrasound energy is then delivered to the target area in short pulses for approximately 30 to 90 minutes.<\/li>\n<li>The device is removed.<\/li>\n<\/ul>\n<p>As simple as that!<\/p>\n<h2>Benefits :<\/h2>\n<p>HIFU has many aesthetic benefits, including:<\/p>\n<ul>\n<li>no incision, no scar and no rest or recovery time needed<\/li>\n<li>neck skin tightening<\/li>\n<li>reduce the appearance of jowls<\/li>\n<li>lift cheeks, drooping eyelids and eyebrows<\/li>\n<li>smooth facial wrinkles<\/li>\n<li>smooth and tighten the skin of the chest<br \/>\nimprove jawline definition<\/li>\n<\/ul>\n<h2>Taboo:<\/h2>\n<p>HIFU is not suitable for everyone. In general, the procedure works best in people over 30 with mild to moderate skin laxity.<\/p>\n<p>People with photodamaged or very loose skin may need several treatments before seeing results.<\/p>\n<p>Older people with more significant photoaging, severe skin laxity, or very loose skin in the neck area are not good candidates and may need surgery.<\/p>\n<p>HIFU is not recommended for people with infections and open skin lesions in the target area, severe or cystic acne, and metal implants in the treatment area.<\/p>\n\n\t\t<\/div>\n\t<\/div>\n<\/div><\/div><\/div><\/div>\n<\/div>","protected":false},"excerpt":{"rendered":"Based in Mauritius, Newone by C offers High Intensity Focused Ultrasound (HIFU) facial treatments \u2013 a non-invasive anti-aging procedure. This procedure is part of a growing trend for anti-aging treatments that offer some of the benefits of a facelift without surgery. A HIFU facial treatment uses ultrasound to create... <a class=\"view-article\" href=\"https:\/\/newonebyc.mu\/en\/facial-hifu\/\">View Article<\/a>","protected":false},"author":1,"featured_media":2556,"parent":0,"menu_order":0,"comment_status":"closed","ping_status":"closed","template":"template-demo.php","meta":{"footnotes":""},"class_list":["post-2555","page","type-page","status-publish","has-post-thumbnail","hentry"],"yoast_head":"<!-- This site is optimized with the Yoast SEO plugin v27.4 - https:\/\/yoast.com\/product\/yoast-seo-wordpress\/ -->\n<title>HIFU - NewOneByC<\/title>\n<meta name=\"description\" content=\"Bas\u00e9 \u00e0 l\u2019\u00eele Maurice, Newone by C vous propose un facial High Intensity Focused Ultrasound (HIFU) \u2013 traitement non invasif du vieillissement du visage.\" \/>\n<meta name=\"robots\" content=\"index, follow, max-snippet:-1, max-image-preview:large, max-video-preview:-1\" \/>\n<link rel=\"canonical\" href=\"https:\/\/newonebyc.mu\/en\/facial-hifu\/\" \/>\n<meta property=\"og:locale\" content=\"en_US\" \/>\n<meta property=\"og:type\" content=\"article\" \/>\n<meta property=\"og:title\" content=\"HIFU - NewOneByC\" \/>\n<meta property=\"og:description\" content=\"Bas\u00e9 \u00e0 l\u2019\u00eele Maurice, Newone by C vous propose un facial High Intensity Focused Ultrasound (HIFU) \u2013 traitement non invasif du vieillissement du visage.\" \/>\n<meta property=\"og:url\" content=\"https:\/\/newonebyc.mu\/en\/facial-hifu\/\" \/>\n<meta property=\"og:site_name\" content=\"NewOneByC\" \/>\n<meta property=\"article:modified_time\" content=\"2023-06-02T08:36:22+00:00\" \/>\n<meta property=\"og:image\" content=\"https:\/\/newonebyc.mu\/wp-content\/uploads\/2023\/05\/hifu-social.jpg\" \/>\n\t<meta property=\"og:image:width\" content=\"1200\" \/>\n\t<meta property=\"og:image:height\" content=\"800\" \/>\n\t<meta property=\"og:image:type\" content=\"image\/jpeg\" \/>\n<meta name=\"twitter:card\" content=\"summary_large_image\" \/>\n<meta name=\"twitter:title\" content=\"HIFU - NewOneByC\" \/>\n<meta name=\"twitter:description\" content=\"Bas\u00e9 \u00e0 l\u2019\u00eele Maurice, Newone by C vous propose un facial High Intensity Focused Ultrasound (HIFU) \u2013 traitement non invasif du vieillissement du visage.\" \/>\n<meta name=\"twitter:image\" content=\"https:\/\/newonebyc.mu\/wp-content\/uploads\/2023\/05\/hifu-social.jpg\" \/>\n<meta name=\"twitter:label1\" content=\"Est. reading time\" \/>\n\t<meta name=\"twitter:data1\" content=\"2 minutes\" \/>\n<script type=\"application\/ld+json\" class=\"yoast-schema-graph\">{\"@context\":\"https:\\\/\\\/schema.org\",\"@graph\":[{\"@type\":\"WebPage\",\"@id\":\"https:\\\/\\\/newonebyc.mu\\\/facial-hifu\\\/\",\"url\":\"https:\\\/\\\/newonebyc.mu\\\/facial-hifu\\\/\",\"name\":\"HIFU - NewOneByC\",\"isPartOf\":{\"@id\":\"https:\\\/\\\/newonebyc.mu\\\/#website\"},\"primaryImageOfPage\":{\"@id\":\"https:\\\/\\\/newonebyc.mu\\\/facial-hifu\\\/#primaryimage\"},\"image\":{\"@id\":\"https:\\\/\\\/newonebyc.mu\\\/facial-hifu\\\/#primaryimage\"},\"thumbnailUrl\":\"https:\\\/\\\/newonebyc.mu\\\/wp-content\\\/uploads\\\/2023\\\/05\\\/hifu-banner.jpg\",\"datePublished\":\"2023-05-30T15:44:17+00:00\",\"dateModified\":\"2023-06-02T08:36:22+00:00\",\"description\":\"Bas\u00e9 \u00e0 l\u2019\u00eele Maurice, Newone by C vous propose un facial High Intensity Focused Ultrasound (HIFU) \u2013 traitement non invasif du vieillissement du visage.\",\"breadcrumb\":{\"@id\":\"https:\\\/\\\/newonebyc.mu\\\/facial-hifu\\\/#breadcrumb\"},\"inLanguage\":\"en-US\",\"potentialAction\":[{\"@type\":\"ReadAction\",\"target\":[\"https:\\\/\\\/newonebyc.mu\\\/facial-hifu\\\/\"]}]},{\"@type\":\"ImageObject\",\"inLanguage\":\"en-US\",\"@id\":\"https:\\\/\\\/newonebyc.mu\\\/facial-hifu\\\/#primaryimage\",\"url\":\"https:\\\/\\\/newonebyc.mu\\\/wp-content\\\/uploads\\\/2023\\\/05\\\/hifu-banner.jpg\",\"contentUrl\":\"https:\\\/\\\/newonebyc.mu\\\/wp-content\\\/uploads\\\/2023\\\/05\\\/hifu-banner.jpg\",\"width\":2000,\"height\":510},{\"@type\":\"BreadcrumbList\",\"@id\":\"https:\\\/\\\/newonebyc.mu\\\/facial-hifu\\\/#breadcrumb\",\"itemListElement\":[{\"@type\":\"ListItem\",\"position\":1,\"name\":\"Home\",\"item\":\"https:\\\/\\\/newonebyc.mu\\\/\"},{\"@type\":\"ListItem\",\"position\":2,\"name\":\"HIFU\"}]},{\"@type\":\"WebSite\",\"@id\":\"https:\\\/\\\/newonebyc.mu\\\/#website\",\"url\":\"https:\\\/\\\/newonebyc.mu\\\/\",\"name\":\"NewOneByC\",\"description\":\"M\u00e9decine Esth\u00e9tique \u00e0 Maurice\",\"publisher\":{\"@id\":\"https:\\\/\\\/newonebyc.mu\\\/#organization\"},\"potentialAction\":[{\"@type\":\"SearchAction\",\"target\":{\"@type\":\"EntryPoint\",\"urlTemplate\":\"https:\\\/\\\/newonebyc.mu\\\/?s={search_term_string}\"},\"query-input\":{\"@type\":\"PropertyValueSpecification\",\"valueRequired\":true,\"valueName\":\"search_term_string\"}}],\"inLanguage\":\"en-US\"},{\"@type\":\"Organization\",\"@id\":\"https:\\\/\\\/newonebyc.mu\\\/#organization\",\"name\":\"NewOneByC\",\"url\":\"https:\\\/\\\/newonebyc.mu\\\/\",\"logo\":{\"@type\":\"ImageObject\",\"inLanguage\":\"en-US\",\"@id\":\"https:\\\/\\\/newonebyc.mu\\\/#\\\/schema\\\/logo\\\/image\\\/\",\"url\":\"http:\\\/\\\/newonebyc.mu\\\/wp-content\\\/uploads\\\/2022\\\/11\\\/social.png\",\"contentUrl\":\"http:\\\/\\\/newonebyc.mu\\\/wp-content\\\/uploads\\\/2022\\\/11\\\/social.png\",\"width\":1200,\"height\":628,\"caption\":\"NewOneByC\"},\"image\":{\"@id\":\"https:\\\/\\\/newonebyc.mu\\\/#\\\/schema\\\/logo\\\/image\\\/\"}}]}<\/script>\n<!-- \/ Yoast SEO plugin. -->","yoast_head_json":{"title":"HIFU - NewOneByC","description":"Based in Mauritius, Newone by C offers you a facial High Intensity Focused Ultrasound (HIFU) \u2013 a non-invasive treatment for facial aging.","robots":{"index":"index","follow":"follow","max-snippet":"max-snippet:-1","max-image-preview":"max-image-preview:large","max-video-preview":"max-video-preview:-1"},"canonical":"https:\/\/newonebyc.mu\/en\/facial-hifu\/","og_locale":"en_US","og_type":"article","og_title":"HIFU - NewOneByC","og_description":"Bas\u00e9 \u00e0 l\u2019\u00eele Maurice, Newone by C vous propose un facial High Intensity Focused Ultrasound (HIFU) \u2013 traitement non invasif du vieillissement du visage.","og_url":"https:\/\/newonebyc.mu\/en\/facial-hifu\/","og_site_name":"NewOneByC","article_modified_time":"2023-06-02T08:36:22+00:00","og_image":[{"width":1200,"height":800,"url":"https:\/\/newonebyc.mu\/wp-content\/uploads\/2023\/05\/hifu-social.jpg","type":"image\/jpeg"}],"twitter_card":"summary_large_image","twitter_title":"HIFU - NewOneByC","twitter_description":"Bas\u00e9 \u00e0 l\u2019\u00eele Maurice, Newone by C vous propose un facial High Intensity Focused Ultrasound (HIFU) \u2013 traitement non invasif du vieillissement du visage.","twitter_image":"https:\/\/newonebyc.mu\/wp-content\/uploads\/2023\/05\/hifu-social.jpg","twitter_misc":{"Est. reading time":"2 minutes"},"schema":{"@context":"https:\/\/schema.org","@graph":[{"@type":"WebPage","@id":"https:\/\/newonebyc.mu\/facial-hifu\/","url":"https:\/\/newonebyc.mu\/facial-hifu\/","name":"HIFU - NewOneByC","isPartOf":{"@id":"https:\/\/newonebyc.mu\/#website"},"primaryImageOfPage":{"@id":"https:\/\/newonebyc.mu\/facial-hifu\/#primaryimage"},"image":{"@id":"https:\/\/newonebyc.mu\/facial-hifu\/#primaryimage"},"thumbnailUrl":"https:\/\/newonebyc.mu\/wp-content\/uploads\/2023\/05\/hifu-banner.jpg","datePublished":"2023-05-30T15:44:17+00:00","dateModified":"2023-06-02T08:36:22+00:00","description":"Based in Mauritius, Newone by C offers you a facial High Intensity Focused Ultrasound (HIFU) \u2013 a non-invasive treatment for facial aging.","breadcrumb":{"@id":"https:\/\/newonebyc.mu\/facial-hifu\/#breadcrumb"},"inLanguage":"en-US","potentialAction":[{"@type":"ReadAction","target":["https:\/\/newonebyc.mu\/facial-hifu\/"]}]},{"@type":"ImageObject","inLanguage":"en-US","@id":"https:\/\/newonebyc.mu\/facial-hifu\/#primaryimage","url":"https:\/\/newonebyc.mu\/wp-content\/uploads\/2023\/05\/hifu-banner.jpg","contentUrl":"https:\/\/newonebyc.mu\/wp-content\/uploads\/2023\/05\/hifu-banner.jpg","width":2000,"height":510},{"@type":"BreadcrumbList","@id":"https:\/\/newonebyc.mu\/facial-hifu\/#breadcrumb","itemListElement":[{"@type":"ListItem","position":1,"name":"Home","item":"https:\/\/newonebyc.mu\/"},{"@type":"ListItem","position":2,"name":"HIFU"}]},{"@type":"WebSite","@id":"https:\/\/newonebyc.mu\/#website","url":"https:\/\/newonebyc.mu\/","name":"NewOneByC","description":"Aesthetic Medicine in Mauritius","publisher":{"@id":"https:\/\/newonebyc.mu\/#organization"},"potentialAction":[{"@type":"SearchAction","target":{"@type":"EntryPoint","urlTemplate":"https:\/\/newonebyc.mu\/?s={search_term_string}"},"query-input":{"@type":"PropertyValueSpecification","valueRequired":true,"valueName":"search_term_string"}}],"inLanguage":"en-US"},{"@type":"Organization","@id":"https:\/\/newonebyc.mu\/#organization","name":"NewOneByC","url":"https:\/\/newonebyc.mu\/","logo":{"@type":"ImageObject","inLanguage":"en-US","@id":"https:\/\/newonebyc.mu\/#\/schema\/logo\/image\/","url":"http:\/\/newonebyc.mu\/wp-content\/uploads\/2022\/11\/social.png","contentUrl":"http:\/\/newonebyc.mu\/wp-content\/uploads\/2022\/11\/social.png","width":1200,"height":628,"caption":"NewOneByC"},"image":{"@id":"https:\/\/newonebyc.mu\/#\/schema\/logo\/image\/"}}]}},"_links":{"self":[{"href":"https:\/\/newonebyc.mu\/en\/wp-json\/wp\/v2\/pages\/2555","targetHints":{"allow":["GET"]}}],"collection":[{"href":"https:\/\/newonebyc.mu\/en\/wp-json\/wp\/v2\/pages"}],"about":[{"href":"https:\/\/newonebyc.mu\/en\/wp-json\/wp\/v2\/types\/page"}],"author":[{"embeddable":true,"href":"https:\/\/newonebyc.mu\/en\/wp-json\/wp\/v2\/users\/1"}],"replies":[{"embeddable":true,"href":"https:\/\/newonebyc.mu\/en\/wp-json\/wp\/v2\/comments?post=2555"}],"version-history":[{"count":0,"href":"https:\/\/newonebyc.mu\/en\/wp-json\/wp\/v2\/pages\/2555\/revisions"}],"wp:featuredmedia":[{"embeddable":true,"href":"https:\/\/newonebyc.mu\/en\/wp-json\/wp\/v2\/media\/2556"}],"wp:attachment":[{"href":"https:\/\/newonebyc.mu\/en\/wp-json\/wp\/v2\/media?parent=2555"}],"curies":[{"name":"wp","href":"https:\/\/api.w.org\/{rel}","templated":true}]}}