{"id":2545,"date":"2023-05-30T15:22:58","date_gmt":"2023-05-30T15:22:58","guid":{"rendered":"http:\/\/newonebyc.mu\/?page_id=2545"},"modified":"2023-05-30T15:22:58","modified_gmt":"2023-05-30T15:22:58","slug":"soin-facial-a-loxygene-hyperbare","status":"publish","type":"page","link":"https:\/\/newonebyc.mu\/en\/soin-facial-a-loxygene-hyperbare\/","title":{"rendered":"Hyperbaric Oxygen Facial Treatment"},"content":{"rendered":"<div class=\"wpb-content-wrapper\"><div class=\"vc_row wpb_row vc_row-fluid\"><div class=\"wpb_column vc_column_container vc_col-sm-12\"><div class=\"vc_column-inner\"><div class=\"wpb_wrapper\">\n\t<div class=\"wpb_text_column wpb_content_element\" >\n\t\t<div class=\"wpb_wrapper\">\n\t\t\t<h2>A session lasts 60 minutes and includes:<\/h2>\n<ul>\n<li>Hyperbaric oxygen injection which allows, after several sessions, good neo-vascularization.<\/li>\n<li>Ultrasound around the eyes \/ nasolabial fold \/ frown line.<\/li>\n<li>Ultrasound face, facial oval, neckline, tighten muscles and firm.<\/li>\n<li>Microcurrents + LED stimulate facial microcirculation.<\/li>\n<li>Tripolar and Multipolar to break up small fatty deposits and firm up.<\/li>\n<li>Inhaling oxygen boosts energy levels and also \u201cdetoxes\u201d the internal organs.<\/li>\n<\/ul>\n<h2>Profits :<\/h2>\n<ul>\n<li>The skin texture is smoothed.<\/li>\n<li>The complexion is brightened and unified.<\/li>\n<li>Fine lines and wrinkles are erased.<\/li>\n<li>The face is tightened and its oval is reshaped.<\/li>\n<li>The skin is firmed, toned and hydrated.<\/li>\n<\/ul>\n<h2>REJUVENATION EFFECT GUARANTEED!<\/h2>\n<p><strong>TO DISPLAY A BRIGHT COMPLEXION, ARE YOU LOOKING FOR NEW TRENDY TREATMENTS AND HAVE YOU HEARD OF OXYGEN FACIAL TREATMENT?<br \/>\nBUT WHAT IS IT REALLY? THE ANSWER HERE!<\/strong><\/p>\n<h4>The new trend is to use O2, i.e. oxygen, for facial care.<br \/>\nWe are encountering more and more of it, but what is the real action of oxygen on your skin?<br \/>\nAnd how to benefit from it?<\/h4>\n<h2>The history of facial oxygen:<\/h2>\n<p>Skin aging is due to age, exposure to the sun, tobacco and polluting agents.<\/p>\n<p>This skin aging is noted from a histological point of view by the reduction in the quality and quantity of collagen and elastin, and by the rarefaction of blood vessels.<\/p>\n<p>However, fewer blood vessels means less oxygen, and more aging.<\/p>\n<p>This is how Italian and German scientists had the idea of developing facial oxygen treatment in 1994 and in 1996, the Italian company \u201cClean Technologies\u201d released its first facial oxygen machine. American celebrities love it! Madonna, Eva Longoria, Naomi Campbell, Johnny Depp, fans of this technology, promoted it.<\/p>\n<h2>Biological effects:<\/h2>\n<p>Hyperbaric oxygen sessions allow hypo-vascularized tissues to be oxygenated, thus creating new blood vessels, which restart the skin&#039;s metabolism and healing. The skin finally breathes.<br \/>\nThe added active ingredients allow the skin to be nourished.<\/p>\n<p>It is a high-end medicosmetic treatment composed of several phases.<\/p>\n<p>First, a device will propel hyperbaric oxygen molecules onto your skin.<\/p>\n<p>This oxygen facial treatment is currently all the rage!<\/p>\n<p>A real weapon against free radicals and skin aging!<\/p>\n<p>This treatment is ideal to help you improve certain skin imperfections such as redness or acne.<\/p>\n<p>The oxygen will revitalize your skin by oxygenating it deeply, that is to say by providing it with the maximum amount of air it needs to breathe better; here is a very effective moisturizer that really brightens the complexion.<\/p>\n<p>As with any facial treatment, they are applied to cleansed skin, using gentle circular massages to penetrate them better and promote deep hydration of the epidermis.<\/p>\n<p>Secondly, 2 ultrasound probes will work on facial fine lines, crow&#039;s feet wrinkles and dark circles.<\/p>\n<p>Thirdly, several radiofrequency heads will break up small fatty deposits, tighten and reshape the oval of the face.<\/p>\n<p>And finally, an oxygen helmet decorated with LED diode closes (with music) your session.<\/p>\n\n\t\t<\/div>\n\t<\/div>\n<\/div><\/div><\/div><\/div>\n<\/div>","protected":false},"excerpt":{"rendered":"A session lasts 60 minutes and includes: Hyperbaric oxygen injection, which, after several sessions, promotes good neovascularization. Ultrasound on the eye contour\/nasolabial folds\/frown lines. Ultrasound on the face, facial contour, and d\u00e9collet\u00e9 to tighten and firm muscles. Microcurrents + LED to stimulate facial microcirculation. Tripolar and multipolar technology to break down... <a class=\"view-article\" href=\"https:\/\/newonebyc.mu\/en\/soin-facial-a-loxygene-hyperbare\/\">View Article<\/a>","protected":false},"author":1,"featured_media":2546,"parent":0,"menu_order":0,"comment_status":"closed","ping_status":"closed","template":"template-demo.php","meta":{"footnotes":""},"class_list":["post-2545","page","type-page","status-publish","has-post-thumbnail","hentry"],"yoast_head":"<!-- This site is optimized with the Yoast SEO plugin v27.4 - https:\/\/yoast.com\/product\/yoast-seo-wordpress\/ -->\n<title>Soin Facial \u00e0 l\u2019Oxyg\u00e8ne Hyperbare - NewOneByC<\/title>\n<meta name=\"description\" content=\"Des scientifiques italiens et allemands ont eu l\u2019id\u00e9e de d\u00e9velopper le traitement facial \u00e0 l\u2019oxyg\u00e8ne en 1994 et en 1996, la soci\u00e9t\u00e9 italienne \u00ab Clean Technologies \u00bb sort sa premi\u00e8re machine \u00e0 oxyg\u00e8ne facial\" \/>\n<meta name=\"robots\" content=\"index, follow, max-snippet:-1, max-image-preview:large, max-video-preview:-1\" \/>\n<link rel=\"canonical\" href=\"https:\/\/newonebyc.mu\/en\/soin-facial-a-loxygene-hyperbare\/\" \/>\n<meta property=\"og:locale\" content=\"en_US\" \/>\n<meta property=\"og:type\" content=\"article\" \/>\n<meta property=\"og:title\" content=\"Soin Facial \u00e0 l\u2019Oxyg\u00e8ne Hyperbare - NewOneByC\" \/>\n<meta property=\"og:description\" content=\"Des scientifiques italiens et allemands ont eu l\u2019id\u00e9e de d\u00e9velopper le traitement facial \u00e0 l\u2019oxyg\u00e8ne en 1994 et en 1996, la soci\u00e9t\u00e9 italienne \u00ab Clean Technologies \u00bb sort sa premi\u00e8re machine \u00e0 oxyg\u00e8ne facial\" \/>\n<meta property=\"og:url\" content=\"https:\/\/newonebyc.mu\/en\/soin-facial-a-loxygene-hyperbare\/\" \/>\n<meta property=\"og:site_name\" content=\"NewOneByC\" \/>\n<meta property=\"og:image\" content=\"https:\/\/newonebyc.mu\/wp-content\/uploads\/2023\/05\/SOIN-FACIAL-A-LOXYGENE-HYPERBARE.jpg\" \/>\n\t<meta property=\"og:image:width\" content=\"1200\" \/>\n\t<meta property=\"og:image:height\" content=\"800\" \/>\n\t<meta property=\"og:image:type\" content=\"image\/jpeg\" \/>\n<meta name=\"twitter:card\" content=\"summary_large_image\" \/>\n<meta name=\"twitter:title\" content=\"Soin Facial \u00e0 l\u2019Oxyg\u00e8ne Hyperbare - NewOneByC\" \/>\n<meta name=\"twitter:description\" content=\"Des scientifiques italiens et allemands ont eu l\u2019id\u00e9e de d\u00e9velopper le traitement facial \u00e0 l\u2019oxyg\u00e8ne en 1994 et en 1996, la soci\u00e9t\u00e9 italienne \u00ab Clean Technologies \u00bb sort sa premi\u00e8re machine \u00e0 oxyg\u00e8ne facial\" \/>\n<meta name=\"twitter:image\" content=\"https:\/\/newonebyc.mu\/wp-content\/uploads\/2023\/05\/SOIN-FACIAL-A-LOXYGENE-HYPERBARE.jpg\" \/>\n<meta name=\"twitter:label1\" content=\"Est. reading time\" \/>\n\t<meta name=\"twitter:data1\" content=\"3 minutes\" \/>\n<script type=\"application\/ld+json\" class=\"yoast-schema-graph\">{\"@context\":\"https:\\\/\\\/schema.org\",\"@graph\":[{\"@type\":\"WebPage\",\"@id\":\"https:\\\/\\\/newonebyc.mu\\\/soin-facial-a-loxygene-hyperbare\\\/\",\"url\":\"https:\\\/\\\/newonebyc.mu\\\/soin-facial-a-loxygene-hyperbare\\\/\",\"name\":\"Soin Facial \u00e0 l\u2019Oxyg\u00e8ne Hyperbare - NewOneByC\",\"isPartOf\":{\"@id\":\"https:\\\/\\\/newonebyc.mu\\\/#website\"},\"primaryImageOfPage\":{\"@id\":\"https:\\\/\\\/newonebyc.mu\\\/soin-facial-a-loxygene-hyperbare\\\/#primaryimage\"},\"image\":{\"@id\":\"https:\\\/\\\/newonebyc.mu\\\/soin-facial-a-loxygene-hyperbare\\\/#primaryimage\"},\"thumbnailUrl\":\"https:\\\/\\\/newonebyc.mu\\\/wp-content\\\/uploads\\\/2023\\\/05\\\/SOIN-FACIAL-A-LOXYGENE-HYPERBARE-banner.jpg\",\"datePublished\":\"2023-05-30T15:22:58+00:00\",\"description\":\"Des scientifiques italiens et allemands ont eu l\u2019id\u00e9e de d\u00e9velopper le traitement facial \u00e0 l\u2019oxyg\u00e8ne en 1994 et en 1996, la soci\u00e9t\u00e9 italienne \u00ab Clean Technologies \u00bb sort sa premi\u00e8re machine \u00e0 oxyg\u00e8ne facial\",\"breadcrumb\":{\"@id\":\"https:\\\/\\\/newonebyc.mu\\\/soin-facial-a-loxygene-hyperbare\\\/#breadcrumb\"},\"inLanguage\":\"en-US\",\"potentialAction\":[{\"@type\":\"ReadAction\",\"target\":[\"https:\\\/\\\/newonebyc.mu\\\/soin-facial-a-loxygene-hyperbare\\\/\"]}]},{\"@type\":\"ImageObject\",\"inLanguage\":\"en-US\",\"@id\":\"https:\\\/\\\/newonebyc.mu\\\/soin-facial-a-loxygene-hyperbare\\\/#primaryimage\",\"url\":\"https:\\\/\\\/newonebyc.mu\\\/wp-content\\\/uploads\\\/2023\\\/05\\\/SOIN-FACIAL-A-LOXYGENE-HYPERBARE-banner.jpg\",\"contentUrl\":\"https:\\\/\\\/newonebyc.mu\\\/wp-content\\\/uploads\\\/2023\\\/05\\\/SOIN-FACIAL-A-LOXYGENE-HYPERBARE-banner.jpg\",\"width\":1920,\"height\":508},{\"@type\":\"BreadcrumbList\",\"@id\":\"https:\\\/\\\/newonebyc.mu\\\/soin-facial-a-loxygene-hyperbare\\\/#breadcrumb\",\"itemListElement\":[{\"@type\":\"ListItem\",\"position\":1,\"name\":\"Home\",\"item\":\"https:\\\/\\\/newonebyc.mu\\\/\"},{\"@type\":\"ListItem\",\"position\":2,\"name\":\"Soin Facial \u00e0 l\u2019Oxyg\u00e8ne Hyperbare\"}]},{\"@type\":\"WebSite\",\"@id\":\"https:\\\/\\\/newonebyc.mu\\\/#website\",\"url\":\"https:\\\/\\\/newonebyc.mu\\\/\",\"name\":\"NewOneByC\",\"description\":\"M\u00e9decine Esth\u00e9tique \u00e0 Maurice\",\"publisher\":{\"@id\":\"https:\\\/\\\/newonebyc.mu\\\/#organization\"},\"potentialAction\":[{\"@type\":\"SearchAction\",\"target\":{\"@type\":\"EntryPoint\",\"urlTemplate\":\"https:\\\/\\\/newonebyc.mu\\\/?s={search_term_string}\"},\"query-input\":{\"@type\":\"PropertyValueSpecification\",\"valueRequired\":true,\"valueName\":\"search_term_string\"}}],\"inLanguage\":\"en-US\"},{\"@type\":\"Organization\",\"@id\":\"https:\\\/\\\/newonebyc.mu\\\/#organization\",\"name\":\"NewOneByC\",\"url\":\"https:\\\/\\\/newonebyc.mu\\\/\",\"logo\":{\"@type\":\"ImageObject\",\"inLanguage\":\"en-US\",\"@id\":\"https:\\\/\\\/newonebyc.mu\\\/#\\\/schema\\\/logo\\\/image\\\/\",\"url\":\"http:\\\/\\\/newonebyc.mu\\\/wp-content\\\/uploads\\\/2022\\\/11\\\/social.png\",\"contentUrl\":\"http:\\\/\\\/newonebyc.mu\\\/wp-content\\\/uploads\\\/2022\\\/11\\\/social.png\",\"width\":1200,\"height\":628,\"caption\":\"NewOneByC\"},\"image\":{\"@id\":\"https:\\\/\\\/newonebyc.mu\\\/#\\\/schema\\\/logo\\\/image\\\/\"}}]}<\/script>\n<!-- \/ Yoast SEO plugin. -->","yoast_head_json":{"title":"Hyperbaric Oxygen Facial Treatment - NewOneByC","description":"Italian and German scientists conceived the idea of developing facial oxygen therapy in 1994, and in 1996, the Italian company &quot;Clean Technologies&quot; released its first facial oxygen machine.","robots":{"index":"index","follow":"follow","max-snippet":"max-snippet:-1","max-image-preview":"max-image-preview:large","max-video-preview":"max-video-preview:-1"},"canonical":"https:\/\/newonebyc.mu\/en\/soin-facial-a-loxygene-hyperbare\/","og_locale":"en_US","og_type":"article","og_title":"Soin Facial \u00e0 l\u2019Oxyg\u00e8ne Hyperbare - NewOneByC","og_description":"Des scientifiques italiens et allemands ont eu l\u2019id\u00e9e de d\u00e9velopper le traitement facial \u00e0 l\u2019oxyg\u00e8ne en 1994 et en 1996, la soci\u00e9t\u00e9 italienne \u00ab Clean Technologies \u00bb sort sa premi\u00e8re machine \u00e0 oxyg\u00e8ne facial","og_url":"https:\/\/newonebyc.mu\/en\/soin-facial-a-loxygene-hyperbare\/","og_site_name":"NewOneByC","og_image":[{"width":1200,"height":800,"url":"https:\/\/newonebyc.mu\/wp-content\/uploads\/2023\/05\/SOIN-FACIAL-A-LOXYGENE-HYPERBARE.jpg","type":"image\/jpeg"}],"twitter_card":"summary_large_image","twitter_title":"Soin Facial \u00e0 l\u2019Oxyg\u00e8ne Hyperbare - NewOneByC","twitter_description":"Des scientifiques italiens et allemands ont eu l\u2019id\u00e9e de d\u00e9velopper le traitement facial \u00e0 l\u2019oxyg\u00e8ne en 1994 et en 1996, la soci\u00e9t\u00e9 italienne \u00ab Clean Technologies \u00bb sort sa premi\u00e8re machine \u00e0 oxyg\u00e8ne facial","twitter_image":"https:\/\/newonebyc.mu\/wp-content\/uploads\/2023\/05\/SOIN-FACIAL-A-LOXYGENE-HYPERBARE.jpg","twitter_misc":{"Est. reading time":"3 minutes"},"schema":{"@context":"https:\/\/schema.org","@graph":[{"@type":"WebPage","@id":"https:\/\/newonebyc.mu\/soin-facial-a-loxygene-hyperbare\/","url":"https:\/\/newonebyc.mu\/soin-facial-a-loxygene-hyperbare\/","name":"Hyperbaric Oxygen Facial Treatment - NewOneByC","isPartOf":{"@id":"https:\/\/newonebyc.mu\/#website"},"primaryImageOfPage":{"@id":"https:\/\/newonebyc.mu\/soin-facial-a-loxygene-hyperbare\/#primaryimage"},"image":{"@id":"https:\/\/newonebyc.mu\/soin-facial-a-loxygene-hyperbare\/#primaryimage"},"thumbnailUrl":"https:\/\/newonebyc.mu\/wp-content\/uploads\/2023\/05\/SOIN-FACIAL-A-LOXYGENE-HYPERBARE-banner.jpg","datePublished":"2023-05-30T15:22:58+00:00","description":"Italian and German scientists conceived the idea of developing facial oxygen therapy in 1994, and in 1996, the Italian company &quot;Clean Technologies&quot; released its first facial oxygen machine.","breadcrumb":{"@id":"https:\/\/newonebyc.mu\/soin-facial-a-loxygene-hyperbare\/#breadcrumb"},"inLanguage":"en-US","potentialAction":[{"@type":"ReadAction","target":["https:\/\/newonebyc.mu\/soin-facial-a-loxygene-hyperbare\/"]}]},{"@type":"ImageObject","inLanguage":"en-US","@id":"https:\/\/newonebyc.mu\/soin-facial-a-loxygene-hyperbare\/#primaryimage","url":"https:\/\/newonebyc.mu\/wp-content\/uploads\/2023\/05\/SOIN-FACIAL-A-LOXYGENE-HYPERBARE-banner.jpg","contentUrl":"https:\/\/newonebyc.mu\/wp-content\/uploads\/2023\/05\/SOIN-FACIAL-A-LOXYGENE-HYPERBARE-banner.jpg","width":1920,"height":508},{"@type":"BreadcrumbList","@id":"https:\/\/newonebyc.mu\/soin-facial-a-loxygene-hyperbare\/#breadcrumb","itemListElement":[{"@type":"ListItem","position":1,"name":"Home","item":"https:\/\/newonebyc.mu\/"},{"@type":"ListItem","position":2,"name":"Soin Facial \u00e0 l\u2019Oxyg\u00e8ne Hyperbare"}]},{"@type":"WebSite","@id":"https:\/\/newonebyc.mu\/#website","url":"https:\/\/newonebyc.mu\/","name":"NewOneByC","description":"Aesthetic Medicine in Mauritius","publisher":{"@id":"https:\/\/newonebyc.mu\/#organization"},"potentialAction":[{"@type":"SearchAction","target":{"@type":"EntryPoint","urlTemplate":"https:\/\/newonebyc.mu\/?s={search_term_string}"},"query-input":{"@type":"PropertyValueSpecification","valueRequired":true,"valueName":"search_term_string"}}],"inLanguage":"en-US"},{"@type":"Organization","@id":"https:\/\/newonebyc.mu\/#organization","name":"NewOneByC","url":"https:\/\/newonebyc.mu\/","logo":{"@type":"ImageObject","inLanguage":"en-US","@id":"https:\/\/newonebyc.mu\/#\/schema\/logo\/image\/","url":"http:\/\/newonebyc.mu\/wp-content\/uploads\/2022\/11\/social.png","contentUrl":"http:\/\/newonebyc.mu\/wp-content\/uploads\/2022\/11\/social.png","width":1200,"height":628,"caption":"NewOneByC"},"image":{"@id":"https:\/\/newonebyc.mu\/#\/schema\/logo\/image\/"}}]}},"_links":{"self":[{"href":"https:\/\/newonebyc.mu\/en\/wp-json\/wp\/v2\/pages\/2545","targetHints":{"allow":["GET"]}}],"collection":[{"href":"https:\/\/newonebyc.mu\/en\/wp-json\/wp\/v2\/pages"}],"about":[{"href":"https:\/\/newonebyc.mu\/en\/wp-json\/wp\/v2\/types\/page"}],"author":[{"embeddable":true,"href":"https:\/\/newonebyc.mu\/en\/wp-json\/wp\/v2\/users\/1"}],"replies":[{"embeddable":true,"href":"https:\/\/newonebyc.mu\/en\/wp-json\/wp\/v2\/comments?post=2545"}],"version-history":[{"count":0,"href":"https:\/\/newonebyc.mu\/en\/wp-json\/wp\/v2\/pages\/2545\/revisions"}],"wp:featuredmedia":[{"embeddable":true,"href":"https:\/\/newonebyc.mu\/en\/wp-json\/wp\/v2\/media\/2546"}],"wp:attachment":[{"href":"https:\/\/newonebyc.mu\/en\/wp-json\/wp\/v2\/media?parent=2545"}],"curies":[{"name":"wp","href":"https:\/\/api.w.org\/{rel}","templated":true}]}}