{"id":2527,"date":"2023-05-30T14:52:43","date_gmt":"2023-05-30T14:52:43","guid":{"rendered":"http:\/\/newonebyc.mu\/?page_id=2527"},"modified":"2023-06-01T17:50:01","modified_gmt":"2023-06-01T17:50:01","slug":"botox","status":"publish","type":"page","link":"https:\/\/newonebyc.mu\/en\/botox\/","title":{"rendered":"Botox"},"content":{"rendered":"<div class=\"wpb-content-wrapper\"><div class=\"vc_row wpb_row vc_row-fluid\"><div class=\"wpb_column vc_column_container vc_col-sm-12\"><div class=\"vc_column-inner\"><div class=\"wpb_wrapper\">\n\t<div class=\"wpb_text_column wpb_content_element\" >\n\t\t<div class=\"wpb_wrapper\">\n\t\t\t<p>Botox is one of the most popular cosmetic treatments that does not require surgery. In fact, it is almost unrivaled as a treatment for fine lines, furrows and wrinkles. The results are visible soon after treatment and last a long time. Ready to try it in Mauritius?<\/p>\n<h2>How it works?<\/h2>\n<p>If a client is a good candidate for treatment, our specialist doctor gives an injection into the muscles. The needle is so fine that most clients don&#039;t even need anesthesia. The number of injections the client receives depends on the size and extent of the affected area. Different wrinkles may require a different number of injections and the typical session usually lasts no more than 20 minutes.<\/p>\n<p>Note that Botox differs from other wrinkle reduction treatments because it is not a dermal filler. This is an FDA-approved treatment that is injected directly under the muscle. Thus, the muscle underneath is temporarily paralyzed. The affected area begins to relax and flatten and can stay that way for up to four months.<\/p>\n<h3>Benefits :<\/h3>\n<p>Botox is the most widely used and known for its incredible anti-aging effect on wrinkles. It takes years off your face, which is the first thing people see when they meet you. With a few Botox injections, you can temporarily combat mother nature&#039;s effect on the aging process and feel even more attractive. It is an economical and non-invasive alternative to surgery. Botox is typically used to target these cosmetic concerns:<\/p>\n<ul>\n<li>Moderate to severe forehead wrinkles<\/li>\n<li>Crow&#039;s feet<\/li>\n<li>Frown lines<\/li>\n<li>Lips<\/li>\n<li>Chin<\/li>\n<li>Neck<\/li>\n<li>General wrinkles<\/li>\n<\/ul>\n<h2>How long do the results last?<\/h2>\n<p>For areas treated with Botox, you should see results in at least 10 to 14 days. Wrinkles do not disappear but are relaxed to diminish their appearance. Deeper wrinkles will become less visible while finer wrinkles will go completely unnoticed. Over time, your muscle activity will return to normal and the Botox will begin to wear off. The effect of Botox lasts 3 to 6 months, the average being 4 months.<\/p>\n<h2>Disadvantages ?<\/h2>\n<p>The risks are very minimal with Botox procedures, but they exist nonetheless. It is important to determine whether you are a good candidate for Botox or not. We will be an integral part of this verification process by performing various assessments to determine your eligibility.<\/p>\n\n\t\t<\/div>\n\t<\/div>\n<\/div><\/div><\/div><\/div>\n<\/div>","protected":false},"excerpt":{"rendered":"Botox is one of the most popular non-surgical cosmetic treatments. In fact, it&#039;s virtually unrivaled as a treatment for fine lines, creases, and wrinkles. The results are visible soon after treatment and are long-lasting. Ready to try it in Mauritius? How does it work? If a client... <a class=\"view-article\" href=\"https:\/\/newonebyc.mu\/en\/botox\/\">View Article<\/a>","protected":false},"author":1,"featured_media":2528,"parent":0,"menu_order":0,"comment_status":"closed","ping_status":"closed","template":"template-demo.php","meta":{"footnotes":""},"class_list":["post-2527","page","type-page","status-publish","has-post-thumbnail","hentry"],"yoast_head":"<!-- This site is optimized with the Yoast SEO plugin v27.4 - https:\/\/yoast.com\/product\/yoast-seo-wordpress\/ -->\n<title>Botox - NewOneByC<\/title>\n<meta name=\"description\" content=\"Le Botox est l\u2019un des traitements cosm\u00e9tiques les plus populaires qui ne n\u00e9cessitent pas de chirurgie. En effet, il est quasiment in\u00e9gal\u00e9 comme traitement des ridules, des sillons et des rides.\" \/>\n<meta name=\"robots\" content=\"index, follow, max-snippet:-1, max-image-preview:large, max-video-preview:-1\" \/>\n<link rel=\"canonical\" href=\"https:\/\/newonebyc.mu\/en\/botox\/\" \/>\n<meta property=\"og:locale\" content=\"en_US\" \/>\n<meta property=\"og:type\" content=\"article\" \/>\n<meta property=\"og:title\" content=\"Botox - NewOneByC\" \/>\n<meta property=\"og:description\" content=\"Le Botox est l\u2019un des traitements cosm\u00e9tiques les plus populaires qui ne n\u00e9cessitent pas de chirurgie. En effet, il est quasiment in\u00e9gal\u00e9 comme traitement des ridules, des sillons et des rides.\" \/>\n<meta property=\"og:url\" content=\"https:\/\/newonebyc.mu\/en\/botox\/\" \/>\n<meta property=\"og:site_name\" content=\"NewOneByC\" \/>\n<meta property=\"article:modified_time\" content=\"2023-06-01T17:50:01+00:00\" \/>\n<meta property=\"og:image\" content=\"https:\/\/newonebyc.mu\/wp-content\/uploads\/2023\/05\/cavitation.jpg\" \/>\n\t<meta property=\"og:image:width\" content=\"550\" \/>\n\t<meta property=\"og:image:height\" content=\"367\" \/>\n\t<meta property=\"og:image:type\" content=\"image\/jpeg\" \/>\n<meta name=\"twitter:card\" content=\"summary_large_image\" \/>\n<meta name=\"twitter:title\" content=\"Botox - NewOneByC\" \/>\n<meta name=\"twitter:description\" content=\"Le Botox est l\u2019un des traitements cosm\u00e9tiques les plus populaires qui ne n\u00e9cessitent pas de chirurgie. En effet, il est quasiment in\u00e9gal\u00e9 comme traitement des ridules, des sillons et des rides.\" \/>\n<meta name=\"twitter:image\" content=\"https:\/\/newonebyc.mu\/wp-content\/uploads\/2023\/05\/botox-social.jpg\" \/>\n<meta name=\"twitter:label1\" content=\"Est. reading time\" \/>\n\t<meta name=\"twitter:data1\" content=\"2 minutes\" \/>\n<script type=\"application\/ld+json\" class=\"yoast-schema-graph\">{\"@context\":\"https:\\\/\\\/schema.org\",\"@graph\":[{\"@type\":\"WebPage\",\"@id\":\"https:\\\/\\\/newonebyc.mu\\\/botox\\\/\",\"url\":\"https:\\\/\\\/newonebyc.mu\\\/botox\\\/\",\"name\":\"Botox - NewOneByC\",\"isPartOf\":{\"@id\":\"https:\\\/\\\/newonebyc.mu\\\/#website\"},\"primaryImageOfPage\":{\"@id\":\"https:\\\/\\\/newonebyc.mu\\\/botox\\\/#primaryimage\"},\"image\":{\"@id\":\"https:\\\/\\\/newonebyc.mu\\\/botox\\\/#primaryimage\"},\"thumbnailUrl\":\"https:\\\/\\\/newonebyc.mu\\\/wp-content\\\/uploads\\\/2023\\\/05\\\/botox.jpg\",\"datePublished\":\"2023-05-30T14:52:43+00:00\",\"dateModified\":\"2023-06-01T17:50:01+00:00\",\"description\":\"Le Botox est l\u2019un des traitements cosm\u00e9tiques les plus populaires qui ne n\u00e9cessitent pas de chirurgie. En effet, il est quasiment in\u00e9gal\u00e9 comme traitement des ridules, des sillons et des rides.\",\"breadcrumb\":{\"@id\":\"https:\\\/\\\/newonebyc.mu\\\/botox\\\/#breadcrumb\"},\"inLanguage\":\"en-US\",\"potentialAction\":[{\"@type\":\"ReadAction\",\"target\":[\"https:\\\/\\\/newonebyc.mu\\\/botox\\\/\"]}]},{\"@type\":\"ImageObject\",\"inLanguage\":\"en-US\",\"@id\":\"https:\\\/\\\/newonebyc.mu\\\/botox\\\/#primaryimage\",\"url\":\"https:\\\/\\\/newonebyc.mu\\\/wp-content\\\/uploads\\\/2023\\\/05\\\/botox.jpg\",\"contentUrl\":\"https:\\\/\\\/newonebyc.mu\\\/wp-content\\\/uploads\\\/2023\\\/05\\\/botox.jpg\",\"width\":1920,\"height\":509},{\"@type\":\"BreadcrumbList\",\"@id\":\"https:\\\/\\\/newonebyc.mu\\\/botox\\\/#breadcrumb\",\"itemListElement\":[{\"@type\":\"ListItem\",\"position\":1,\"name\":\"Home\",\"item\":\"https:\\\/\\\/newonebyc.mu\\\/\"},{\"@type\":\"ListItem\",\"position\":2,\"name\":\"Botox\"}]},{\"@type\":\"WebSite\",\"@id\":\"https:\\\/\\\/newonebyc.mu\\\/#website\",\"url\":\"https:\\\/\\\/newonebyc.mu\\\/\",\"name\":\"NewOneByC\",\"description\":\"M\u00e9decine Esth\u00e9tique \u00e0 Maurice\",\"publisher\":{\"@id\":\"https:\\\/\\\/newonebyc.mu\\\/#organization\"},\"potentialAction\":[{\"@type\":\"SearchAction\",\"target\":{\"@type\":\"EntryPoint\",\"urlTemplate\":\"https:\\\/\\\/newonebyc.mu\\\/?s={search_term_string}\"},\"query-input\":{\"@type\":\"PropertyValueSpecification\",\"valueRequired\":true,\"valueName\":\"search_term_string\"}}],\"inLanguage\":\"en-US\"},{\"@type\":\"Organization\",\"@id\":\"https:\\\/\\\/newonebyc.mu\\\/#organization\",\"name\":\"NewOneByC\",\"url\":\"https:\\\/\\\/newonebyc.mu\\\/\",\"logo\":{\"@type\":\"ImageObject\",\"inLanguage\":\"en-US\",\"@id\":\"https:\\\/\\\/newonebyc.mu\\\/#\\\/schema\\\/logo\\\/image\\\/\",\"url\":\"http:\\\/\\\/newonebyc.mu\\\/wp-content\\\/uploads\\\/2022\\\/11\\\/social.png\",\"contentUrl\":\"http:\\\/\\\/newonebyc.mu\\\/wp-content\\\/uploads\\\/2022\\\/11\\\/social.png\",\"width\":1200,\"height\":628,\"caption\":\"NewOneByC\"},\"image\":{\"@id\":\"https:\\\/\\\/newonebyc.mu\\\/#\\\/schema\\\/logo\\\/image\\\/\"}}]}<\/script>\n<!-- \/ Yoast SEO plugin. -->","yoast_head_json":{"title":"Botox - NewOneByC","description":"Botox is one of the most popular non-surgical cosmetic treatments. In fact, it is virtually unrivaled as a treatment for fine lines, wrinkles, and creases.","robots":{"index":"index","follow":"follow","max-snippet":"max-snippet:-1","max-image-preview":"max-image-preview:large","max-video-preview":"max-video-preview:-1"},"canonical":"https:\/\/newonebyc.mu\/en\/botox\/","og_locale":"en_US","og_type":"article","og_title":"Botox - NewOneByC","og_description":"Le Botox est l\u2019un des traitements cosm\u00e9tiques les plus populaires qui ne n\u00e9cessitent pas de chirurgie. En effet, il est quasiment in\u00e9gal\u00e9 comme traitement des ridules, des sillons et des rides.","og_url":"https:\/\/newonebyc.mu\/en\/botox\/","og_site_name":"NewOneByC","article_modified_time":"2023-06-01T17:50:01+00:00","og_image":[{"width":550,"height":367,"url":"https:\/\/newonebyc.mu\/wp-content\/uploads\/2023\/05\/cavitation.jpg","type":"image\/jpeg"}],"twitter_card":"summary_large_image","twitter_title":"Botox - NewOneByC","twitter_description":"Le Botox est l\u2019un des traitements cosm\u00e9tiques les plus populaires qui ne n\u00e9cessitent pas de chirurgie. En effet, il est quasiment in\u00e9gal\u00e9 comme traitement des ridules, des sillons et des rides.","twitter_image":"https:\/\/newonebyc.mu\/wp-content\/uploads\/2023\/05\/botox-social.jpg","twitter_misc":{"Est. reading time":"2 minutes"},"schema":{"@context":"https:\/\/schema.org","@graph":[{"@type":"WebPage","@id":"https:\/\/newonebyc.mu\/botox\/","url":"https:\/\/newonebyc.mu\/botox\/","name":"Botox - NewOneByC","isPartOf":{"@id":"https:\/\/newonebyc.mu\/#website"},"primaryImageOfPage":{"@id":"https:\/\/newonebyc.mu\/botox\/#primaryimage"},"image":{"@id":"https:\/\/newonebyc.mu\/botox\/#primaryimage"},"thumbnailUrl":"https:\/\/newonebyc.mu\/wp-content\/uploads\/2023\/05\/botox.jpg","datePublished":"2023-05-30T14:52:43+00:00","dateModified":"2023-06-01T17:50:01+00:00","description":"Botox is one of the most popular non-surgical cosmetic treatments. In fact, it is virtually unrivaled as a treatment for fine lines, wrinkles, and creases.","breadcrumb":{"@id":"https:\/\/newonebyc.mu\/botox\/#breadcrumb"},"inLanguage":"en-US","potentialAction":[{"@type":"ReadAction","target":["https:\/\/newonebyc.mu\/botox\/"]}]},{"@type":"ImageObject","inLanguage":"en-US","@id":"https:\/\/newonebyc.mu\/botox\/#primaryimage","url":"https:\/\/newonebyc.mu\/wp-content\/uploads\/2023\/05\/botox.jpg","contentUrl":"https:\/\/newonebyc.mu\/wp-content\/uploads\/2023\/05\/botox.jpg","width":1920,"height":509},{"@type":"BreadcrumbList","@id":"https:\/\/newonebyc.mu\/botox\/#breadcrumb","itemListElement":[{"@type":"ListItem","position":1,"name":"Home","item":"https:\/\/newonebyc.mu\/"},{"@type":"ListItem","position":2,"name":"Botox"}]},{"@type":"WebSite","@id":"https:\/\/newonebyc.mu\/#website","url":"https:\/\/newonebyc.mu\/","name":"NewOneByC","description":"Aesthetic Medicine in Mauritius","publisher":{"@id":"https:\/\/newonebyc.mu\/#organization"},"potentialAction":[{"@type":"SearchAction","target":{"@type":"EntryPoint","urlTemplate":"https:\/\/newonebyc.mu\/?s={search_term_string}"},"query-input":{"@type":"PropertyValueSpecification","valueRequired":true,"valueName":"search_term_string"}}],"inLanguage":"en-US"},{"@type":"Organization","@id":"https:\/\/newonebyc.mu\/#organization","name":"NewOneByC","url":"https:\/\/newonebyc.mu\/","logo":{"@type":"ImageObject","inLanguage":"en-US","@id":"https:\/\/newonebyc.mu\/#\/schema\/logo\/image\/","url":"http:\/\/newonebyc.mu\/wp-content\/uploads\/2022\/11\/social.png","contentUrl":"http:\/\/newonebyc.mu\/wp-content\/uploads\/2022\/11\/social.png","width":1200,"height":628,"caption":"NewOneByC"},"image":{"@id":"https:\/\/newonebyc.mu\/#\/schema\/logo\/image\/"}}]}},"_links":{"self":[{"href":"https:\/\/newonebyc.mu\/en\/wp-json\/wp\/v2\/pages\/2527","targetHints":{"allow":["GET"]}}],"collection":[{"href":"https:\/\/newonebyc.mu\/en\/wp-json\/wp\/v2\/pages"}],"about":[{"href":"https:\/\/newonebyc.mu\/en\/wp-json\/wp\/v2\/types\/page"}],"author":[{"embeddable":true,"href":"https:\/\/newonebyc.mu\/en\/wp-json\/wp\/v2\/users\/1"}],"replies":[{"embeddable":true,"href":"https:\/\/newonebyc.mu\/en\/wp-json\/wp\/v2\/comments?post=2527"}],"version-history":[{"count":0,"href":"https:\/\/newonebyc.mu\/en\/wp-json\/wp\/v2\/pages\/2527\/revisions"}],"wp:featuredmedia":[{"embeddable":true,"href":"https:\/\/newonebyc.mu\/en\/wp-json\/wp\/v2\/media\/2528"}],"wp:attachment":[{"href":"https:\/\/newonebyc.mu\/en\/wp-json\/wp\/v2\/media?parent=2527"}],"curies":[{"name":"wp","href":"https:\/\/api.w.org\/{rel}","templated":true}]}}