{"id":2514,"date":"2023-05-30T10:17:12","date_gmt":"2023-05-30T10:17:12","guid":{"rendered":"http:\/\/newonebyc.mu\/?page_id=2514"},"modified":"2023-08-25T08:35:36","modified_gmt":"2023-08-25T08:35:36","slug":"ipl-lumiere-intense-pulsee","status":"publish","type":"page","link":"https:\/\/newonebyc.mu\/en\/ipl-lumiere-intense-pulsee\/","title":{"rendered":"IPL (Intense Pulsed Light)"},"content":{"rendered":"<div class=\"wpb-content-wrapper\"><div class=\"vc_row wpb_row vc_row-fluid\"><div class=\"wpb_column vc_column_container vc_col-sm-12\"><div class=\"vc_column-inner\"><div class=\"wpb_wrapper\">\n\t<div class=\"wpb_text_column wpb_content_element\" >\n\t\t<div class=\"wpb_wrapper\">\n\t\t\t<div class=\"videoWrapper\"><video autoplay=\"autoplay\" loop=\"loop\" muted=\"\" width=\"300\" height=\"150\"><source src=\"\/wp-content\/uploads\/2023\/05\/IPL.mp4\" type=\"video\/mp4\" \/><source src=\"\/wp-content\/uploads\/2023\/05\/IPL.ogg\" type=\"video\/ogg\" \/>Your browser does not support the video tag.<\/video><\/div>\n\n\t\t<\/div>\n\t<\/div>\n<\/div><\/div><\/div><\/div><div class=\"vc_row wpb_row vc_row-fluid\"><div class=\"wpb_column vc_column_container vc_col-sm-12\"><div class=\"vc_column-inner\"><div class=\"wpb_wrapper\">\n\t<div class=\"wpb_text_column wpb_content_element\" >\n\t\t<div class=\"wpb_wrapper\">\n\t\t\t<h2>The principle of intense pulsed light or IPL technology:<\/h2>\n<p>This method is very similar to laser hair removal.<\/p>\n<p>Its difference is to be equipped with an intense light which distributes \u201cflashes\u201d of treatment instead of a laser beam. It is today one of the most affordable and most widely practiced in Europe.<\/p>\n<p>Pulsed light, also called IPL (Intense Pulsed Light), sends light which will be absorbed by the black pigment of the hair.<\/p>\n<p>The intense pulsed light induces heat \u2013 up to 70\u00b0C \u2013 absorbed by the hair and conducted to its root to destroy it.<\/p>\n<p>The intense locally pulsed light transforms into heat and creates a micro reaction. The \u201cflash\u201d is converted into heat on contact with the hair.<\/p>\n<p>This induces a thermal reaction at the hair root (the hair bulb) which alters and slows down regrowth.<br \/>\nFrom the first sessions, the hair falls out and almost no longer grows back.<\/p>\n<p>This pulsed light has a spectrum ranging from 700 to 1,200 nanometers.<\/p>\n<p>This is its big difference with the dermatologist&#039;s laser, pulsed light (or flash lamp) has a WIDER spectrum, even if it is less targeted than the laser.<\/p>\n<p>Pulsed light is much less invasive and proves to be just as effective provided that the depilated areas are touched up regularly (every 2 or 3 months after the first sessions).<\/p>\n<div class=\"service_box large_spc\">\n<div class=\"service_img\"><img decoding=\"async\" class=\"aligncenter size-full wp-image-2664\" src=\"\/wp-content\/uploads\/2023\/06\/ipl_002.jpg\" alt=\"\" \/><\/div>\n<div class=\"service_text\">\n<div class=\"citation\">\n<h5>\u201cSmooth, clean legs all year round and a swimsuit that&#039;s always impeccable for going to the pool or the beach??<\/h5>\n<p>It&#039;s a completely accessible dream, which you can realize thanks to IPL (intense pulsed light).<\/p>\n<p>Hair removal with pulsed light is, depending on the skin, very long-lasting and\/or perfectly permanent hair removal!\u201d<\/p>\n<p class=\"blue\" style=\"text-align: center;\">Good news: Intense pulsed light hair removal is non-invasive and absolutely does not hurt!<\/p>\n<\/div>\n<\/div>\n<\/div>\n<p>The darker the hairs treated, the more effective and faster the result will be.<\/p>\n<p>The ideal areas for pulsed light hair removal are the armpits, certain parts of the face, the bikini line (except sensitive areas) as well as the legs or half-legs.<\/p>\n<p>And a little clarification, pulsed light hair removal is also suitable for men, for the same areas, except for the beard and testicles.<\/p>\n<p>Before each session your skin must not be tanned and must have been previously shaved, this is really important.<\/p>\n<p>Our practitioner will equip you with protective glasses so as not to let reflections or flashes come into contact with your eyes, don&#039;t worry.<\/p>\n<p>For a job well done, you must \u201cflash\u201d every 2 weeks for 2 to 3 months, then once a month for 2 to 4 sessions, depending on regrowth for a good result.<\/p>\n<h3>Taboo:<\/h3>\n<ul>\n<li>Pregnant women.<\/li>\n<li>Sunstroke.<\/li>\n<li>Hypersensitive to light or medications, or if you are taking medications that are sensitive to light.<\/li>\n<li>Vitamin use in the last 6 months.<\/li>\n<li>Not representative of naive or malignant pathological changes in the treatment area.<\/li>\n<li>Pacemaker or quiver dissipation machine user.<\/li>\n<li>Herpes or trauma.<\/li>\n<li>Button folder.<\/li>\n<li>People who accept Hirudin treatment etc. (should stop using it before 2 weeks).<\/li>\n<li>Severe diabetic patient, suffering from high blood pressure or epilepsy.<\/li>\n<\/ul>\n<h3>Advantages :<\/h3>\n<ul>\n<li>After each treatment your hairs will be even finer and above all very rare.<\/li>\n<li>It\u2019s long-lasting hair removal.<\/li>\n<li>Hair will grow back much more slowly.<\/li>\n<li>But be aware that you will generally have to wait until the sixth or twelfth session to obtain a satisfactory result.<\/li>\n<li>This treatment offers comprehensive treatment. Unlike other hair removal methods such as waxing or razor which are only dedicated to certain areas.<\/li>\n<\/ul>\n<h3>Disadvantages ?<\/h3>\n<p>Not really, you just have to shave two days before each session so that the hairs are in the regrowth phase.<br \/>\nYou may only feel a little tingling or tickling in certain areas.<\/p>\n<h4>How does a permanent hair removal session work with us?<\/h4>\n<ul>\n<li>You must arrive without a tan<\/li>\n<li>Do not do your sessions if you have started to expose yourself to the sun.<\/li>\n<li>No longer pluck your hair but shave it for the sessions.<\/li>\n<li>Sessions every one or two months depending on how long the hair grows back.<\/li>\n<\/ul>\n<div class=\"divider\"><\/div>\n<div class=\"attention\">\n<h3>Attention !<\/h3>\n<p>You must avoid exposing yourself to the sun during the treatment, then for the 15 days following the last session.<\/p>\n<\/div>\n\n\t\t<\/div>\n\t<\/div>\n<\/div><\/div><\/div><\/div>\n<\/div>","protected":false},"excerpt":{"rendered":"Your browser does not support the video tag. The principle of Intense Pulsed Light (IPL) technology: This method is very similar to laser hair removal. Its difference is that it uses an intense light that delivers treatment &quot;flashes&quot; instead of a laser beam. It is currently one of the... <a class=\"view-article\" href=\"https:\/\/newonebyc.mu\/en\/ipl-lumiere-intense-pulsee\/\">View Article<\/a>","protected":false},"author":1,"featured_media":2567,"parent":0,"menu_order":0,"comment_status":"closed","ping_status":"closed","template":"template-demo.php","meta":{"footnotes":""},"class_list":["post-2514","page","type-page","status-publish","has-post-thumbnail","hentry"],"yoast_head":"<!-- This site is optimized with the Yoast SEO plugin v27.4 - https:\/\/yoast.com\/product\/yoast-seo-wordpress\/ -->\n<title>Epilation D\u00e9finitive au Laser \u00e0 Maurice | Tous types de peaux<\/title>\n<meta name=\"description\" content=\"Vous souhaitez d\u00e9barasser de vos poils de maniere d\u00e9finitive? Prenez RDV dans un de nos cabinets \u00e0 Forbach ou Tamarin pour un soin IPL\" \/>\n<meta name=\"robots\" content=\"index, follow, max-snippet:-1, max-image-preview:large, max-video-preview:-1\" \/>\n<link rel=\"canonical\" href=\"https:\/\/newonebyc.mu\/en\/ipl-lumiere-intense-pulsee\/\" \/>\n<meta property=\"og:locale\" content=\"en_US\" \/>\n<meta property=\"og:type\" content=\"article\" \/>\n<meta property=\"og:title\" content=\"IPL (Lumi\u00e8re Intense Puls\u00e9e) - NewOneByC\" \/>\n<meta property=\"og:description\" content=\"L\u2019\u00e9pilation \u00e0 la lumi\u00e8re puls\u00e9e est selon les peaux, une \u00e9pilation tr\u00e8s longue dur\u00e9e et\/ou parfaitement d\u00e9finitive\" \/>\n<meta property=\"og:url\" content=\"https:\/\/newonebyc.mu\/en\/ipl-lumiere-intense-pulsee\/\" \/>\n<meta property=\"og:site_name\" content=\"NewOneByC\" \/>\n<meta property=\"article:modified_time\" content=\"2023-08-25T08:35:36+00:00\" \/>\n<meta property=\"og:image\" content=\"https:\/\/newonebyc.mu\/wp-content\/uploads\/2023\/05\/IPL-Lumiere-Intense-Pulsee-social.jpg\" \/>\n\t<meta property=\"og:image:width\" content=\"1200\" \/>\n\t<meta property=\"og:image:height\" content=\"797\" \/>\n\t<meta property=\"og:image:type\" content=\"image\/jpeg\" \/>\n<meta name=\"twitter:card\" content=\"summary_large_image\" \/>\n<meta name=\"twitter:title\" content=\"IPL (Lumi\u00e8re Intense Puls\u00e9e) - NewOneByC\" \/>\n<meta name=\"twitter:description\" content=\"L\u2019\u00e9pilation \u00e0 la lumi\u00e8re puls\u00e9e est selon les peaux, une \u00e9pilation tr\u00e8s longue dur\u00e9e et\/ou parfaitement d\u00e9finitive\" \/>\n<meta name=\"twitter:image\" content=\"https:\/\/newonebyc.mu\/wp-content\/uploads\/2023\/05\/IPL-Lumiere-Intense-Pulsee-social.jpg\" \/>\n<meta name=\"twitter:label1\" content=\"Est. reading time\" \/>\n\t<meta name=\"twitter:data1\" content=\"4 minutes\" \/>\n<script type=\"application\/ld+json\" class=\"yoast-schema-graph\">{\"@context\":\"https:\\\/\\\/schema.org\",\"@graph\":[{\"@type\":\"WebPage\",\"@id\":\"https:\\\/\\\/newonebyc.mu\\\/ipl-lumiere-intense-pulsee\\\/\",\"url\":\"https:\\\/\\\/newonebyc.mu\\\/ipl-lumiere-intense-pulsee\\\/\",\"name\":\"Epilation D\u00e9finitive au Laser \u00e0 Maurice | Tous types de peaux\",\"isPartOf\":{\"@id\":\"https:\\\/\\\/newonebyc.mu\\\/#website\"},\"primaryImageOfPage\":{\"@id\":\"https:\\\/\\\/newonebyc.mu\\\/ipl-lumiere-intense-pulsee\\\/#primaryimage\"},\"image\":{\"@id\":\"https:\\\/\\\/newonebyc.mu\\\/ipl-lumiere-intense-pulsee\\\/#primaryimage\"},\"thumbnailUrl\":\"https:\\\/\\\/newonebyc.mu\\\/wp-content\\\/uploads\\\/2023\\\/05\\\/IPL-Lumiere-Intense-Pulsee.jpg\",\"datePublished\":\"2023-05-30T10:17:12+00:00\",\"dateModified\":\"2023-08-25T08:35:36+00:00\",\"description\":\"Vous souhaitez d\u00e9barasser de vos poils de maniere d\u00e9finitive? Prenez RDV dans un de nos cabinets \u00e0 Forbach ou Tamarin pour un soin IPL\",\"breadcrumb\":{\"@id\":\"https:\\\/\\\/newonebyc.mu\\\/ipl-lumiere-intense-pulsee\\\/#breadcrumb\"},\"inLanguage\":\"en-US\",\"potentialAction\":[{\"@type\":\"ReadAction\",\"target\":[\"https:\\\/\\\/newonebyc.mu\\\/ipl-lumiere-intense-pulsee\\\/\"]}]},{\"@type\":\"ImageObject\",\"inLanguage\":\"en-US\",\"@id\":\"https:\\\/\\\/newonebyc.mu\\\/ipl-lumiere-intense-pulsee\\\/#primaryimage\",\"url\":\"https:\\\/\\\/newonebyc.mu\\\/wp-content\\\/uploads\\\/2023\\\/05\\\/IPL-Lumiere-Intense-Pulsee.jpg\",\"contentUrl\":\"https:\\\/\\\/newonebyc.mu\\\/wp-content\\\/uploads\\\/2023\\\/05\\\/IPL-Lumiere-Intense-Pulsee.jpg\",\"width\":1920,\"height\":509},{\"@type\":\"BreadcrumbList\",\"@id\":\"https:\\\/\\\/newonebyc.mu\\\/ipl-lumiere-intense-pulsee\\\/#breadcrumb\",\"itemListElement\":[{\"@type\":\"ListItem\",\"position\":1,\"name\":\"Home\",\"item\":\"https:\\\/\\\/newonebyc.mu\\\/\"},{\"@type\":\"ListItem\",\"position\":2,\"name\":\"IPL (Lumi\u00e8re Intense Puls\u00e9e)\"}]},{\"@type\":\"WebSite\",\"@id\":\"https:\\\/\\\/newonebyc.mu\\\/#website\",\"url\":\"https:\\\/\\\/newonebyc.mu\\\/\",\"name\":\"NewOneByC\",\"description\":\"M\u00e9decine Esth\u00e9tique \u00e0 Maurice\",\"publisher\":{\"@id\":\"https:\\\/\\\/newonebyc.mu\\\/#organization\"},\"potentialAction\":[{\"@type\":\"SearchAction\",\"target\":{\"@type\":\"EntryPoint\",\"urlTemplate\":\"https:\\\/\\\/newonebyc.mu\\\/?s={search_term_string}\"},\"query-input\":{\"@type\":\"PropertyValueSpecification\",\"valueRequired\":true,\"valueName\":\"search_term_string\"}}],\"inLanguage\":\"en-US\"},{\"@type\":\"Organization\",\"@id\":\"https:\\\/\\\/newonebyc.mu\\\/#organization\",\"name\":\"NewOneByC\",\"url\":\"https:\\\/\\\/newonebyc.mu\\\/\",\"logo\":{\"@type\":\"ImageObject\",\"inLanguage\":\"en-US\",\"@id\":\"https:\\\/\\\/newonebyc.mu\\\/#\\\/schema\\\/logo\\\/image\\\/\",\"url\":\"http:\\\/\\\/newonebyc.mu\\\/wp-content\\\/uploads\\\/2022\\\/11\\\/social.png\",\"contentUrl\":\"http:\\\/\\\/newonebyc.mu\\\/wp-content\\\/uploads\\\/2022\\\/11\\\/social.png\",\"width\":1200,\"height\":628,\"caption\":\"NewOneByC\"},\"image\":{\"@id\":\"https:\\\/\\\/newonebyc.mu\\\/#\\\/schema\\\/logo\\\/image\\\/\"}}]}<\/script>\n<!-- \/ Yoast SEO plugin. -->","yoast_head_json":{"title":"Permanent Laser Hair Removal in Mauritius | All Skin Types","description":"Do you want to get rid of unwanted hair permanently? Book an appointment at one of our clinics in Forbach or Tamarin for an IPL treatment.","robots":{"index":"index","follow":"follow","max-snippet":"max-snippet:-1","max-image-preview":"max-image-preview:large","max-video-preview":"max-video-preview:-1"},"canonical":"https:\/\/newonebyc.mu\/en\/ipl-lumiere-intense-pulsee\/","og_locale":"en_US","og_type":"article","og_title":"IPL (Lumi\u00e8re Intense Puls\u00e9e) - NewOneByC","og_description":"L\u2019\u00e9pilation \u00e0 la lumi\u00e8re puls\u00e9e est selon les peaux, une \u00e9pilation tr\u00e8s longue dur\u00e9e et\/ou parfaitement d\u00e9finitive","og_url":"https:\/\/newonebyc.mu\/en\/ipl-lumiere-intense-pulsee\/","og_site_name":"NewOneByC","article_modified_time":"2023-08-25T08:35:36+00:00","og_image":[{"width":1200,"height":797,"url":"https:\/\/newonebyc.mu\/wp-content\/uploads\/2023\/05\/IPL-Lumiere-Intense-Pulsee-social.jpg","type":"image\/jpeg"}],"twitter_card":"summary_large_image","twitter_title":"IPL (Lumi\u00e8re Intense Puls\u00e9e) - NewOneByC","twitter_description":"L\u2019\u00e9pilation \u00e0 la lumi\u00e8re puls\u00e9e est selon les peaux, une \u00e9pilation tr\u00e8s longue dur\u00e9e et\/ou parfaitement d\u00e9finitive","twitter_image":"https:\/\/newonebyc.mu\/wp-content\/uploads\/2023\/05\/IPL-Lumiere-Intense-Pulsee-social.jpg","twitter_misc":{"Est. reading time":"4 minutes"},"schema":{"@context":"https:\/\/schema.org","@graph":[{"@type":"WebPage","@id":"https:\/\/newonebyc.mu\/ipl-lumiere-intense-pulsee\/","url":"https:\/\/newonebyc.mu\/ipl-lumiere-intense-pulsee\/","name":"Permanent Laser Hair Removal in Mauritius | All Skin Types","isPartOf":{"@id":"https:\/\/newonebyc.mu\/#website"},"primaryImageOfPage":{"@id":"https:\/\/newonebyc.mu\/ipl-lumiere-intense-pulsee\/#primaryimage"},"image":{"@id":"https:\/\/newonebyc.mu\/ipl-lumiere-intense-pulsee\/#primaryimage"},"thumbnailUrl":"https:\/\/newonebyc.mu\/wp-content\/uploads\/2023\/05\/IPL-Lumiere-Intense-Pulsee.jpg","datePublished":"2023-05-30T10:17:12+00:00","dateModified":"2023-08-25T08:35:36+00:00","description":"Do you want to get rid of unwanted hair permanently? Book an appointment at one of our clinics in Forbach or Tamarin for an IPL treatment.","breadcrumb":{"@id":"https:\/\/newonebyc.mu\/ipl-lumiere-intense-pulsee\/#breadcrumb"},"inLanguage":"en-US","potentialAction":[{"@type":"ReadAction","target":["https:\/\/newonebyc.mu\/ipl-lumiere-intense-pulsee\/"]}]},{"@type":"ImageObject","inLanguage":"en-US","@id":"https:\/\/newonebyc.mu\/ipl-lumiere-intense-pulsee\/#primaryimage","url":"https:\/\/newonebyc.mu\/wp-content\/uploads\/2023\/05\/IPL-Lumiere-Intense-Pulsee.jpg","contentUrl":"https:\/\/newonebyc.mu\/wp-content\/uploads\/2023\/05\/IPL-Lumiere-Intense-Pulsee.jpg","width":1920,"height":509},{"@type":"BreadcrumbList","@id":"https:\/\/newonebyc.mu\/ipl-lumiere-intense-pulsee\/#breadcrumb","itemListElement":[{"@type":"ListItem","position":1,"name":"Home","item":"https:\/\/newonebyc.mu\/"},{"@type":"ListItem","position":2,"name":"IPL (Lumi\u00e8re Intense Puls\u00e9e)"}]},{"@type":"WebSite","@id":"https:\/\/newonebyc.mu\/#website","url":"https:\/\/newonebyc.mu\/","name":"NewOneByC","description":"Aesthetic Medicine in Mauritius","publisher":{"@id":"https:\/\/newonebyc.mu\/#organization"},"potentialAction":[{"@type":"SearchAction","target":{"@type":"EntryPoint","urlTemplate":"https:\/\/newonebyc.mu\/?s={search_term_string}"},"query-input":{"@type":"PropertyValueSpecification","valueRequired":true,"valueName":"search_term_string"}}],"inLanguage":"en-US"},{"@type":"Organization","@id":"https:\/\/newonebyc.mu\/#organization","name":"NewOneByC","url":"https:\/\/newonebyc.mu\/","logo":{"@type":"ImageObject","inLanguage":"en-US","@id":"https:\/\/newonebyc.mu\/#\/schema\/logo\/image\/","url":"http:\/\/newonebyc.mu\/wp-content\/uploads\/2022\/11\/social.png","contentUrl":"http:\/\/newonebyc.mu\/wp-content\/uploads\/2022\/11\/social.png","width":1200,"height":628,"caption":"NewOneByC"},"image":{"@id":"https:\/\/newonebyc.mu\/#\/schema\/logo\/image\/"}}]}},"_links":{"self":[{"href":"https:\/\/newonebyc.mu\/en\/wp-json\/wp\/v2\/pages\/2514","targetHints":{"allow":["GET"]}}],"collection":[{"href":"https:\/\/newonebyc.mu\/en\/wp-json\/wp\/v2\/pages"}],"about":[{"href":"https:\/\/newonebyc.mu\/en\/wp-json\/wp\/v2\/types\/page"}],"author":[{"embeddable":true,"href":"https:\/\/newonebyc.mu\/en\/wp-json\/wp\/v2\/users\/1"}],"replies":[{"embeddable":true,"href":"https:\/\/newonebyc.mu\/en\/wp-json\/wp\/v2\/comments?post=2514"}],"version-history":[{"count":0,"href":"https:\/\/newonebyc.mu\/en\/wp-json\/wp\/v2\/pages\/2514\/revisions"}],"wp:featuredmedia":[{"embeddable":true,"href":"https:\/\/newonebyc.mu\/en\/wp-json\/wp\/v2\/media\/2567"}],"wp:attachment":[{"href":"https:\/\/newonebyc.mu\/en\/wp-json\/wp\/v2\/media?parent=2514"}],"curies":[{"name":"wp","href":"https:\/\/api.w.org\/{rel}","templated":true}]}}