{"id":2467,"date":"2023-05-20T05:16:34","date_gmt":"2023-05-20T05:16:34","guid":{"rendered":"http:\/\/newonebyc.mu\/?page_id=2467"},"modified":"2023-06-01T16:44:43","modified_gmt":"2023-06-01T16:44:43","slug":"la-cavitation","status":"publish","type":"page","link":"https:\/\/newonebyc.mu\/en\/la-cavitation\/","title":{"rendered":"Cavitation"},"content":{"rendered":"<div class=\"wpb-content-wrapper\"><div class=\"vc_row wpb_row vc_row-fluid\"><div class=\"wpb_column vc_column_container vc_col-sm-12\"><div class=\"vc_column-inner\"><div class=\"wpb_wrapper\">\n\t<div class=\"wpb_text_column wpb_content_element\" >\n\t\t<div class=\"wpb_wrapper\">\n\t\t\t<div class=\"service_box\">\n<div class=\"service_img\"><img decoding=\"async\" src=\"http:\/\/newonebyc.mu\/wp-content\/uploads\/2023\/06\/cavitation_001.jpg\" alt=\"\" \/><\/div>\n<div class=\"service_text\">\n<h3>THE PRINCIPLE OF CAVITATIONAL LIPOLYSIS:<\/h3>\n<p>Cavitation allows the treatment of localized fatty overloads and the reduction of accumulated layers thanks to the propagation of low frequency sound waves.<\/p>\n<h3>HOW LIPOCAVITATION WORKS:<\/h3>\n<p>Low frequency sound waves generated by a transducer form cavitation bubbles in the water present in our cells.<\/p>\n<p>By imploding, these bubbles exert a mechanical action on the adipose tissue in which they release the accumulated energy.<\/p>\n<p>The cell membrane of adipocytes is weakened to release triglycerides; This is the phenomenon of LIPOLYSIS!<\/p>\n<p>The liquefied fat then passes through the lymphatic and circulatory system to be eliminated by the liver, kidneys and macrophages.<\/p>\n<p>Cavitation makes it possible to obtain a loss of centimeters from the treated area, with a visible result from the first session. It is important to hydrate well before, during and after the session to facilitate the release of fat.<\/p>\n<\/div>\n<\/div>\n<h3>FOR WHOM AND FOR WHICH PARTS OF THE BODY:<\/h3>\n<p>Cavitation makes it possible to treat areas of excess fat such as: the arms, the abdomen, the \u201clove handles\u201d, the \u201csaddlebags\u201d, the entire buttocks and the thighs.<\/p>\n<p>This treatment is recommended for anyone, man or woman, wishing to fight against greasy, unsightly dimples and cellulite.<\/p>\n<h3>FOR WHAT RESULTS:<\/h3>\n<p>The results are visible from the first session: loss of 1 to 8 cm depending on the fat mass. It is indicated for localized excess fat, infiltrated but also fibrous and deep cellulite.<\/p>\n<h3>THE CARE PROTOCOL:<\/h3>\n<p>The number of sessions varies depending on the person (sex, physical condition, weight and age).<\/p>\n<p><i>6 or 8 sessions each spaced 1 week apart.<\/i><\/p>\n<p><strong>For a maintenance treatment, one session per month is recommended to maintain the results over time.<\/strong><\/p>\n<p>Each session should not last more than 40 minutes with 20 minutes of cavitation.<\/p>\n<p>To optimize results, NewOne By C offers to combine cavitation sessions with radiofrequency and microcurrents (subject to eligibility made in the assessment).<\/p>\n<p>To experience all these phenomena comfortably and in order to facilitate the work, it is advisable not to consume coffee and alcohol in the days preceding, not to drink or eat 2\/3 hours before the session, to have urinated in the hour before the session and to hydrate well during the treatment.<\/p>\n<p>It is also advisable to follow a diet without lipids or carbohydrates 3 days after each session and to practice physical activity between sessions to absorb the fats released from storage.<\/p>\n<h3>THE ADVANTAGES OF THIS TECHNIQUE?<\/h3>\n<p>Lipocavitation is a non-invasive, painless, effective, durable, risk-free technique (technique used for many years by the medical profession) and quick on all types of fat or cellulite.<\/p>\n<p>The results are visible from the first session.<\/p>\n<h3>CONTRAINDICATIONS:<\/h3>\n<ul>\n<li>Hypertension and other heart diseases<\/li>\n<li>Hormonal imbalances<\/li>\n<li>Adrenal gland disorders<\/li>\n<li>Renal and liver failure<\/li>\n<li>Thrombosis, phlebitis<\/li>\n<li>Skin diseases and skin allergies<\/li>\n<li>Pregnancy<\/li>\n<li>Taking anticoagulant medications<\/li>\n<li>Ultrasound sensitivity<\/li>\n<li>Wearing a pacemaker, defibrillator, metal implants in the treatment area.<\/li>\n<\/ul>\n<p>Take the plunge to feel better in your body!<\/p>\n\n\t\t<\/div>\n\t<\/div>\n<\/div><\/div><\/div><\/div>\n<\/div>","protected":false},"excerpt":{"rendered":"THE PRINCIPLE OF CAVITATIONAL LIPOLYSIS: Cavitation allows for the treatment of localized fat deposits and the reduction of accumulated layers through the propagation of low-frequency sound waves. HOW LIPOCAVITATION WORKS: Low-frequency sound waves, generated by a transducer, form cavitation bubbles in the water present in our... <a class=\"view-article\" href=\"https:\/\/newonebyc.mu\/en\/la-cavitation\/\">View Article<\/a>","protected":false},"author":1,"featured_media":2509,"parent":0,"menu_order":0,"comment_status":"closed","ping_status":"closed","template":"template-demo.php","meta":{"footnotes":""},"class_list":["post-2467","page","type-page","status-publish","has-post-thumbnail","hentry"],"yoast_head":"<!-- This site is optimized with the Yoast SEO plugin v27.4 - https:\/\/yoast.com\/product\/yoast-seo-wordpress\/ -->\n<title>La Cavitation - NewOneByC<\/title>\n<meta name=\"description\" content=\"La cavitation permet le traitement des surcharges graisseuses localis\u00e9es et la r\u00e9duction des couches accumul\u00e9es gr\u00e2ce \u00e0 la propagation d\u2019ondes sonores basse fr\u00e9quence.\" \/>\n<meta name=\"robots\" content=\"index, follow, max-snippet:-1, max-image-preview:large, max-video-preview:-1\" \/>\n<link rel=\"canonical\" href=\"https:\/\/newonebyc.mu\/en\/la-cavitation\/\" \/>\n<meta property=\"og:locale\" content=\"en_US\" \/>\n<meta property=\"og:type\" content=\"article\" \/>\n<meta property=\"og:title\" content=\"La Cavitation - NewOneByC\" \/>\n<meta property=\"og:description\" content=\"La cavitation permet le traitement des surcharges graisseuses localis\u00e9es et la r\u00e9duction des couches accumul\u00e9es gr\u00e2ce \u00e0 la propagation d\u2019ondes sonores basse fr\u00e9quence.\" \/>\n<meta property=\"og:url\" content=\"https:\/\/newonebyc.mu\/en\/la-cavitation\/\" \/>\n<meta property=\"og:site_name\" content=\"NewOneByC\" \/>\n<meta property=\"article:modified_time\" content=\"2023-06-01T16:44:43+00:00\" \/>\n<meta property=\"og:image\" content=\"https:\/\/newonebyc.mu\/wp-content\/uploads\/2023\/05\/cavitation.jpg\" \/>\n\t<meta property=\"og:image:width\" content=\"550\" \/>\n\t<meta property=\"og:image:height\" content=\"367\" \/>\n\t<meta property=\"og:image:type\" content=\"image\/jpeg\" \/>\n<meta name=\"twitter:card\" content=\"summary_large_image\" \/>\n<meta name=\"twitter:title\" content=\"La Cavitation - NewOneByC\" \/>\n<meta name=\"twitter:description\" content=\"La cavitation permet le traitement des surcharges graisseuses localis\u00e9es et la r\u00e9duction des couches accumul\u00e9es gr\u00e2ce \u00e0 la propagation d\u2019ondes sonores basse fr\u00e9quence.\" \/>\n<meta name=\"twitter:image\" content=\"https:\/\/newonebyc.mu\/wp-content\/uploads\/2023\/05\/cavitation.jpg\" \/>\n<meta name=\"twitter:label1\" content=\"Est. reading time\" \/>\n\t<meta name=\"twitter:data1\" content=\"3 minutes\" \/>\n<script type=\"application\/ld+json\" class=\"yoast-schema-graph\">{\"@context\":\"https:\\\/\\\/schema.org\",\"@graph\":[{\"@type\":\"WebPage\",\"@id\":\"https:\\\/\\\/newonebyc.mu\\\/la-cavitation\\\/\",\"url\":\"https:\\\/\\\/newonebyc.mu\\\/la-cavitation\\\/\",\"name\":\"La Cavitation - NewOneByC\",\"isPartOf\":{\"@id\":\"https:\\\/\\\/newonebyc.mu\\\/#website\"},\"primaryImageOfPage\":{\"@id\":\"https:\\\/\\\/newonebyc.mu\\\/la-cavitation\\\/#primaryimage\"},\"image\":{\"@id\":\"https:\\\/\\\/newonebyc.mu\\\/la-cavitation\\\/#primaryimage\"},\"thumbnailUrl\":\"https:\\\/\\\/newonebyc.mu\\\/wp-content\\\/uploads\\\/2023\\\/05\\\/la-cavitation.jpg\",\"datePublished\":\"2023-05-20T05:16:34+00:00\",\"dateModified\":\"2023-06-01T16:44:43+00:00\",\"description\":\"La cavitation permet le traitement des surcharges graisseuses localis\u00e9es et la r\u00e9duction des couches accumul\u00e9es gr\u00e2ce \u00e0 la propagation d\u2019ondes sonores basse fr\u00e9quence.\",\"breadcrumb\":{\"@id\":\"https:\\\/\\\/newonebyc.mu\\\/la-cavitation\\\/#breadcrumb\"},\"inLanguage\":\"en-US\",\"potentialAction\":[{\"@type\":\"ReadAction\",\"target\":[\"https:\\\/\\\/newonebyc.mu\\\/la-cavitation\\\/\"]}]},{\"@type\":\"ImageObject\",\"inLanguage\":\"en-US\",\"@id\":\"https:\\\/\\\/newonebyc.mu\\\/la-cavitation\\\/#primaryimage\",\"url\":\"https:\\\/\\\/newonebyc.mu\\\/wp-content\\\/uploads\\\/2023\\\/05\\\/la-cavitation.jpg\",\"contentUrl\":\"https:\\\/\\\/newonebyc.mu\\\/wp-content\\\/uploads\\\/2023\\\/05\\\/la-cavitation.jpg\",\"width\":1920,\"height\":508},{\"@type\":\"BreadcrumbList\",\"@id\":\"https:\\\/\\\/newonebyc.mu\\\/la-cavitation\\\/#breadcrumb\",\"itemListElement\":[{\"@type\":\"ListItem\",\"position\":1,\"name\":\"Home\",\"item\":\"https:\\\/\\\/newonebyc.mu\\\/\"},{\"@type\":\"ListItem\",\"position\":2,\"name\":\"La Cavitation\"}]},{\"@type\":\"WebSite\",\"@id\":\"https:\\\/\\\/newonebyc.mu\\\/#website\",\"url\":\"https:\\\/\\\/newonebyc.mu\\\/\",\"name\":\"NewOneByC\",\"description\":\"M\u00e9decine Esth\u00e9tique \u00e0 Maurice\",\"publisher\":{\"@id\":\"https:\\\/\\\/newonebyc.mu\\\/#organization\"},\"potentialAction\":[{\"@type\":\"SearchAction\",\"target\":{\"@type\":\"EntryPoint\",\"urlTemplate\":\"https:\\\/\\\/newonebyc.mu\\\/?s={search_term_string}\"},\"query-input\":{\"@type\":\"PropertyValueSpecification\",\"valueRequired\":true,\"valueName\":\"search_term_string\"}}],\"inLanguage\":\"en-US\"},{\"@type\":\"Organization\",\"@id\":\"https:\\\/\\\/newonebyc.mu\\\/#organization\",\"name\":\"NewOneByC\",\"url\":\"https:\\\/\\\/newonebyc.mu\\\/\",\"logo\":{\"@type\":\"ImageObject\",\"inLanguage\":\"en-US\",\"@id\":\"https:\\\/\\\/newonebyc.mu\\\/#\\\/schema\\\/logo\\\/image\\\/\",\"url\":\"http:\\\/\\\/newonebyc.mu\\\/wp-content\\\/uploads\\\/2022\\\/11\\\/social.png\",\"contentUrl\":\"http:\\\/\\\/newonebyc.mu\\\/wp-content\\\/uploads\\\/2022\\\/11\\\/social.png\",\"width\":1200,\"height\":628,\"caption\":\"NewOneByC\"},\"image\":{\"@id\":\"https:\\\/\\\/newonebyc.mu\\\/#\\\/schema\\\/logo\\\/image\\\/\"}}]}<\/script>\n<!-- \/ Yoast SEO plugin. -->","yoast_head_json":{"title":"Cavitation - NewOneByC","description":"Cavitation allows the treatment of localized fatty overloads and the reduction of accumulated layers thanks to the propagation of low frequency sound waves.","robots":{"index":"index","follow":"follow","max-snippet":"max-snippet:-1","max-image-preview":"max-image-preview:large","max-video-preview":"max-video-preview:-1"},"canonical":"https:\/\/newonebyc.mu\/en\/la-cavitation\/","og_locale":"en_US","og_type":"article","og_title":"La Cavitation - NewOneByC","og_description":"La cavitation permet le traitement des surcharges graisseuses localis\u00e9es et la r\u00e9duction des couches accumul\u00e9es gr\u00e2ce \u00e0 la propagation d\u2019ondes sonores basse fr\u00e9quence.","og_url":"https:\/\/newonebyc.mu\/en\/la-cavitation\/","og_site_name":"NewOneByC","article_modified_time":"2023-06-01T16:44:43+00:00","og_image":[{"width":550,"height":367,"url":"https:\/\/newonebyc.mu\/wp-content\/uploads\/2023\/05\/cavitation.jpg","type":"image\/jpeg"}],"twitter_card":"summary_large_image","twitter_title":"La Cavitation - NewOneByC","twitter_description":"La cavitation permet le traitement des surcharges graisseuses localis\u00e9es et la r\u00e9duction des couches accumul\u00e9es gr\u00e2ce \u00e0 la propagation d\u2019ondes sonores basse fr\u00e9quence.","twitter_image":"https:\/\/newonebyc.mu\/wp-content\/uploads\/2023\/05\/cavitation.jpg","twitter_misc":{"Est. reading time":"3 minutes"},"schema":{"@context":"https:\/\/schema.org","@graph":[{"@type":"WebPage","@id":"https:\/\/newonebyc.mu\/la-cavitation\/","url":"https:\/\/newonebyc.mu\/la-cavitation\/","name":"Cavitation - NewOneByC","isPartOf":{"@id":"https:\/\/newonebyc.mu\/#website"},"primaryImageOfPage":{"@id":"https:\/\/newonebyc.mu\/la-cavitation\/#primaryimage"},"image":{"@id":"https:\/\/newonebyc.mu\/la-cavitation\/#primaryimage"},"thumbnailUrl":"https:\/\/newonebyc.mu\/wp-content\/uploads\/2023\/05\/la-cavitation.jpg","datePublished":"2023-05-20T05:16:34+00:00","dateModified":"2023-06-01T16:44:43+00:00","description":"Cavitation allows the treatment of localized fatty overloads and the reduction of accumulated layers thanks to the propagation of low frequency sound waves.","breadcrumb":{"@id":"https:\/\/newonebyc.mu\/la-cavitation\/#breadcrumb"},"inLanguage":"en-US","potentialAction":[{"@type":"ReadAction","target":["https:\/\/newonebyc.mu\/la-cavitation\/"]}]},{"@type":"ImageObject","inLanguage":"en-US","@id":"https:\/\/newonebyc.mu\/la-cavitation\/#primaryimage","url":"https:\/\/newonebyc.mu\/wp-content\/uploads\/2023\/05\/la-cavitation.jpg","contentUrl":"https:\/\/newonebyc.mu\/wp-content\/uploads\/2023\/05\/la-cavitation.jpg","width":1920,"height":508},{"@type":"BreadcrumbList","@id":"https:\/\/newonebyc.mu\/la-cavitation\/#breadcrumb","itemListElement":[{"@type":"ListItem","position":1,"name":"Home","item":"https:\/\/newonebyc.mu\/"},{"@type":"ListItem","position":2,"name":"La Cavitation"}]},{"@type":"WebSite","@id":"https:\/\/newonebyc.mu\/#website","url":"https:\/\/newonebyc.mu\/","name":"NewOneByC","description":"Aesthetic Medicine in Mauritius","publisher":{"@id":"https:\/\/newonebyc.mu\/#organization"},"potentialAction":[{"@type":"SearchAction","target":{"@type":"EntryPoint","urlTemplate":"https:\/\/newonebyc.mu\/?s={search_term_string}"},"query-input":{"@type":"PropertyValueSpecification","valueRequired":true,"valueName":"search_term_string"}}],"inLanguage":"en-US"},{"@type":"Organization","@id":"https:\/\/newonebyc.mu\/#organization","name":"NewOneByC","url":"https:\/\/newonebyc.mu\/","logo":{"@type":"ImageObject","inLanguage":"en-US","@id":"https:\/\/newonebyc.mu\/#\/schema\/logo\/image\/","url":"http:\/\/newonebyc.mu\/wp-content\/uploads\/2022\/11\/social.png","contentUrl":"http:\/\/newonebyc.mu\/wp-content\/uploads\/2022\/11\/social.png","width":1200,"height":628,"caption":"NewOneByC"},"image":{"@id":"https:\/\/newonebyc.mu\/#\/schema\/logo\/image\/"}}]}},"_links":{"self":[{"href":"https:\/\/newonebyc.mu\/en\/wp-json\/wp\/v2\/pages\/2467","targetHints":{"allow":["GET"]}}],"collection":[{"href":"https:\/\/newonebyc.mu\/en\/wp-json\/wp\/v2\/pages"}],"about":[{"href":"https:\/\/newonebyc.mu\/en\/wp-json\/wp\/v2\/types\/page"}],"author":[{"embeddable":true,"href":"https:\/\/newonebyc.mu\/en\/wp-json\/wp\/v2\/users\/1"}],"replies":[{"embeddable":true,"href":"https:\/\/newonebyc.mu\/en\/wp-json\/wp\/v2\/comments?post=2467"}],"version-history":[{"count":0,"href":"https:\/\/newonebyc.mu\/en\/wp-json\/wp\/v2\/pages\/2467\/revisions"}],"wp:featuredmedia":[{"embeddable":true,"href":"https:\/\/newonebyc.mu\/en\/wp-json\/wp\/v2\/media\/2509"}],"wp:attachment":[{"href":"https:\/\/newonebyc.mu\/en\/wp-json\/wp\/v2\/media?parent=2467"}],"curies":[{"name":"wp","href":"https:\/\/api.w.org\/{rel}","templated":true}]}}